{"id":1620,"date":"2024-08-22T11:49:57","date_gmt":"2024-08-22T11:49:57","guid":{"rendered":"https:\/\/blaakors.no\/arbeid-og-inkludering\/?page_id=1620"},"modified":"2024-10-18T11:21:37","modified_gmt":"2024-10-18T11:21:37","slug":"arbeidstrening-og-laerebedrift","status":"publish","type":"page","link":"https:\/\/blaakors.no\/arbeid-og-inkludering\/arbeidstrening-og-laerebedrift\/","title":{"rendered":"Arbeidstrening og l\u00e6rebedrift"},"content":{"rendered":"\n<div class=\"wp-block-group alignfull has-light-beige-background-color has-background has-global-padding is-layout-constrained wp-block-group-is-layout-constrained\">\n<div style=\"height:200px\" aria-hidden=\"true\" class=\"wp-block-spacer\"><\/div>\n\n\n\n<div style=\"height:40px\" aria-hidden=\"true\" class=\"wp-block-spacer hide-mobile\"><\/div>\n\n\n\n<div class=\"wp-block-columns alignwide has-beige-background-color has-background is-layout-flex wp-container-core-columns-is-layout-2 wp-block-columns-is-layout-flex\" style=\"border-radius:15px;padding-top:0;padding-right:0;padding-bottom:0;padding-left:0\">\n<div class=\"wp-block-column is-layout-flow wp-block-column-is-layout-flow\">\n<div class=\"wp-block-columns is-layout-flex wp-container-core-columns-is-layout-1 wp-block-columns-is-layout-flex\">\n<div class=\"wp-block-column is-vertically-aligned-center is-layout-flow wp-block-column-is-layout-flow\" style=\"padding-top:var(--wp--preset--spacing--50);padding-right:var(--wp--preset--spacing--50);padding-bottom:var(--wp--preset--spacing--50);padding-left:var(--wp--preset--spacing--50)\">\n<h2 class=\"wp-block-heading has-sentinel-font-family\">Arbeidstrening og l\u00e6rebedrift<\/h2>\n\n\n\n<p>Arbeidstreningsarenaene har tilrettelagt arbeidsmilj\u00f8 med mulighet for kartlegging, utpr\u00f8ving og utvikling av individuelle ferdigheter, mot en gradvis tiln\u00e6rming til ordin\u00e6rt arbeidsliv.<\/p>\n<\/div>\n\n\n\n<div class=\"wp-block-column is-vertically-aligned-center is-layout-flow wp-block-column-is-layout-flow\">\n<div class=\"wp-block-cover is-light image-cover-mobile\" style=\"border-top-left-radius:0px;border-top-right-radius:15px;border-bottom-left-radius:0px;border-bottom-right-radius:15px;min-height:559px;aspect-ratio:unset;\"><span aria-hidden=\"true\" class=\"wp-block-cover__background has-background-dim-0 has-background-dim\" style=\"background-color:#b8a786\"><\/span><img loading=\"lazy\" decoding=\"async\" width=\"1731\" height=\"1154\" class=\"wp-block-cover__image-background wp-image-2102\" alt=\"\" src=\"https:\/\/blaakors.no\/arbeid-og-inkludering\/wp-content\/uploads\/sites\/2\/2024\/10\/Hjemmeside_Sarpsborg_web-27.jpg\" data-object-fit=\"cover\" srcset=\"https:\/\/blaakors.no\/arbeid-og-inkludering\/wp-content\/uploads\/sites\/2\/2024\/10\/Hjemmeside_Sarpsborg_web-27.jpg 1731w, https:\/\/blaakors.no\/arbeid-og-inkludering\/wp-content\/uploads\/sites\/2\/2024\/10\/Hjemmeside_Sarpsborg_web-27-300x200.jpg 300w, https:\/\/blaakors.no\/arbeid-og-inkludering\/wp-content\/uploads\/sites\/2\/2024\/10\/Hjemmeside_Sarpsborg_web-27-1024x683.jpg 1024w, https:\/\/blaakors.no\/arbeid-og-inkludering\/wp-content\/uploads\/sites\/2\/2024\/10\/Hjemmeside_Sarpsborg_web-27-768x512.jpg 768w, https:\/\/blaakors.no\/arbeid-og-inkludering\/wp-content\/uploads\/sites\/2\/2024\/10\/Hjemmeside_Sarpsborg_web-27-1536x1024.jpg 1536w\" sizes=\"auto, (max-width: 1731px) 100vw, 1731px\" \/><div class=\"wp-block-cover__inner-container has-global-padding is-layout-constrained wp-block-cover-is-layout-constrained\">\n<p class=\"has-text-align-center has-large-font-size\"><\/p>\n<\/div><\/div>\n<\/div>\n<\/div>\n<\/div>\n<\/div>\n\n\n\n<div style=\"height:50px\" aria-hidden=\"true\" class=\"wp-block-spacer\"><\/div>\n\n\n\n<div style=\"height:50px\" aria-hidden=\"true\" class=\"wp-block-spacer hide-mobile\"><\/div>\n<\/div>\n\n\n\n<div class=\"wp-block-group has-global-padding is-layout-constrained wp-block-group-is-layout-constrained\">\n<div style=\"height:50px\" aria-hidden=\"true\" class=\"wp-block-spacer\"><\/div>\n\n\n\n<div style=\"height:50px\" aria-hidden=\"true\" class=\"wp-block-spacer hide-mobile\"><\/div>\n\n\n\n<p>Det gis tett og systematisk oppf\u00f8lging i samarbeid med veis\u00f8ker. Arenaene kan legge til rette for yrkesfaglige l\u00f8p og oppl\u00e6ring\/utdanning.<\/p>\n\n\n\n<p>Bl\u00e5 Kors Arbeid og inkludering er godkjent l\u00e6rebedrift innen fagene Salg og Service, og Renhold. Vi gir mulighet til \u00e5 formalisere kompetanse ved \u00e5 ta fagbrev som l\u00e6rling, eller kompetansebevis som l\u00e6rekandidat p\u00e5 v\u00e5re arbeidstreningsarenaer, gjenbruksbutikken og vaskeriet.<\/p>\n\n\n\n<div style=\"height:50px\" aria-hidden=\"true\" class=\"wp-block-spacer\"><\/div>\n\n\n\n<div style=\"height:50px\" aria-hidden=\"true\" class=\"wp-block-spacer hide-mobile\"><\/div>\n\n\n\n<div class=\"wp-block-columns is-layout-flex wp-container-core-columns-is-layout-3 wp-block-columns-is-layout-flex\">\n<div class=\"wp-block-column is-layout-flow wp-block-column-is-layout-flow\">\n<h2 class=\"wp-block-heading has-sentinel-font-family\">Tante Bl\u00e5 Gjenbruk<\/h2>\n\n\n\n<p>V\u00e5r gjenbruksbutikk ligger p\u00e5 Stortorvet i Fredrikstad sentrum. Arbeidsveiledere har ansvar for \u00e5 drive butikken og for tilrettelegging, og oppl\u00e6ring av veis\u00f8kere i arbeidstrening. Arbeidsveileder og veileder samarbeider i oppf\u00f8lgingen av veis\u00f8ker i henhold til den enkeltes jobbplan. Arbeidsoppgavene i gjenbruksbutikken er alt fra henting og utkj\u00f8ring av varer, klargj\u00f8ring av varer i butikk, vareplassering og utstilling, og kundebehandling\/salg.<\/p>\n\n\n\n<p><a href=\"https:\/\/www.facebook.com\/blaakorsgjenbruk\">Facebook<\/a><\/p>\n<\/div>\n\n\n\n<div class=\"wp-block-column is-layout-flow wp-block-column-is-layout-flow\" style=\"flex-basis:15px\"><\/div>\n\n\n\n<div class=\"wp-block-column is-vertically-aligned-center is-layout-flow wp-block-column-is-layout-flow\">\n<figure class=\"wp-block-image size-full has-custom-border\"><img loading=\"lazy\" decoding=\"async\" width=\"2121\" height=\"1414\" src=\"https:\/\/blaakors.no\/arbeid-og-inkludering\/wp-content\/uploads\/sites\/2\/2024\/09\/TanteBla_webfiler-8.jpg\" alt=\"\" class=\"wp-image-1914\" style=\"border-radius:15px\" srcset=\"https:\/\/blaakors.no\/arbeid-og-inkludering\/wp-content\/uploads\/sites\/2\/2024\/09\/TanteBla_webfiler-8.jpg 2121w, https:\/\/blaakors.no\/arbeid-og-inkludering\/wp-content\/uploads\/sites\/2\/2024\/09\/TanteBla_webfiler-8-300x200.jpg 300w, https:\/\/blaakors.no\/arbeid-og-inkludering\/wp-content\/uploads\/sites\/2\/2024\/09\/TanteBla_webfiler-8-1024x683.jpg 1024w, https:\/\/blaakors.no\/arbeid-og-inkludering\/wp-content\/uploads\/sites\/2\/2024\/09\/TanteBla_webfiler-8-768x512.jpg 768w, https:\/\/blaakors.no\/arbeid-og-inkludering\/wp-content\/uploads\/sites\/2\/2024\/09\/TanteBla_webfiler-8-1536x1024.jpg 1536w, https:\/\/blaakors.no\/arbeid-og-inkludering\/wp-content\/uploads\/sites\/2\/2024\/09\/TanteBla_webfiler-8-2048x1365.jpg 2048w\" sizes=\"auto, (max-width: 2121px) 100vw, 2121px\" \/><\/figure>\n<\/div>\n<\/div>\n\n\n\n<div style=\"height:50px\" aria-hidden=\"true\" class=\"wp-block-spacer\"><\/div>\n\n\n\n<div style=\"height:50px\" aria-hidden=\"true\" class=\"wp-block-spacer hide-mobile\"><\/div>\n\n\n\n<hr class=\"wp-block-separator has-alpha-channel-opacity is-style-wide\" \/>\n\n\n\n<div style=\"height:50px\" aria-hidden=\"true\" class=\"wp-block-spacer\"><\/div>\n\n\n\n<div style=\"height:50px\" aria-hidden=\"true\" class=\"wp-block-spacer hide-mobile\"><\/div>\n\n\n\n<div class=\"wp-block-columns is-layout-flex wp-container-core-columns-is-layout-4 wp-block-columns-is-layout-flex\">\n<div class=\"wp-block-column is-layout-flow wp-block-column-is-layout-flow\">\n<h2 class=\"wp-block-heading has-sentinel-font-family\"><strong>Suverent Vaskeri<\/strong><\/h2>\n\n\n\n<p>Vaskeriet ligger i underetasjen i Mosseveien 37 i Fredrikstad. Arbeidsveileder har ansvar for drift av vaskeriet og for tilrettelegging og oppl\u00e6ring av veis\u00f8kere i arbeidstrening. Arbeidsveileder og veileder samarbeider i oppf\u00f8lgingen av veis\u00f8ker i henhold til den enkeltes jobbplan. Vaskeriet har b\u00e5de bedriftskunder og private kunder. Arbeidsoppgaver best\u00e5r av alt fra henting og utkj\u00f8ring av varer, kundebehandling, vask, rens, stryke, rulle og brette kl\u00e6r og klargj\u00f8ring til kunder.<\/p>\n\n\n\n<p><strong>Ta kontakt med vaskeriet p\u00e5 <a href=\"tel:69 30 18 26\">69 30 18 26<\/a><\/strong><\/p>\n\n\n\n<div style=\"height:10px\" aria-hidden=\"true\" class=\"wp-block-spacer\"><\/div>\n<\/div>\n\n\n\n<div class=\"wp-block-column is-layout-flow wp-block-column-is-layout-flow\" style=\"flex-basis:15px\"><\/div>\n\n\n\n<div class=\"wp-block-column is-vertically-aligned-center is-layout-flow wp-block-column-is-layout-flow\">\n<figure class=\"wp-block-image size-full has-custom-border\"><img loading=\"lazy\" decoding=\"async\" width=\"2560\" height=\"2560\" src=\"https:\/\/blaakors.no\/arbeid-og-inkludering\/wp-content\/uploads\/sites\/2\/2024\/09\/Vaskeriet-23-3-scaled-1.jpg\" alt=\"\" class=\"wp-image-1915\" style=\"border-radius:15px\" srcset=\"https:\/\/blaakors.no\/arbeid-og-inkludering\/wp-content\/uploads\/sites\/2\/2024\/09\/Vaskeriet-23-3-scaled-1.jpg 2560w, https:\/\/blaakors.no\/arbeid-og-inkludering\/wp-content\/uploads\/sites\/2\/2024\/09\/Vaskeriet-23-3-scaled-1-300x300.jpg 300w, https:\/\/blaakors.no\/arbeid-og-inkludering\/wp-content\/uploads\/sites\/2\/2024\/09\/Vaskeriet-23-3-scaled-1-1024x1024.jpg 1024w, https:\/\/blaakors.no\/arbeid-og-inkludering\/wp-content\/uploads\/sites\/2\/2024\/09\/Vaskeriet-23-3-scaled-1-150x150.jpg 150w, https:\/\/blaakors.no\/arbeid-og-inkludering\/wp-content\/uploads\/sites\/2\/2024\/09\/Vaskeriet-23-3-scaled-1-768x768.jpg 768w, https:\/\/blaakors.no\/arbeid-og-inkludering\/wp-content\/uploads\/sites\/2\/2024\/09\/Vaskeriet-23-3-scaled-1-1536x1536.jpg 1536w, https:\/\/blaakors.no\/arbeid-og-inkludering\/wp-content\/uploads\/sites\/2\/2024\/09\/Vaskeriet-23-3-scaled-1-2048x2048.jpg 2048w\" sizes=\"auto, (max-width: 2560px) 100vw, 2560px\" \/><\/figure>\n<\/div>\n<\/div>\n\n\n\n<div style=\"height:50px\" aria-hidden=\"true\" class=\"wp-block-spacer\"><\/div>\n\n\n\n<div style=\"height:50px\" aria-hidden=\"true\" class=\"wp-block-spacer hide-mobile\"><\/div>\n<\/div>\n","protected":false},"excerpt":{"rendered":"<p>Arbeidstrening og l\u00e6rebedrift Arbeidstreningsarenaene har tilrettelagt arbeidsmilj\u00f8 med mulighet for kartlegging, utpr\u00f8ving og utvikling av individuelle ferdigheter, mot en gradvis tiln\u00e6rming til ordin\u00e6rt arbeidsliv. Det gis tett og systematisk oppf\u00f8lging i samarbeid med veis\u00f8ker. Arenaene kan legge til rette for yrkesfaglige l\u00f8p og oppl\u00e6ring\/utdanning. Bl\u00e5 Kors Arbeid og inkludering er godkjent l\u00e6rebedrift innen fagene Salg [&hellip;]<\/p>\n","protected":false},"author":1,"featured_media":0,"parent":0,"menu_order":0,"comment_status":"closed","ping_status":"closed","template":"","meta":{"inline_featured_image":false,"_exactmetrics_skip_tracking":false,"_exactmetrics_sitenote_active":false,"_exactmetrics_sitenote_note":"","_exactmetrics_sitenote_category":0,"footnotes":""},"class_list":["post-1620","page","type-page","status-publish","hentry"],"yoast_head":"<!-- This site is optimized with the Yoast SEO plugin v26.6 - https:\/\/yoast.com\/wordpress\/plugins\/seo\/ -->\n<title>Arbeidstrening og l\u00e6rebedrift - Arbeid og inkludering<\/title>\n<meta name=\"robots\" content=\"index, follow, max-snippet:-1, max-image-preview:large, max-video-preview:-1\" \/>\n<link rel=\"canonical\" href=\"https:\/\/blaakors.no\/arbeid-og-inkludering\/arbeidstrening-og-laerebedrift\/\" \/>\n<meta property=\"og:locale\" content=\"nb_NO\" \/>\n<meta property=\"og:type\" content=\"article\" \/>\n<meta property=\"og:title\" content=\"Arbeidstrening og l\u00e6rebedrift - Arbeid og inkludering\" \/>\n<meta property=\"og:description\" content=\"Arbeidstrening og l\u00e6rebedrift Arbeidstreningsarenaene har tilrettelagt arbeidsmilj\u00f8 med mulighet for kartlegging, utpr\u00f8ving og utvikling av individuelle ferdigheter, mot en gradvis tiln\u00e6rming til ordin\u00e6rt arbeidsliv. Det gis tett og systematisk oppf\u00f8lging i samarbeid med veis\u00f8ker. Arenaene kan legge til rette for yrkesfaglige l\u00f8p og oppl\u00e6ring\/utdanning. Bl\u00e5 Kors Arbeid og inkludering er godkjent l\u00e6rebedrift innen fagene Salg [&hellip;]\" \/>\n<meta property=\"og:url\" content=\"https:\/\/blaakors.no\/arbeid-og-inkludering\/arbeidstrening-og-laerebedrift\/\" \/>\n<meta property=\"og:site_name\" content=\"Arbeid og inkludering\" \/>\n<meta property=\"article:modified_time\" content=\"2024-10-18T11:21:37+00:00\" \/>\n<meta property=\"og:image\" content=\"https:\/\/blaakors.no\/arbeid-og-inkludering\/wp-content\/uploads\/sites\/2\/2024\/10\/Hjemmeside_Sarpsborg_web-27.jpg\" \/>\n<meta name=\"twitter:card\" content=\"summary_large_image\" \/>\n<meta name=\"twitter:label1\" content=\"Ansl. lesetid\" \/>\n\t<meta name=\"twitter:data1\" content=\"2 minutter\" \/>\n<script type=\"application\/ld+json\" class=\"yoast-schema-graph\">{\"@context\":\"https:\/\/schema.org\",\"@graph\":[{\"@type\":\"WebPage\",\"@id\":\"https:\/\/blaakors.no\/arbeid-og-inkludering\/arbeidstrening-og-laerebedrift\/\",\"url\":\"https:\/\/blaakors.no\/arbeid-og-inkludering\/arbeidstrening-og-laerebedrift\/\",\"name\":\"Arbeidstrening og l\u00e6rebedrift - Arbeid og inkludering\",\"isPartOf\":{\"@id\":\"https:\/\/blaakors.no\/arbeid-og-inkludering\/#website\"},\"primaryImageOfPage\":{\"@id\":\"https:\/\/blaakors.no\/arbeid-og-inkludering\/arbeidstrening-og-laerebedrift\/#primaryimage\"},\"image\":{\"@id\":\"https:\/\/blaakors.no\/arbeid-og-inkludering\/arbeidstrening-og-laerebedrift\/#primaryimage\"},\"thumbnailUrl\":\"https:\/\/blaakors.no\/arbeid-og-inkludering\/wp-content\/uploads\/sites\/2\/2024\/10\/Hjemmeside_Sarpsborg_web-27.jpg\",\"datePublished\":\"2024-08-22T11:49:57+00:00\",\"dateModified\":\"2024-10-18T11:21:37+00:00\",\"breadcrumb\":{\"@id\":\"https:\/\/blaakors.no\/arbeid-og-inkludering\/arbeidstrening-og-laerebedrift\/#breadcrumb\"},\"inLanguage\":\"nb-NO\",\"potentialAction\":[{\"@type\":\"ReadAction\",\"target\":[\"https:\/\/blaakors.no\/arbeid-og-inkludering\/arbeidstrening-og-laerebedrift\/\"]}]},{\"@type\":\"ImageObject\",\"inLanguage\":\"nb-NO\",\"@id\":\"https:\/\/blaakors.no\/arbeid-og-inkludering\/arbeidstrening-og-laerebedrift\/#primaryimage\",\"url\":\"https:\/\/blaakors.no\/arbeid-og-inkludering\/wp-content\/uploads\/sites\/2\/2024\/10\/Hjemmeside_Sarpsborg_web-27.jpg\",\"contentUrl\":\"https:\/\/blaakors.no\/arbeid-og-inkludering\/wp-content\/uploads\/sites\/2\/2024\/10\/Hjemmeside_Sarpsborg_web-27.jpg\",\"width\":1731,\"height\":1154},{\"@type\":\"BreadcrumbList\",\"@id\":\"https:\/\/blaakors.no\/arbeid-og-inkludering\/arbeidstrening-og-laerebedrift\/#breadcrumb\",\"itemListElement\":[{\"@type\":\"ListItem\",\"position\":1,\"name\":\"Hjem\",\"item\":\"https:\/\/blaakors.no\/arbeid-og-inkludering\/\"},{\"@type\":\"ListItem\",\"position\":2,\"name\":\"Arbeidstrening og l\u00e6rebedrift\"}]},{\"@type\":\"WebSite\",\"@id\":\"https:\/\/blaakors.no\/arbeid-og-inkludering\/#website\",\"url\":\"https:\/\/blaakors.no\/arbeid-og-inkludering\/\",\"name\":\"Arbeid og inkludering\",\"description\":\"I sentrum st\u00e5r et menneske\",\"publisher\":{\"@id\":\"https:\/\/blaakors.no\/arbeid-og-inkludering\/#organization\"},\"potentialAction\":[{\"@type\":\"SearchAction\",\"target\":{\"@type\":\"EntryPoint\",\"urlTemplate\":\"https:\/\/blaakors.no\/arbeid-og-inkludering\/?s={search_term_string}\"},\"query-input\":{\"@type\":\"PropertyValueSpecification\",\"valueRequired\":true,\"valueName\":\"search_term_string\"}}],\"inLanguage\":\"nb-NO\"},{\"@type\":\"Organization\",\"@id\":\"https:\/\/blaakors.no\/arbeid-og-inkludering\/#organization\",\"name\":\"Arbeid og inkludering\",\"url\":\"https:\/\/blaakors.no\/arbeid-og-inkludering\/\",\"logo\":{\"@type\":\"ImageObject\",\"inLanguage\":\"nb-NO\",\"@id\":\"https:\/\/blaakors.no\/arbeid-og-inkludering\/#\/schema\/logo\/image\/\",\"url\":\"https:\/\/blaakors.no\/arbeid-og-inkludering\/wp-content\/uploads\/sites\/2\/2024\/09\/Bla-kors-logo-fredrikstad.svg\",\"contentUrl\":\"https:\/\/blaakors.no\/arbeid-og-inkludering\/wp-content\/uploads\/sites\/2\/2024\/09\/Bla-kors-logo-fredrikstad.svg\",\"caption\":\"Arbeid og inkludering\"},\"image\":{\"@id\":\"https:\/\/blaakors.no\/arbeid-og-inkludering\/#\/schema\/logo\/image\/\"}}]}<\/script>\n<!-- \/ Yoast SEO plugin. -->","yoast_head_json":{"title":"Arbeidstrening og l\u00e6rebedrift - Arbeid og inkludering","robots":{"index":"index","follow":"follow","max-snippet":"max-snippet:-1","max-image-preview":"max-image-preview:large","max-video-preview":"max-video-preview:-1"},"canonical":"https:\/\/blaakors.no\/arbeid-og-inkludering\/arbeidstrening-og-laerebedrift\/","og_locale":"nb_NO","og_type":"article","og_title":"Arbeidstrening og l\u00e6rebedrift - Arbeid og inkludering","og_description":"Arbeidstrening og l\u00e6rebedrift Arbeidstreningsarenaene har tilrettelagt arbeidsmilj\u00f8 med mulighet for kartlegging, utpr\u00f8ving og utvikling av individuelle ferdigheter, mot en gradvis tiln\u00e6rming til ordin\u00e6rt arbeidsliv. Det gis tett og systematisk oppf\u00f8lging i samarbeid med veis\u00f8ker. Arenaene kan legge til rette for yrkesfaglige l\u00f8p og oppl\u00e6ring\/utdanning. Bl\u00e5 Kors Arbeid og inkludering er godkjent l\u00e6rebedrift innen fagene Salg [&hellip;]","og_url":"https:\/\/blaakors.no\/arbeid-og-inkludering\/arbeidstrening-og-laerebedrift\/","og_site_name":"Arbeid og inkludering","article_modified_time":"2024-10-18T11:21:37+00:00","og_image":[{"url":"https:\/\/blaakors.no\/arbeid-og-inkludering\/wp-content\/uploads\/sites\/2\/2024\/10\/Hjemmeside_Sarpsborg_web-27.jpg","type":"","width":"","height":""}],"twitter_card":"summary_large_image","twitter_misc":{"Ansl. lesetid":"2 minutter"},"schema":{"@context":"https:\/\/schema.org","@graph":[{"@type":"WebPage","@id":"https:\/\/blaakors.no\/arbeid-og-inkludering\/arbeidstrening-og-laerebedrift\/","url":"https:\/\/blaakors.no\/arbeid-og-inkludering\/arbeidstrening-og-laerebedrift\/","name":"Arbeidstrening og l\u00e6rebedrift - Arbeid og inkludering","isPartOf":{"@id":"https:\/\/blaakors.no\/arbeid-og-inkludering\/#website"},"primaryImageOfPage":{"@id":"https:\/\/blaakors.no\/arbeid-og-inkludering\/arbeidstrening-og-laerebedrift\/#primaryimage"},"image":{"@id":"https:\/\/blaakors.no\/arbeid-og-inkludering\/arbeidstrening-og-laerebedrift\/#primaryimage"},"thumbnailUrl":"https:\/\/blaakors.no\/arbeid-og-inkludering\/wp-content\/uploads\/sites\/2\/2024\/10\/Hjemmeside_Sarpsborg_web-27.jpg","datePublished":"2024-08-22T11:49:57+00:00","dateModified":"2024-10-18T11:21:37+00:00","breadcrumb":{"@id":"https:\/\/blaakors.no\/arbeid-og-inkludering\/arbeidstrening-og-laerebedrift\/#breadcrumb"},"inLanguage":"nb-NO","potentialAction":[{"@type":"ReadAction","target":["https:\/\/blaakors.no\/arbeid-og-inkludering\/arbeidstrening-og-laerebedrift\/"]}]},{"@type":"ImageObject","inLanguage":"nb-NO","@id":"https:\/\/blaakors.no\/arbeid-og-inkludering\/arbeidstrening-og-laerebedrift\/#primaryimage","url":"https:\/\/blaakors.no\/arbeid-og-inkludering\/wp-content\/uploads\/sites\/2\/2024\/10\/Hjemmeside_Sarpsborg_web-27.jpg","contentUrl":"https:\/\/blaakors.no\/arbeid-og-inkludering\/wp-content\/uploads\/sites\/2\/2024\/10\/Hjemmeside_Sarpsborg_web-27.jpg","width":1731,"height":1154},{"@type":"BreadcrumbList","@id":"https:\/\/blaakors.no\/arbeid-og-inkludering\/arbeidstrening-og-laerebedrift\/#breadcrumb","itemListElement":[{"@type":"ListItem","position":1,"name":"Hjem","item":"https:\/\/blaakors.no\/arbeid-og-inkludering\/"},{"@type":"ListItem","position":2,"name":"Arbeidstrening og l\u00e6rebedrift"}]},{"@type":"WebSite","@id":"https:\/\/blaakors.no\/arbeid-og-inkludering\/#website","url":"https:\/\/blaakors.no\/arbeid-og-inkludering\/","name":"Arbeid og inkludering","description":"I sentrum st\u00e5r et menneske","publisher":{"@id":"https:\/\/blaakors.no\/arbeid-og-inkludering\/#organization"},"potentialAction":[{"@type":"SearchAction","target":{"@type":"EntryPoint","urlTemplate":"https:\/\/blaakors.no\/arbeid-og-inkludering\/?s={search_term_string}"},"query-input":{"@type":"PropertyValueSpecification","valueRequired":true,"valueName":"search_term_string"}}],"inLanguage":"nb-NO"},{"@type":"Organization","@id":"https:\/\/blaakors.no\/arbeid-og-inkludering\/#organization","name":"Arbeid og inkludering","url":"https:\/\/blaakors.no\/arbeid-og-inkludering\/","logo":{"@type":"ImageObject","inLanguage":"nb-NO","@id":"https:\/\/blaakors.no\/arbeid-og-inkludering\/#\/schema\/logo\/image\/","url":"https:\/\/blaakors.no\/arbeid-og-inkludering\/wp-content\/uploads\/sites\/2\/2024\/09\/Bla-kors-logo-fredrikstad.svg","contentUrl":"https:\/\/blaakors.no\/arbeid-og-inkludering\/wp-content\/uploads\/sites\/2\/2024\/09\/Bla-kors-logo-fredrikstad.svg","caption":"Arbeid og inkludering"},"image":{"@id":"https:\/\/blaakors.no\/arbeid-og-inkludering\/#\/schema\/logo\/image\/"}}]}},"_links":{"self":[{"href":"https:\/\/blaakors.no\/arbeid-og-inkludering\/wp-json\/wp\/v2\/pages\/1620","targetHints":{"allow":["GET"]}}],"collection":[{"href":"https:\/\/blaakors.no\/arbeid-og-inkludering\/wp-json\/wp\/v2\/pages"}],"about":[{"href":"https:\/\/blaakors.no\/arbeid-og-inkludering\/wp-json\/wp\/v2\/types\/page"}],"author":[{"embeddable":true,"href":"https:\/\/blaakors.no\/arbeid-og-inkludering\/wp-json\/wp\/v2\/users\/1"}],"replies":[{"embeddable":true,"href":"https:\/\/blaakors.no\/arbeid-og-inkludering\/wp-json\/wp\/v2\/comments?post=1620"}],"version-history":[{"count":14,"href":"https:\/\/blaakors.no\/arbeid-og-inkludering\/wp-json\/wp\/v2\/pages\/1620\/revisions"}],"predecessor-version":[{"id":2103,"href":"https:\/\/blaakors.no\/arbeid-og-inkludering\/wp-json\/wp\/v2\/pages\/1620\/revisions\/2103"}],"wp:attachment":[{"href":"https:\/\/blaakors.no\/arbeid-og-inkludering\/wp-json\/wp\/v2\/media?parent=1620"}],"curies":[{"name":"wp","href":"https:\/\/api.w.org\/{rel}","templated":true}]}}