{"id":17,"date":"2024-08-21T11:00:55","date_gmt":"2024-08-21T11:00:55","guid":{"rendered":"https:\/\/blaakors.no\/arbeid-og-inkludering\/?page_id=17"},"modified":"2024-10-18T11:14:35","modified_gmt":"2024-10-18T11:14:35","slug":"kontakt","status":"publish","type":"page","link":"https:\/\/blaakors.no\/arbeid-og-inkludering\/kontakt\/","title":{"rendered":"Kontakt"},"content":{"rendered":"\n<div class=\"wp-block-group alignfull has-light-beige-background-color has-background has-global-padding is-layout-constrained wp-block-group-is-layout-constrained\">\n<div style=\"height:160px\" aria-hidden=\"true\" class=\"wp-block-spacer\"><\/div>\n\n\n\n<div style=\"height:80px\" aria-hidden=\"true\" class=\"wp-block-spacer hide-mobile\"><\/div>\n\n\n\n<div class=\"wp-block-group has-global-padding is-layout-constrained wp-block-group-is-layout-constrained\">\n<div class=\"wp-block-columns is-layout-flex wp-container-core-columns-is-layout-1 wp-block-columns-is-layout-flex\">\n<div class=\"wp-block-column is-layout-flow wp-block-column-is-layout-flow\">\n<h2 class=\"wp-block-heading has-sentinel-font-family\">Ta kontakt med oss<\/h2>\n<\/div>\n<\/div>\n\n\n\n<div style=\"height:20px\" aria-hidden=\"true\" class=\"wp-block-spacer\"><\/div>\n\n\n\n<div style=\"height:20px\" aria-hidden=\"true\" class=\"wp-block-spacer hide-mobile\"><\/div>\n\n\n\n<div class=\"wp-block-columns is-layout-flex wp-container-core-columns-is-layout-2 wp-block-columns-is-layout-flex\">\n<div class=\"wp-block-column is-layout-flow wp-block-column-is-layout-flow\" style=\"padding-right:0;padding-left:0\">\n<p style=\"font-size:clamp(0.929rem, 0.929rem + ((1vw - 0.2rem) * 0.454), 1.4rem);\">Bl\u00e5 Kors&nbsp;<strong>arbeid og inkludering |&nbsp;<\/strong><em>Fredrikstad<\/em><\/p>\n\n\n\n<p>Postboks 585<br>1612 Fredrikstad<\/p>\n\n\n\n<p>Bes\u00f8ksadresse:<br>Mosseveien 37, 1610 Fredrikstad<\/p>\n\n\n\n<p>Telefon: 69 30 18 10<\/p>\n\n\n\n<p><a href=\"mailto:arbeidoginkludering@blaakors.no\">arbeidoginkludering@blaakors.no<\/a><\/p>\n<\/div>\n\n\n\n<div class=\"wp-block-column is-layout-flow wp-block-column-is-layout-flow\" style=\"flex-basis:30px\"><\/div>\n\n\n\n<div class=\"wp-block-column is-vertically-aligned-top is-layout-flow wp-block-column-is-layout-flow\">\n<p style=\"font-size:clamp(0.929rem, 0.929rem + ((1vw - 0.2rem) * 0.454), 1.4rem);\">Bl\u00e5 Kors&nbsp;<strong>arbeid og inkludering<\/strong>&nbsp;| <em>Sarpsborg<\/em><\/p>\n\n\n\n<p>Torggata 12<br>1707 Sarpsborg<\/p>\n\n\n\n<p>Bes\u00f8ksadresse:<br>Torggata 12, 1707 Sarpsborg<\/p>\n\n\n\n<p>Telefon: 69 97 19 90<\/p>\n\n\n\n<p><a href=\"mailto:arbeidoginkludering@blaakors.no\">arbeidoginkludering@blaakors.no<\/a><\/p>\n<\/div>\n<\/div>\n\n\n\n<div style=\"height:40px\" aria-hidden=\"true\" class=\"wp-block-spacer\"><\/div>\n\n\n\n<div class=\"wp-block-columns is-layout-flex wp-container-core-columns-is-layout-3 wp-block-columns-is-layout-flex\">\n<div class=\"wp-block-column is-layout-flow wp-block-column-is-layout-flow\" style=\"padding-right:0;padding-left:0\">\n<p>Ikke send sensitive eller taushetsbelagte opplysninger p\u00e5 mail<\/p>\n<\/div>\n<\/div>\n<\/div>\n\n\n\n<div style=\"height:37px\" aria-hidden=\"true\" class=\"wp-block-spacer\"><\/div>\n\n\n\n<div class=\"wp-block-group has-global-padding is-layout-constrained wp-block-group-is-layout-constrained\" style=\"padding-top:var(--wp--preset--spacing--50);padding-bottom:var(--wp--preset--spacing--50)\">\n<div class=\"wp-block-columns is-layout-flex wp-container-core-columns-is-layout-4 wp-block-columns-is-layout-flex\">\n<div class=\"wp-block-column is-layout-flow wp-block-column-is-layout-flow\">\n<figure class=\"wp-block-image size-full is-resized\"><img loading=\"lazy\" decoding=\"async\" width=\"540\" height=\"316\" src=\"https:\/\/blaakors.no\/arbeid-og-inkludering\/wp-content\/uploads\/sites\/2\/2024\/08\/Tante_bla_logo_liten.jpg\" alt=\"\" class=\"wp-image-1651\" style=\"width:220px;height:auto\" srcset=\"https:\/\/blaakors.no\/arbeid-og-inkludering\/wp-content\/uploads\/sites\/2\/2024\/08\/Tante_bla_logo_liten.jpg 540w, https:\/\/blaakors.no\/arbeid-og-inkludering\/wp-content\/uploads\/sites\/2\/2024\/08\/Tante_bla_logo_liten-300x176.jpg 300w\" sizes=\"auto, (max-width: 540px) 100vw, 540px\" \/><\/figure>\n\n\n\n<h4 class=\"wp-block-heading has-sentinel-font-family\">Tante Bl\u00e5 Gjenbruk<\/h4>\n\n\n\n<p>Stortorvet 4, 1604 Fredrikstad<\/p>\n\n\n\n<p>Telefon:&nbsp;69 30 18 19<\/p>\n\n\n\n<p><a href=\"mailto:gjenbruk@blaakors.no\">gjenbruk@blaakors.no<\/a><\/p>\n\n\n\n<div style=\"height:10px\" aria-hidden=\"true\" class=\"wp-block-spacer\"><\/div>\n<\/div>\n\n\n\n<div class=\"wp-block-column is-layout-flow wp-block-column-is-layout-flow\">\n<figure class=\"wp-block-image size-full is-resized\"><img loading=\"lazy\" decoding=\"async\" width=\"300\" height=\"300\" src=\"https:\/\/blaakors.no\/arbeid-og-inkludering\/wp-content\/uploads\/sites\/2\/2024\/08\/SuveRENTlogo-300x300-1.jpg\" alt=\"\" class=\"wp-image-1652\" style=\"width:131px;height:auto\" srcset=\"https:\/\/blaakors.no\/arbeid-og-inkludering\/wp-content\/uploads\/sites\/2\/2024\/08\/SuveRENTlogo-300x300-1.jpg 300w, https:\/\/blaakors.no\/arbeid-og-inkludering\/wp-content\/uploads\/sites\/2\/2024\/08\/SuveRENTlogo-300x300-1-150x150.jpg 150w\" sizes=\"auto, (max-width: 300px) 100vw, 300px\" \/><\/figure>\n\n\n\n<h4 class=\"wp-block-heading has-sentinel-font-family\">SuveRENT Vaskeri<\/h4>\n\n\n\n<p>Mosseveien 37, 1610 Fredrikstad<\/p>\n\n\n\n<p>Telefon:&nbsp;69 30 18 26<\/p>\n\n\n\n<p><a href=\"mailto:vaskeri@blaakors.no\">vaskeri@blaakors.no<\/a><\/p>\n<\/div>\n<\/div>\n<\/div>\n<\/div>\n\n\n\n<div class=\"wp-block-group has-global-padding is-layout-constrained wp-block-group-is-layout-constrained\" style=\"padding-top:var(--wp--preset--spacing--50);padding-bottom:var(--wp--preset--spacing--50)\">\n<div class=\"wp-block-columns is-layout-flex wp-container-core-columns-is-layout-5 wp-block-columns-is-layout-flex\">\n<div class=\"wp-block-column is-layout-flow wp-block-column-is-layout-flow\">\n<div class=\"wp-block-media-text is-stacked-on-mobile\"><figure class=\"wp-block-media-text__media\"><img loading=\"lazy\" decoding=\"async\" width=\"1024\" height=\"683\" src=\"https:\/\/blaakors.no\/arbeid-og-inkludering\/wp-content\/uploads\/sites\/2\/2024\/10\/Hjemmeside_Sarpsborg_web-23-1024x683.jpg\" alt=\"\" class=\"wp-image-2089 size-full\" srcset=\"https:\/\/blaakors.no\/arbeid-og-inkludering\/wp-content\/uploads\/sites\/2\/2024\/10\/Hjemmeside_Sarpsborg_web-23-1024x683.jpg 1024w, https:\/\/blaakors.no\/arbeid-og-inkludering\/wp-content\/uploads\/sites\/2\/2024\/10\/Hjemmeside_Sarpsborg_web-23-300x200.jpg 300w, https:\/\/blaakors.no\/arbeid-og-inkludering\/wp-content\/uploads\/sites\/2\/2024\/10\/Hjemmeside_Sarpsborg_web-23-768x512.jpg 768w, https:\/\/blaakors.no\/arbeid-og-inkludering\/wp-content\/uploads\/sites\/2\/2024\/10\/Hjemmeside_Sarpsborg_web-23-1536x1024.jpg 1536w, https:\/\/blaakors.no\/arbeid-og-inkludering\/wp-content\/uploads\/sites\/2\/2024\/10\/Hjemmeside_Sarpsborg_web-23.jpg 1731w\" sizes=\"auto, (max-width: 1024px) 100vw, 1024px\" \/><\/figure><div class=\"wp-block-media-text__content\">\n<p>V\u00e5re ansatte representerer en bred kompetanse innen karriereveiledning, kartlegging og oppl\u00e6ring i basisferdigheter, tilrettelegging og muligheter hos arbeidsgiver.<\/p>\n\n\n\n<div class=\"wp-block-buttons is-layout-flex wp-block-buttons-is-layout-flex\">\n<div class=\"wp-block-button has-custom-font-size\" style=\"font-size:clamp(0.875rem, 0.875rem + ((1vw - 0.2rem) * 0.313), 1.2rem);\"><a class=\"wp-block-button__link has-medium-blue-background-color has-background wp-element-button\" href=\"https:\/\/blaakors.no\/arbeid-og-inkludering\/ansatte\/\"><strong>V\u00e5re ansatte<\/strong> <img decoding=\"async\" class=\"wp-image-46\" style=\"width: 22px\" src=\"https:\/\/blaakors.no\/varmestua\/wp-content\/uploads\/sites\/3\/2024\/08\/arrow-right.svg\" alt=\"\"><\/a><\/div>\n<\/div>\n<\/div><\/div>\n\n\n\n<div style=\"height:10px\" aria-hidden=\"true\" class=\"wp-block-spacer\"><\/div>\n<\/div>\n<\/div>\n<\/div>\n\n\n\n<div style=\"height:10px\" aria-hidden=\"true\" class=\"wp-block-spacer\"><\/div>\n","protected":false},"excerpt":{"rendered":"<p>Ta kontakt med oss Bl\u00e5 Kors&nbsp;arbeid og inkludering |&nbsp;Fredrikstad Postboks 5851612 Fredrikstad Bes\u00f8ksadresse:Mosseveien 37, 1610 Fredrikstad Telefon: 69 30 18 10 arbeidoginkludering@blaakors.no Bl\u00e5 Kors&nbsp;arbeid og inkludering&nbsp;| Sarpsborg Torggata 121707 Sarpsborg Bes\u00f8ksadresse:Torggata 12, 1707 Sarpsborg Telefon: 69 97 19 90 arbeidoginkludering@blaakors.no Ikke send sensitive eller taushetsbelagte opplysninger p\u00e5 mail Tante Bl\u00e5 Gjenbruk Stortorvet 4, 1604 Fredrikstad [&hellip;]<\/p>\n","protected":false},"author":1,"featured_media":0,"parent":0,"menu_order":0,"comment_status":"closed","ping_status":"closed","template":"","meta":{"inline_featured_image":false,"_exactmetrics_skip_tracking":false,"_exactmetrics_sitenote_active":false,"_exactmetrics_sitenote_note":"","_exactmetrics_sitenote_category":0,"footnotes":""},"class_list":["post-17","page","type-page","status-publish","hentry"],"yoast_head":"<!-- This site is optimized with the Yoast SEO plugin v26.6 - https:\/\/yoast.com\/wordpress\/plugins\/seo\/ -->\n<title>Kontakt - Arbeid og inkludering<\/title>\n<meta name=\"robots\" content=\"index, follow, max-snippet:-1, max-image-preview:large, max-video-preview:-1\" \/>\n<link rel=\"canonical\" href=\"https:\/\/blaakors.no\/arbeid-og-inkludering\/kontakt\/\" \/>\n<meta property=\"og:locale\" content=\"nb_NO\" \/>\n<meta property=\"og:type\" content=\"article\" \/>\n<meta property=\"og:title\" content=\"Kontakt - Arbeid og inkludering\" \/>\n<meta property=\"og:description\" content=\"Ta kontakt med oss Bl\u00e5 Kors&nbsp;arbeid og inkludering |&nbsp;Fredrikstad Postboks 5851612 Fredrikstad Bes\u00f8ksadresse:Mosseveien 37, 1610 Fredrikstad Telefon: 69 30 18 10 arbeidoginkludering@blaakors.no Bl\u00e5 Kors&nbsp;arbeid og inkludering&nbsp;| Sarpsborg Torggata 121707 Sarpsborg Bes\u00f8ksadresse:Torggata 12, 1707 Sarpsborg Telefon: 69 97 19 90 arbeidoginkludering@blaakors.no Ikke send sensitive eller taushetsbelagte opplysninger p\u00e5 mail Tante Bl\u00e5 Gjenbruk Stortorvet 4, 1604 Fredrikstad [&hellip;]\" \/>\n<meta property=\"og:url\" content=\"https:\/\/blaakors.no\/arbeid-og-inkludering\/kontakt\/\" \/>\n<meta property=\"og:site_name\" content=\"Arbeid og inkludering\" \/>\n<meta property=\"article:modified_time\" content=\"2024-10-18T11:14:35+00:00\" \/>\n<meta property=\"og:image\" content=\"https:\/\/blaakors.no\/arbeid-og-inkludering\/wp-content\/uploads\/sites\/2\/2024\/08\/Tante_bla_logo_liten.jpg\" \/>\n<meta name=\"twitter:card\" content=\"summary_large_image\" \/>\n<meta name=\"twitter:label1\" content=\"Ansl. lesetid\" \/>\n\t<meta name=\"twitter:data1\" content=\"2 minutter\" \/>\n<script type=\"application\/ld+json\" class=\"yoast-schema-graph\">{\"@context\":\"https:\/\/schema.org\",\"@graph\":[{\"@type\":\"WebPage\",\"@id\":\"https:\/\/blaakors.no\/arbeid-og-inkludering\/kontakt\/\",\"url\":\"https:\/\/blaakors.no\/arbeid-og-inkludering\/kontakt\/\",\"name\":\"Kontakt - Arbeid og inkludering\",\"isPartOf\":{\"@id\":\"https:\/\/blaakors.no\/arbeid-og-inkludering\/#website\"},\"primaryImageOfPage\":{\"@id\":\"https:\/\/blaakors.no\/arbeid-og-inkludering\/kontakt\/#primaryimage\"},\"image\":{\"@id\":\"https:\/\/blaakors.no\/arbeid-og-inkludering\/kontakt\/#primaryimage\"},\"thumbnailUrl\":\"https:\/\/blaakors.no\/arbeid-og-inkludering\/wp-content\/uploads\/sites\/2\/2024\/08\/Tante_bla_logo_liten.jpg\",\"datePublished\":\"2024-08-21T11:00:55+00:00\",\"dateModified\":\"2024-10-18T11:14:35+00:00\",\"breadcrumb\":{\"@id\":\"https:\/\/blaakors.no\/arbeid-og-inkludering\/kontakt\/#breadcrumb\"},\"inLanguage\":\"nb-NO\",\"potentialAction\":[{\"@type\":\"ReadAction\",\"target\":[\"https:\/\/blaakors.no\/arbeid-og-inkludering\/kontakt\/\"]}]},{\"@type\":\"ImageObject\",\"inLanguage\":\"nb-NO\",\"@id\":\"https:\/\/blaakors.no\/arbeid-og-inkludering\/kontakt\/#primaryimage\",\"url\":\"https:\/\/blaakors.no\/arbeid-og-inkludering\/wp-content\/uploads\/sites\/2\/2024\/08\/Tante_bla_logo_liten.jpg\",\"contentUrl\":\"https:\/\/blaakors.no\/arbeid-og-inkludering\/wp-content\/uploads\/sites\/2\/2024\/08\/Tante_bla_logo_liten.jpg\",\"width\":540,\"height\":316},{\"@type\":\"BreadcrumbList\",\"@id\":\"https:\/\/blaakors.no\/arbeid-og-inkludering\/kontakt\/#breadcrumb\",\"itemListElement\":[{\"@type\":\"ListItem\",\"position\":1,\"name\":\"Hjem\",\"item\":\"https:\/\/blaakors.no\/arbeid-og-inkludering\/\"},{\"@type\":\"ListItem\",\"position\":2,\"name\":\"Kontakt\"}]},{\"@type\":\"WebSite\",\"@id\":\"https:\/\/blaakors.no\/arbeid-og-inkludering\/#website\",\"url\":\"https:\/\/blaakors.no\/arbeid-og-inkludering\/\",\"name\":\"Arbeid og inkludering\",\"description\":\"I sentrum st\u00e5r et menneske\",\"publisher\":{\"@id\":\"https:\/\/blaakors.no\/arbeid-og-inkludering\/#organization\"},\"potentialAction\":[{\"@type\":\"SearchAction\",\"target\":{\"@type\":\"EntryPoint\",\"urlTemplate\":\"https:\/\/blaakors.no\/arbeid-og-inkludering\/?s={search_term_string}\"},\"query-input\":{\"@type\":\"PropertyValueSpecification\",\"valueRequired\":true,\"valueName\":\"search_term_string\"}}],\"inLanguage\":\"nb-NO\"},{\"@type\":\"Organization\",\"@id\":\"https:\/\/blaakors.no\/arbeid-og-inkludering\/#organization\",\"name\":\"Arbeid og inkludering\",\"url\":\"https:\/\/blaakors.no\/arbeid-og-inkludering\/\",\"logo\":{\"@type\":\"ImageObject\",\"inLanguage\":\"nb-NO\",\"@id\":\"https:\/\/blaakors.no\/arbeid-og-inkludering\/#\/schema\/logo\/image\/\",\"url\":\"https:\/\/blaakors.no\/arbeid-og-inkludering\/wp-content\/uploads\/sites\/2\/2024\/09\/Bla-kors-logo-fredrikstad.svg\",\"contentUrl\":\"https:\/\/blaakors.no\/arbeid-og-inkludering\/wp-content\/uploads\/sites\/2\/2024\/09\/Bla-kors-logo-fredrikstad.svg\",\"caption\":\"Arbeid og inkludering\"},\"image\":{\"@id\":\"https:\/\/blaakors.no\/arbeid-og-inkludering\/#\/schema\/logo\/image\/\"}}]}<\/script>\n<!-- \/ Yoast SEO plugin. -->","yoast_head_json":{"title":"Kontakt - Arbeid og inkludering","robots":{"index":"index","follow":"follow","max-snippet":"max-snippet:-1","max-image-preview":"max-image-preview:large","max-video-preview":"max-video-preview:-1"},"canonical":"https:\/\/blaakors.no\/arbeid-og-inkludering\/kontakt\/","og_locale":"nb_NO","og_type":"article","og_title":"Kontakt - Arbeid og inkludering","og_description":"Ta kontakt med oss Bl\u00e5 Kors&nbsp;arbeid og inkludering |&nbsp;Fredrikstad Postboks 5851612 Fredrikstad Bes\u00f8ksadresse:Mosseveien 37, 1610 Fredrikstad Telefon: 69 30 18 10 arbeidoginkludering@blaakors.no Bl\u00e5 Kors&nbsp;arbeid og inkludering&nbsp;| Sarpsborg Torggata 121707 Sarpsborg Bes\u00f8ksadresse:Torggata 12, 1707 Sarpsborg Telefon: 69 97 19 90 arbeidoginkludering@blaakors.no Ikke send sensitive eller taushetsbelagte opplysninger p\u00e5 mail Tante Bl\u00e5 Gjenbruk Stortorvet 4, 1604 Fredrikstad [&hellip;]","og_url":"https:\/\/blaakors.no\/arbeid-og-inkludering\/kontakt\/","og_site_name":"Arbeid og inkludering","article_modified_time":"2024-10-18T11:14:35+00:00","og_image":[{"url":"https:\/\/blaakors.no\/arbeid-og-inkludering\/wp-content\/uploads\/sites\/2\/2024\/08\/Tante_bla_logo_liten.jpg","type":"","width":"","height":""}],"twitter_card":"summary_large_image","twitter_misc":{"Ansl. lesetid":"2 minutter"},"schema":{"@context":"https:\/\/schema.org","@graph":[{"@type":"WebPage","@id":"https:\/\/blaakors.no\/arbeid-og-inkludering\/kontakt\/","url":"https:\/\/blaakors.no\/arbeid-og-inkludering\/kontakt\/","name":"Kontakt - Arbeid og inkludering","isPartOf":{"@id":"https:\/\/blaakors.no\/arbeid-og-inkludering\/#website"},"primaryImageOfPage":{"@id":"https:\/\/blaakors.no\/arbeid-og-inkludering\/kontakt\/#primaryimage"},"image":{"@id":"https:\/\/blaakors.no\/arbeid-og-inkludering\/kontakt\/#primaryimage"},"thumbnailUrl":"https:\/\/blaakors.no\/arbeid-og-inkludering\/wp-content\/uploads\/sites\/2\/2024\/08\/Tante_bla_logo_liten.jpg","datePublished":"2024-08-21T11:00:55+00:00","dateModified":"2024-10-18T11:14:35+00:00","breadcrumb":{"@id":"https:\/\/blaakors.no\/arbeid-og-inkludering\/kontakt\/#breadcrumb"},"inLanguage":"nb-NO","potentialAction":[{"@type":"ReadAction","target":["https:\/\/blaakors.no\/arbeid-og-inkludering\/kontakt\/"]}]},{"@type":"ImageObject","inLanguage":"nb-NO","@id":"https:\/\/blaakors.no\/arbeid-og-inkludering\/kontakt\/#primaryimage","url":"https:\/\/blaakors.no\/arbeid-og-inkludering\/wp-content\/uploads\/sites\/2\/2024\/08\/Tante_bla_logo_liten.jpg","contentUrl":"https:\/\/blaakors.no\/arbeid-og-inkludering\/wp-content\/uploads\/sites\/2\/2024\/08\/Tante_bla_logo_liten.jpg","width":540,"height":316},{"@type":"BreadcrumbList","@id":"https:\/\/blaakors.no\/arbeid-og-inkludering\/kontakt\/#breadcrumb","itemListElement":[{"@type":"ListItem","position":1,"name":"Hjem","item":"https:\/\/blaakors.no\/arbeid-og-inkludering\/"},{"@type":"ListItem","position":2,"name":"Kontakt"}]},{"@type":"WebSite","@id":"https:\/\/blaakors.no\/arbeid-og-inkludering\/#website","url":"https:\/\/blaakors.no\/arbeid-og-inkludering\/","name":"Arbeid og inkludering","description":"I sentrum st\u00e5r et menneske","publisher":{"@id":"https:\/\/blaakors.no\/arbeid-og-inkludering\/#organization"},"potentialAction":[{"@type":"SearchAction","target":{"@type":"EntryPoint","urlTemplate":"https:\/\/blaakors.no\/arbeid-og-inkludering\/?s={search_term_string}"},"query-input":{"@type":"PropertyValueSpecification","valueRequired":true,"valueName":"search_term_string"}}],"inLanguage":"nb-NO"},{"@type":"Organization","@id":"https:\/\/blaakors.no\/arbeid-og-inkludering\/#organization","name":"Arbeid og inkludering","url":"https:\/\/blaakors.no\/arbeid-og-inkludering\/","logo":{"@type":"ImageObject","inLanguage":"nb-NO","@id":"https:\/\/blaakors.no\/arbeid-og-inkludering\/#\/schema\/logo\/image\/","url":"https:\/\/blaakors.no\/arbeid-og-inkludering\/wp-content\/uploads\/sites\/2\/2024\/09\/Bla-kors-logo-fredrikstad.svg","contentUrl":"https:\/\/blaakors.no\/arbeid-og-inkludering\/wp-content\/uploads\/sites\/2\/2024\/09\/Bla-kors-logo-fredrikstad.svg","caption":"Arbeid og inkludering"},"image":{"@id":"https:\/\/blaakors.no\/arbeid-og-inkludering\/#\/schema\/logo\/image\/"}}]}},"_links":{"self":[{"href":"https:\/\/blaakors.no\/arbeid-og-inkludering\/wp-json\/wp\/v2\/pages\/17","targetHints":{"allow":["GET"]}}],"collection":[{"href":"https:\/\/blaakors.no\/arbeid-og-inkludering\/wp-json\/wp\/v2\/pages"}],"about":[{"href":"https:\/\/blaakors.no\/arbeid-og-inkludering\/wp-json\/wp\/v2\/types\/page"}],"author":[{"embeddable":true,"href":"https:\/\/blaakors.no\/arbeid-og-inkludering\/wp-json\/wp\/v2\/users\/1"}],"replies":[{"embeddable":true,"href":"https:\/\/blaakors.no\/arbeid-og-inkludering\/wp-json\/wp\/v2\/comments?post=17"}],"version-history":[{"count":37,"href":"https:\/\/blaakors.no\/arbeid-og-inkludering\/wp-json\/wp\/v2\/pages\/17\/revisions"}],"predecessor-version":[{"id":2093,"href":"https:\/\/blaakors.no\/arbeid-og-inkludering\/wp-json\/wp\/v2\/pages\/17\/revisions\/2093"}],"wp:attachment":[{"href":"https:\/\/blaakors.no\/arbeid-og-inkludering\/wp-json\/wp\/v2\/media?parent=17"}],"curies":[{"name":"wp","href":"https:\/\/api.w.org\/{rel}","templated":true}]}}