{"id":188,"date":"2025-04-09T13:56:53","date_gmt":"2025-04-09T11:56:53","guid":{"rendered":"https:\/\/blaakors.no\/barnas-stasjon\/?page_id=188"},"modified":"2026-02-03T10:29:28","modified_gmt":"2026-02-03T09:29:28","slug":"familiesenter-samvaer","status":"publish","type":"page","link":"https:\/\/blaakors.no\/barnas-stasjon\/familiesenter-samvaer\/","title":{"rendered":"Familiesenter samv\u00e6r"},"content":{"rendered":"\n<div class=\"wp-block-group has-global-padding is-layout-constrained wp-block-group-is-layout-constrained\">\n<div style=\"height:180px\" aria-hidden=\"true\" class=\"wp-block-spacer\"><\/div>\n\n\n\n<div style=\"height:205px\" aria-hidden=\"true\" class=\"wp-block-spacer\"><\/div>\n\n\n\n<div class=\"wp-block-columns is-layout-flex wp-container-core-columns-is-layout-1 wp-block-columns-is-layout-flex\">\n<div class=\"wp-block-column is-layout-flow wp-block-column-is-layout-flow\">\n<h2 class=\"wp-block-heading\">Familiesenter  <\/h2>\n\n\n\n<p class=\"has-large-font-size\">Samv\u00e6r<\/p>\n<\/div>\n<\/div>\n<\/div>\n\n\n\n<div class=\"wp-block-group has-global-padding is-layout-constrained wp-block-group-is-layout-constrained\">\n<div class=\"wp-block-columns is-layout-flex wp-container-core-columns-is-layout-2 wp-block-columns-is-layout-flex\">\n<div class=\"wp-block-column is-layout-flow wp-block-column-is-layout-flow\" style=\"flex-basis:49%\">\n<div class=\"wp-block-group has-global-padding is-layout-constrained wp-block-group-is-layout-constrained\">\n<div class=\"wp-block-group has-global-padding is-layout-constrained wp-block-group-is-layout-constrained\">\n<div style=\"height:31px\" aria-hidden=\"true\" class=\"wp-block-spacer\"><\/div>\n\n\n\n<p>Vi gjennomf\u00f8rer samv\u00e6r med tilsyn der barn er behov av \u00e5 treffe sine biologiske foreldre under trygge omstendigheter med en tilsynsperson til stede. I forkant av oppstart for samv\u00e6rene utarbeides det en samv\u00e6rsavtale sammen med barneverntjenesten og samv\u00e6rsforeldren, som sier noe om hvordan samv\u00e6rene og tilsynet skal v\u00e6re. Dette i henhold til barnets og foreldrenes behov og barneverntjenestens bestemmelser.&nbsp;<\/p>\n\n\n\n<div style=\"height:20px\" aria-hidden=\"true\" class=\"wp-block-spacer\"><\/div>\n\n\n\n<p>I forbindelse med samv\u00e6r kan det avtales at samv\u00e6rsforeldren kan f\u00e5 veiledning eller en samtale i forkant og\/eller i etterkant av samv\u00e6ret. Vi gjennomf\u00f8rer ogs\u00e5 kliniske vurderinger der det er n\u00f8dvendig i forhold til rus og psykisk helse.&nbsp;<\/p>\n\n\n\n<div style=\"height:17px\" aria-hidden=\"true\" class=\"wp-block-spacer\"><\/div>\n\n\n\n<p>V\u00e5re lokaler har stue, TV, fult utstyrt kj\u00f8kken og bad som er godt egnet for samv\u00e6r. Lokalene v\u00e5re har et bredt utvalg av leker og aktiviteter. Vi har ogs\u00e5 egen hage med akesklie, husker, klatrevegg, sandkasse og andre leker etter \u00e5rstid, som kan benyttes i samv\u00e6r etter avtale.<\/p>\n\n\n\n<div style=\"height:22px\" aria-hidden=\"true\" class=\"wp-block-spacer\"><\/div>\n\n\n\n<p>Samv\u00e6rene kan foreg\u00e5 andre steder enn i v\u00e5re lokaler, som n\u00e6rmilj\u00f8et, sentrum, i foreldrenes hjem, beredskapshjem\/ fosterhjem og liknende.&nbsp;<\/p>\n<\/div>\n<\/div>\n<\/div>\n\n\n\n<div class=\"wp-block-column is-layout-flow wp-block-column-is-layout-flow\" style=\"flex-basis:2%\"><\/div>\n\n\n\n<div class=\"wp-block-column is-layout-flow wp-block-column-is-layout-flow\" style=\"flex-basis:49%\">\n<div class=\"wp-block-group has-global-padding is-layout-constrained wp-block-group-is-layout-constrained\">\n<div class=\"wp-block-group has-global-padding is-layout-constrained wp-block-group-is-layout-constrained\"><\/div>\n<\/div>\n\n\n\n<div style=\"height:36px\" aria-hidden=\"true\" class=\"wp-block-spacer\"><\/div>\n\n\n\n<h3 class=\"wp-block-heading has-blue-color has-text-color has-link-color wp-elements-f9ba22fc097288ba3c36428916b3e041\">Kontakt oss:<\/h3>\n\n\n\n<div style=\"height:29px\" aria-hidden=\"true\" class=\"wp-block-spacer\"><\/div>\n\n\n\n<div class=\"wp-block-group has-global-padding is-layout-constrained wp-block-group-is-layout-constrained\">\n<div class=\"wp-block-buttons is-layout-flex wp-block-buttons-is-layout-flex\">\n<div class=\"wp-block-button has-custom-font-size has-medium-font-size\"><a class=\"wp-block-button__link has-blue-color has-light-pink-background-color has-text-color has-background has-link-color wp-element-button\" href=\"tel:+4769314866\"><strong>Telefon 69 31 48 66<\/strong><\/a><\/div>\n<\/div>\n\n\n\n<div style=\"height:41px\" aria-hidden=\"true\" class=\"wp-block-spacer\"><\/div>\n\n\n\n<div class=\"wp-block-buttons is-layout-flex wp-block-buttons-is-layout-flex\">\n<div class=\"wp-block-button has-custom-font-size has-medium-font-size\"><a class=\"wp-block-button__link has-blue-color has-medium-pink-background-color has-text-color has-background has-link-color wp-element-button\" href=\"mailto:bs.fredrikstad@blaakors.no\"><strong>Mail bs.fredrikstad@blaakors.no<\/strong><\/a><\/div>\n<\/div>\n<\/div>\n\n\n\n<div style=\"height:113px\" aria-hidden=\"true\" class=\"wp-block-spacer\"><\/div>\n<\/div>\n<\/div>\n<\/div>\n\n\n\n<div class=\"wp-block-columns is-layout-flex wp-container-core-columns-is-layout-4 wp-block-columns-is-layout-flex\">\n<div class=\"wp-block-column is-layout-flow wp-block-column-is-layout-flow\">\n<div style=\"height:46px\" aria-hidden=\"true\" class=\"wp-block-spacer\"><\/div>\n\n\n\n<div class=\"wp-block-group has-global-padding is-layout-constrained wp-block-group-is-layout-constrained\">\n<div class=\"wp-block-columns is-layout-flex wp-container-core-columns-is-layout-3 wp-block-columns-is-layout-flex\">\n<div class=\"wp-block-column is-layout-flow wp-block-column-is-layout-flow\">\n<figure class=\"wp-block-image size-large\"><img loading=\"lazy\" decoding=\"async\" width=\"1024\" height=\"683\" src=\"https:\/\/blaakors.no\/barnas-stasjon\/wp-content\/uploads\/sites\/8\/2025\/04\/Familiesenter_web-27-1024x683.jpg\" alt=\"\" class=\"wp-image-190\" srcset=\"https:\/\/blaakors.no\/barnas-stasjon\/wp-content\/uploads\/sites\/8\/2025\/04\/Familiesenter_web-27-1024x683.jpg 1024w, https:\/\/blaakors.no\/barnas-stasjon\/wp-content\/uploads\/sites\/8\/2025\/04\/Familiesenter_web-27-300x200.jpg 300w, https:\/\/blaakors.no\/barnas-stasjon\/wp-content\/uploads\/sites\/8\/2025\/04\/Familiesenter_web-27-768x512.jpg 768w, https:\/\/blaakors.no\/barnas-stasjon\/wp-content\/uploads\/sites\/8\/2025\/04\/Familiesenter_web-27-1536x1024.jpg 1536w, https:\/\/blaakors.no\/barnas-stasjon\/wp-content\/uploads\/sites\/8\/2025\/04\/Familiesenter_web-27.jpg 1600w\" sizes=\"auto, (max-width: 1024px) 100vw, 1024px\" \/><\/figure>\n<\/div>\n<\/div>\n\n\n\n<div class=\"wp-block-group has-global-padding is-layout-constrained wp-block-group-is-layout-constrained\">\n<div class=\"wp-block-media-text is-stacked-on-mobile\" style=\"grid-template-columns:24% auto\"><figure class=\"wp-block-media-text__media\"><img loading=\"lazy\" decoding=\"async\" width=\"900\" height=\"900\" src=\"https:\/\/blaakors.no\/barnas-stasjon\/wp-content\/uploads\/sites\/8\/2024\/10\/blomst.png\" alt=\"\" class=\"wp-image-85 size-full\" srcset=\"https:\/\/blaakors.no\/barnas-stasjon\/wp-content\/uploads\/sites\/8\/2024\/10\/blomst.png 900w, https:\/\/blaakors.no\/barnas-stasjon\/wp-content\/uploads\/sites\/8\/2024\/10\/blomst-300x300.png 300w, https:\/\/blaakors.no\/barnas-stasjon\/wp-content\/uploads\/sites\/8\/2024\/10\/blomst-150x150.png 150w, https:\/\/blaakors.no\/barnas-stasjon\/wp-content\/uploads\/sites\/8\/2024\/10\/blomst-768x768.png 768w\" sizes=\"auto, (max-width: 900px) 100vw, 900px\" \/><\/figure><div class=\"wp-block-media-text__content\">\n<p class=\"has-blue-color has-text-color has-link-color wp-elements-31727607f5bf4fe19454af3799245f60\" style=\"font-size:clamp(0.984rem, 0.984rem + ((1vw - 0.2rem) * 0.497), 1.5rem);\"><strong>Du finner oss:<\/strong><\/p>\n\n\n\n<p class=\"has-blue-color has-text-color has-link-color wp-elements-0bac697a482322de8c159b990f08329f\" style=\"font-size:clamp(0.875rem, 0.875rem + ((1vw - 0.2rem) * 0.313), 1.2rem);\">Freskoveien 1, 1605 Fredrikstad<\/p>\n\n\n\n<p class=\"has-blue-color has-text-color has-link-color wp-elements-532ecc3c082a7b8c5896d672a8fa8b3d\" style=\"font-size:clamp(0.984rem, 0.984rem + ((1vw - 0.2rem) * 0.497), 1.5rem);\"><strong>V\u00e5re \u00e5pningstider er fra <\/strong><\/p>\n\n\n\n<ul class=\"wp-block-list\">\n<li class=\"has-blue-color has-text-color has-link-color wp-elements-b417a519790b07848296fcfd255d5357\">08.00 &#8211; 20.00 p\u00e5 hverdager<\/li>\n\n\n\n<li class=\"has-blue-color has-text-color has-link-color wp-elements-e1c7e03cdde284fe8439c1c67ecb3cfa\">09.30 &#8211; 17.00 p\u00e5 l\u00f8rdager<\/li>\n<\/ul>\n<\/div><\/div>\n<\/div>\n<\/div>\n<\/div>\n<\/div>\n\n\n\n<div style=\"height:77px\" aria-hidden=\"true\" class=\"wp-block-spacer\"><\/div>\n","protected":false},"excerpt":{"rendered":"<p>Familiesenter Samv\u00e6r Vi gjennomf\u00f8rer samv\u00e6r med tilsyn der barn er behov av \u00e5 treffe sine biologiske foreldre under trygge omstendigheter med en tilsynsperson til stede. I forkant av oppstart for samv\u00e6rene utarbeides det en samv\u00e6rsavtale sammen med barneverntjenesten og samv\u00e6rsforeldren, som sier noe om hvordan samv\u00e6rene og tilsynet skal v\u00e6re. Dette i henhold til barnets [&hellip;]<\/p>\n","protected":false},"author":2,"featured_media":0,"parent":0,"menu_order":0,"comment_status":"closed","ping_status":"closed","template":"","meta":{"inline_featured_image":false,"_exactmetrics_skip_tracking":false,"_exactmetrics_sitenote_active":false,"_exactmetrics_sitenote_note":"","_exactmetrics_sitenote_category":0,"footnotes":""},"class_list":["post-188","page","type-page","status-publish","hentry"],"yoast_head":"<!-- This site is optimized with the Yoast SEO plugin v26.6 - https:\/\/yoast.com\/wordpress\/plugins\/seo\/ -->\n<title>Familiesenter samv\u00e6r - Barnas stasjon<\/title>\n<meta name=\"robots\" content=\"noindex, follow, max-snippet:-1, max-image-preview:large, max-video-preview:-1\" \/>\n<meta property=\"og:locale\" content=\"nb_NO\" \/>\n<meta property=\"og:type\" content=\"article\" \/>\n<meta property=\"og:title\" content=\"Familiesenter samv\u00e6r - Barnas stasjon\" \/>\n<meta property=\"og:description\" content=\"Familiesenter Samv\u00e6r Vi gjennomf\u00f8rer samv\u00e6r med tilsyn der barn er behov av \u00e5 treffe sine biologiske foreldre under trygge omstendigheter med en tilsynsperson til stede. I forkant av oppstart for samv\u00e6rene utarbeides det en samv\u00e6rsavtale sammen med barneverntjenesten og samv\u00e6rsforeldren, som sier noe om hvordan samv\u00e6rene og tilsynet skal v\u00e6re. Dette i henhold til barnets [&hellip;]\" \/>\n<meta property=\"og:url\" content=\"https:\/\/blaakors.no\/barnas-stasjon\/familiesenter-samvaer\/\" \/>\n<meta property=\"og:site_name\" content=\"Barnas stasjon\" \/>\n<meta property=\"article:modified_time\" content=\"2026-02-03T09:29:28+00:00\" \/>\n<meta property=\"og:image\" content=\"https:\/\/blaakors.no\/barnas-stasjon\/wp-content\/uploads\/sites\/8\/2025\/04\/Familiesenter_web-27.jpg\" \/>\n\t<meta property=\"og:image:width\" content=\"1600\" \/>\n\t<meta property=\"og:image:height\" content=\"1067\" \/>\n\t<meta property=\"og:image:type\" content=\"image\/jpeg\" \/>\n<meta name=\"twitter:card\" content=\"summary_large_image\" \/>\n<meta name=\"twitter:label1\" content=\"Ansl. lesetid\" \/>\n\t<meta name=\"twitter:data1\" content=\"2 minutter\" \/>\n<script type=\"application\/ld+json\" class=\"yoast-schema-graph\">{\"@context\":\"https:\/\/schema.org\",\"@graph\":[{\"@type\":\"WebPage\",\"@id\":\"https:\/\/blaakors.no\/barnas-stasjon\/familiesenter-samvaer\/\",\"url\":\"https:\/\/blaakors.no\/barnas-stasjon\/familiesenter-samvaer\/\",\"name\":\"Familiesenter samv\u00e6r - Barnas stasjon\",\"isPartOf\":{\"@id\":\"https:\/\/blaakors.no\/barnas-stasjon\/#website\"},\"primaryImageOfPage\":{\"@id\":\"https:\/\/blaakors.no\/barnas-stasjon\/familiesenter-samvaer\/#primaryimage\"},\"image\":{\"@id\":\"https:\/\/blaakors.no\/barnas-stasjon\/familiesenter-samvaer\/#primaryimage\"},\"thumbnailUrl\":\"https:\/\/blaakors.no\/barnas-stasjon\/wp-content\/uploads\/sites\/8\/2025\/04\/Familiesenter_web-27-1024x683.jpg\",\"datePublished\":\"2025-04-09T11:56:53+00:00\",\"dateModified\":\"2026-02-03T09:29:28+00:00\",\"breadcrumb\":{\"@id\":\"https:\/\/blaakors.no\/barnas-stasjon\/familiesenter-samvaer\/#breadcrumb\"},\"inLanguage\":\"nb-NO\",\"potentialAction\":[{\"@type\":\"ReadAction\",\"target\":[\"https:\/\/blaakors.no\/barnas-stasjon\/familiesenter-samvaer\/\"]}]},{\"@type\":\"ImageObject\",\"inLanguage\":\"nb-NO\",\"@id\":\"https:\/\/blaakors.no\/barnas-stasjon\/familiesenter-samvaer\/#primaryimage\",\"url\":\"https:\/\/blaakors.no\/barnas-stasjon\/wp-content\/uploads\/sites\/8\/2025\/04\/Familiesenter_web-27.jpg\",\"contentUrl\":\"https:\/\/blaakors.no\/barnas-stasjon\/wp-content\/uploads\/sites\/8\/2025\/04\/Familiesenter_web-27.jpg\",\"width\":1600,\"height\":1067},{\"@type\":\"BreadcrumbList\",\"@id\":\"https:\/\/blaakors.no\/barnas-stasjon\/familiesenter-samvaer\/#breadcrumb\",\"itemListElement\":[{\"@type\":\"ListItem\",\"position\":1,\"name\":\"Hjem\",\"item\":\"https:\/\/blaakors.no\/barnas-stasjon\/\"},{\"@type\":\"ListItem\",\"position\":2,\"name\":\"Familiesenter samv\u00e6r\"}]},{\"@type\":\"WebSite\",\"@id\":\"https:\/\/blaakors.no\/barnas-stasjon\/#website\",\"url\":\"https:\/\/blaakors.no\/barnas-stasjon\/\",\"name\":\"Barnas stasjon\",\"description\":\"I sentrum st\u00e5r et menneske\",\"publisher\":{\"@id\":\"https:\/\/blaakors.no\/barnas-stasjon\/#organization\"},\"potentialAction\":[{\"@type\":\"SearchAction\",\"target\":{\"@type\":\"EntryPoint\",\"urlTemplate\":\"https:\/\/blaakors.no\/barnas-stasjon\/?s={search_term_string}\"},\"query-input\":{\"@type\":\"PropertyValueSpecification\",\"valueRequired\":true,\"valueName\":\"search_term_string\"}}],\"inLanguage\":\"nb-NO\"},{\"@type\":\"Organization\",\"@id\":\"https:\/\/blaakors.no\/barnas-stasjon\/#organization\",\"name\":\"Barnas stasjon\",\"url\":\"https:\/\/blaakors.no\/barnas-stasjon\/\",\"logo\":{\"@type\":\"ImageObject\",\"inLanguage\":\"nb-NO\",\"@id\":\"https:\/\/blaakors.no\/barnas-stasjon\/#\/schema\/logo\/image\/\",\"url\":\"https:\/\/blaakors.no\/barnas-stasjon\/wp-content\/uploads\/sites\/8\/2024\/10\/Bla-kors-logo-fredrikstad.svg\",\"contentUrl\":\"https:\/\/blaakors.no\/barnas-stasjon\/wp-content\/uploads\/sites\/8\/2024\/10\/Bla-kors-logo-fredrikstad.svg\",\"caption\":\"Barnas stasjon\"},\"image\":{\"@id\":\"https:\/\/blaakors.no\/barnas-stasjon\/#\/schema\/logo\/image\/\"}}]}<\/script>\n<!-- \/ Yoast SEO plugin. -->","yoast_head_json":{"title":"Familiesenter samv\u00e6r - Barnas stasjon","robots":{"index":"noindex","follow":"follow","max-snippet":"max-snippet:-1","max-image-preview":"max-image-preview:large","max-video-preview":"max-video-preview:-1"},"og_locale":"nb_NO","og_type":"article","og_title":"Familiesenter samv\u00e6r - Barnas stasjon","og_description":"Familiesenter Samv\u00e6r Vi gjennomf\u00f8rer samv\u00e6r med tilsyn der barn er behov av \u00e5 treffe sine biologiske foreldre under trygge omstendigheter med en tilsynsperson til stede. I forkant av oppstart for samv\u00e6rene utarbeides det en samv\u00e6rsavtale sammen med barneverntjenesten og samv\u00e6rsforeldren, som sier noe om hvordan samv\u00e6rene og tilsynet skal v\u00e6re. Dette i henhold til barnets [&hellip;]","og_url":"https:\/\/blaakors.no\/barnas-stasjon\/familiesenter-samvaer\/","og_site_name":"Barnas stasjon","article_modified_time":"2026-02-03T09:29:28+00:00","og_image":[{"width":1600,"height":1067,"url":"https:\/\/blaakors.no\/barnas-stasjon\/wp-content\/uploads\/sites\/8\/2025\/04\/Familiesenter_web-27.jpg","type":"image\/jpeg"}],"twitter_card":"summary_large_image","twitter_misc":{"Ansl. lesetid":"2 minutter"},"schema":{"@context":"https:\/\/schema.org","@graph":[{"@type":"WebPage","@id":"https:\/\/blaakors.no\/barnas-stasjon\/familiesenter-samvaer\/","url":"https:\/\/blaakors.no\/barnas-stasjon\/familiesenter-samvaer\/","name":"Familiesenter samv\u00e6r - Barnas stasjon","isPartOf":{"@id":"https:\/\/blaakors.no\/barnas-stasjon\/#website"},"primaryImageOfPage":{"@id":"https:\/\/blaakors.no\/barnas-stasjon\/familiesenter-samvaer\/#primaryimage"},"image":{"@id":"https:\/\/blaakors.no\/barnas-stasjon\/familiesenter-samvaer\/#primaryimage"},"thumbnailUrl":"https:\/\/blaakors.no\/barnas-stasjon\/wp-content\/uploads\/sites\/8\/2025\/04\/Familiesenter_web-27-1024x683.jpg","datePublished":"2025-04-09T11:56:53+00:00","dateModified":"2026-02-03T09:29:28+00:00","breadcrumb":{"@id":"https:\/\/blaakors.no\/barnas-stasjon\/familiesenter-samvaer\/#breadcrumb"},"inLanguage":"nb-NO","potentialAction":[{"@type":"ReadAction","target":["https:\/\/blaakors.no\/barnas-stasjon\/familiesenter-samvaer\/"]}]},{"@type":"ImageObject","inLanguage":"nb-NO","@id":"https:\/\/blaakors.no\/barnas-stasjon\/familiesenter-samvaer\/#primaryimage","url":"https:\/\/blaakors.no\/barnas-stasjon\/wp-content\/uploads\/sites\/8\/2025\/04\/Familiesenter_web-27.jpg","contentUrl":"https:\/\/blaakors.no\/barnas-stasjon\/wp-content\/uploads\/sites\/8\/2025\/04\/Familiesenter_web-27.jpg","width":1600,"height":1067},{"@type":"BreadcrumbList","@id":"https:\/\/blaakors.no\/barnas-stasjon\/familiesenter-samvaer\/#breadcrumb","itemListElement":[{"@type":"ListItem","position":1,"name":"Hjem","item":"https:\/\/blaakors.no\/barnas-stasjon\/"},{"@type":"ListItem","position":2,"name":"Familiesenter samv\u00e6r"}]},{"@type":"WebSite","@id":"https:\/\/blaakors.no\/barnas-stasjon\/#website","url":"https:\/\/blaakors.no\/barnas-stasjon\/","name":"Barnas stasjon","description":"I sentrum st\u00e5r et menneske","publisher":{"@id":"https:\/\/blaakors.no\/barnas-stasjon\/#organization"},"potentialAction":[{"@type":"SearchAction","target":{"@type":"EntryPoint","urlTemplate":"https:\/\/blaakors.no\/barnas-stasjon\/?s={search_term_string}"},"query-input":{"@type":"PropertyValueSpecification","valueRequired":true,"valueName":"search_term_string"}}],"inLanguage":"nb-NO"},{"@type":"Organization","@id":"https:\/\/blaakors.no\/barnas-stasjon\/#organization","name":"Barnas stasjon","url":"https:\/\/blaakors.no\/barnas-stasjon\/","logo":{"@type":"ImageObject","inLanguage":"nb-NO","@id":"https:\/\/blaakors.no\/barnas-stasjon\/#\/schema\/logo\/image\/","url":"https:\/\/blaakors.no\/barnas-stasjon\/wp-content\/uploads\/sites\/8\/2024\/10\/Bla-kors-logo-fredrikstad.svg","contentUrl":"https:\/\/blaakors.no\/barnas-stasjon\/wp-content\/uploads\/sites\/8\/2024\/10\/Bla-kors-logo-fredrikstad.svg","caption":"Barnas stasjon"},"image":{"@id":"https:\/\/blaakors.no\/barnas-stasjon\/#\/schema\/logo\/image\/"}}]}},"_links":{"self":[{"href":"https:\/\/blaakors.no\/barnas-stasjon\/wp-json\/wp\/v2\/pages\/188","targetHints":{"allow":["GET"]}}],"collection":[{"href":"https:\/\/blaakors.no\/barnas-stasjon\/wp-json\/wp\/v2\/pages"}],"about":[{"href":"https:\/\/blaakors.no\/barnas-stasjon\/wp-json\/wp\/v2\/types\/page"}],"author":[{"embeddable":true,"href":"https:\/\/blaakors.no\/barnas-stasjon\/wp-json\/wp\/v2\/users\/2"}],"replies":[{"embeddable":true,"href":"https:\/\/blaakors.no\/barnas-stasjon\/wp-json\/wp\/v2\/comments?post=188"}],"version-history":[{"count":6,"href":"https:\/\/blaakors.no\/barnas-stasjon\/wp-json\/wp\/v2\/pages\/188\/revisions"}],"predecessor-version":[{"id":281,"href":"https:\/\/blaakors.no\/barnas-stasjon\/wp-json\/wp\/v2\/pages\/188\/revisions\/281"}],"wp:attachment":[{"href":"https:\/\/blaakors.no\/barnas-stasjon\/wp-json\/wp\/v2\/media?parent=188"}],"curies":[{"name":"wp","href":"https:\/\/api.w.org\/{rel}","templated":true}]}}