{"id":6,"date":"2024-10-16T10:08:56","date_gmt":"2024-10-16T08:08:56","guid":{"rendered":"https:\/\/blaakors.no\/barnas-stasjon\/?page_id=6"},"modified":"2026-01-21T09:02:57","modified_gmt":"2026-01-21T08:02:57","slug":"forside","status":"publish","type":"page","link":"https:\/\/blaakors.no\/barnas-stasjon\/","title":{"rendered":"Forside"},"content":{"rendered":"\n<div class=\"wp-block-group alignfull has-light-beige-background-color has-background is-layout-flow wp-block-group-is-layout-flow\" style=\"padding-top:0;padding-right:0;padding-bottom:0;padding-left:0\">\n<div class=\"wp-block-group has-global-padding is-layout-constrained wp-block-group-is-layout-constrained\" style=\"padding-top:var(--wp--preset--spacing--50);padding-bottom:var(--wp--preset--spacing--50)\">\n<div style=\"height:130px\" aria-hidden=\"true\" class=\"wp-block-spacer\"><\/div>\n\n\n\n<div style=\"height:28px\" aria-hidden=\"true\" class=\"wp-block-spacer\"><\/div>\n\n\n\n<div class=\"wp-block-columns alignwide is-layout-flex wp-container-core-columns-is-layout-1 wp-block-columns-is-layout-flex\">\n<div class=\"wp-block-column is-vertically-aligned-center is-layout-flow wp-block-column-is-layout-flow\">\n<h2 class=\"wp-block-heading\" style=\"font-style:normal;font-weight:700\">Bl\u00e5 Kors barnas stasjon Fredrikstad<\/h2>\n\n\n\n<h4 class=\"wp-block-heading\">&#8211; Samlokalisert tjeneste Familiesenteret<\/h4>\n\n\n\n<h4 class=\"wp-block-heading\">&#8211; <strong>Samlokalisert tjeneste \u00c5pen barnehage<\/strong><\/h4>\n\n\n\n<div style=\"height:50px\" aria-hidden=\"true\" class=\"wp-block-spacer\"><\/div>\n\n\n\n<p>Velkommen til v\u00e5re lokaler i Freskoveien 1. Bl\u00e5 Kors barnas stasjon Fredrikstad er samlokalisert med Familiesenteret og \u00c5pen barnehage i trivelige lokaler med tilh\u00f8rende uteomr\u00e5de.<\/p>\n<\/div>\n\n\n\n<div class=\"wp-block-column is-layout-flow wp-block-column-is-layout-flow\" style=\"flex-basis:20px\"><\/div>\n\n\n\n<div class=\"wp-block-column is-layout-flow wp-block-column-is-layout-flow\">\n<figure class=\"wp-block-image size-full\"><img loading=\"lazy\" decoding=\"async\" width=\"1200\" height=\"800\" src=\"https:\/\/blaakors.no\/barnas-stasjon\/wp-content\/uploads\/sites\/8\/2024\/10\/Tirsdagsmiddag_web-19.jpg\" alt=\"\" class=\"wp-image-54\" srcset=\"https:\/\/blaakors.no\/barnas-stasjon\/wp-content\/uploads\/sites\/8\/2024\/10\/Tirsdagsmiddag_web-19.jpg 1200w, https:\/\/blaakors.no\/barnas-stasjon\/wp-content\/uploads\/sites\/8\/2024\/10\/Tirsdagsmiddag_web-19-300x200.jpg 300w, https:\/\/blaakors.no\/barnas-stasjon\/wp-content\/uploads\/sites\/8\/2024\/10\/Tirsdagsmiddag_web-19-1024x683.jpg 1024w, https:\/\/blaakors.no\/barnas-stasjon\/wp-content\/uploads\/sites\/8\/2024\/10\/Tirsdagsmiddag_web-19-768x512.jpg 768w\" sizes=\"auto, (max-width: 1200px) 100vw, 1200px\" \/><\/figure>\n<\/div>\n<\/div>\n<\/div>\n<\/div>\n\n\n\n<div class=\"wp-block-columns is-layout-flex wp-container-core-columns-is-layout-2 wp-block-columns-is-layout-flex\" style=\"padding-top:var(--wp--preset--spacing--20);padding-bottom:var(--wp--preset--spacing--20)\">\n<div class=\"wp-block-column is-layout-flow wp-block-column-is-layout-flow\"><\/div>\n<\/div>\n\n\n\n<div class=\"wp-block-group has-global-padding is-layout-constrained wp-block-group-is-layout-constrained\">\n<div style=\"height:26px\" aria-hidden=\"true\" class=\"wp-block-spacer\"><\/div>\n\n\n\n<div class=\"wp-block-media-text is-stacked-on-mobile has-light-blue-background-color has-background\" style=\"grid-template-columns:29% auto\"><figure class=\"wp-block-media-text__media\"><img loading=\"lazy\" decoding=\"async\" width=\"900\" height=\"900\" src=\"https:\/\/blaakors.no\/barnas-stasjon\/wp-content\/uploads\/sites\/8\/2024\/10\/hjerte-1.png\" alt=\"\" class=\"wp-image-103 size-full\" srcset=\"https:\/\/blaakors.no\/barnas-stasjon\/wp-content\/uploads\/sites\/8\/2024\/10\/hjerte-1.png 900w, https:\/\/blaakors.no\/barnas-stasjon\/wp-content\/uploads\/sites\/8\/2024\/10\/hjerte-1-300x300.png 300w, https:\/\/blaakors.no\/barnas-stasjon\/wp-content\/uploads\/sites\/8\/2024\/10\/hjerte-1-150x150.png 150w, https:\/\/blaakors.no\/barnas-stasjon\/wp-content\/uploads\/sites\/8\/2024\/10\/hjerte-1-768x768.png 768w\" sizes=\"auto, (max-width: 900px) 100vw, 900px\" \/><\/figure><div class=\"wp-block-media-text__content\">\n<p>Tusen takk for at du \u00f8nsker \u00e5 st\u00f8tte arbeidet v\u00e5rt p\u00e5 barnas stasjon!<\/p>\n\n\n\n<p><\/p>\n\n\n\n<div class=\"wp-block-buttons is-content-justification-right is-layout-flex wp-container-core-buttons-is-layout-1 wp-block-buttons-is-layout-flex\">\n<div class=\"wp-block-button has-custom-font-size has-medium-font-size\"><a class=\"wp-block-button__link has-beige-color has-blue-background-color has-text-color has-background has-link-color has-border-color has-blue-border-color wp-element-button\" href=\"https:\/\/blaakors.no\/gi-gave\/\" style=\"border-width:1px;padding-top:var(--wp--preset--spacing--20);padding-bottom:var(--wp--preset--spacing--20)\">St\u00f8tt oss!<\/a><\/div>\n<\/div>\n<\/div><\/div>\n\n\n\n<div style=\"height:52px\" aria-hidden=\"true\" class=\"wp-block-spacer\"><\/div>\n\n\n\n<div class=\"wp-block-group has-global-padding is-layout-constrained wp-block-group-is-layout-constrained\">\n<div class=\"wp-block-columns is-layout-flex wp-container-core-columns-is-layout-3 wp-block-columns-is-layout-flex\">\n<div class=\"wp-block-column is-layout-flow wp-block-column-is-layout-flow\">\n<div style=\"height:23px\" aria-hidden=\"true\" class=\"wp-block-spacer\"><\/div>\n\n\n\n<div style=\"height:9px\" aria-hidden=\"true\" class=\"wp-block-spacer\"><\/div>\n\n\n\n<div class=\"wp-block-media-text is-stacked-on-mobile\"><figure class=\"wp-block-media-text__media\"><img loading=\"lazy\" decoding=\"async\" width=\"1024\" height=\"683\" src=\"https:\/\/blaakors.no\/barnas-stasjon\/wp-content\/uploads\/sites\/8\/2024\/10\/Tirsdagsmiddag_web-12-1024x683.jpg\" alt=\"\" class=\"wp-image-53 size-full\" srcset=\"https:\/\/blaakors.no\/barnas-stasjon\/wp-content\/uploads\/sites\/8\/2024\/10\/Tirsdagsmiddag_web-12-1024x683.jpg 1024w, https:\/\/blaakors.no\/barnas-stasjon\/wp-content\/uploads\/sites\/8\/2024\/10\/Tirsdagsmiddag_web-12-300x200.jpg 300w, https:\/\/blaakors.no\/barnas-stasjon\/wp-content\/uploads\/sites\/8\/2024\/10\/Tirsdagsmiddag_web-12-768x512.jpg 768w, https:\/\/blaakors.no\/barnas-stasjon\/wp-content\/uploads\/sites\/8\/2024\/10\/Tirsdagsmiddag_web-12.jpg 1200w\" sizes=\"auto, (max-width: 1024px) 100vw, 1024px\" \/><\/figure><div class=\"wp-block-media-text__content\">\n<h2 class=\"wp-block-heading\">Bl\u00e5 Kors barnas stasjon Fredrikstad<\/h2>\n\n\n\n<p>Vi tilbyr st\u00f8ttende og styrkende aktiviteter for familier i s\u00e5rbare livssituasjoner, med barn i alderen 0-12 \u00e5r eller der mor er gravid.<\/p>\n\n\n\n<div style=\"height:10px\" aria-hidden=\"true\" class=\"wp-block-spacer\"><\/div>\n\n\n\n<div class=\"wp-block-buttons is-layout-flex wp-block-buttons-is-layout-flex\">\n<div class=\"wp-block-button\"><a class=\"wp-block-button__link has-light-pink-background-color has-background wp-element-button\" href=\"https:\/\/www.blakors.no\/barnas-stasjon\/fredrikstad\/\">Les mer om barnas stasjon <img decoding=\"async\" class=\"wp-image-46\" style=\"width: 22px\" src=\"https:\/\/blaakors.no\/varmestua\/wp-content\/uploads\/sites\/3\/2024\/08\/arrow-right.svg\" alt=\"\"><\/a><\/div>\n<\/div>\n<\/div><\/div>\n<\/div>\n<\/div>\n\n\n\n<div style=\"height:88px\" aria-hidden=\"true\" class=\"wp-block-spacer\"><\/div>\n\n\n\n<div class=\"wp-block-columns is-layout-flex wp-container-core-columns-is-layout-4 wp-block-columns-is-layout-flex\">\n<div class=\"wp-block-column is-layout-flow wp-block-column-is-layout-flow\">\n<div style=\"height:23px\" aria-hidden=\"true\" class=\"wp-block-spacer\"><\/div>\n\n\n\n<h2 class=\"wp-block-heading\">Bl\u00e5 Kors \u00e5pen barnehage<\/h2>\n\n\n\n<p>\u00c5pen barnehage er et tilbud for barn i f\u00f8rskolealder sammen med en voksen. Mandag, onsdag, torsdag og fredag inviterer vi til lek og samlingsstund.<\/p>\n\n\n\n<div class=\"wp-block-buttons is-layout-flex wp-block-buttons-is-layout-flex\">\n<div class=\"wp-block-button\"><a class=\"wp-block-button__link has-light-pink-background-color has-background wp-element-button\" href=\"https:\/\/blaakors.no\/barnas-stasjon\/bla-kors-apen-barnehage\/\">Les mer om \u00e5pen barnehage <img decoding=\"async\" class=\"wp-image-46\" style=\"width: 22px\" src=\"https:\/\/blaakors.no\/varmestua\/wp-content\/uploads\/sites\/3\/2024\/08\/arrow-right.svg\" alt=\"\"><\/a><\/div>\n<\/div>\n\n\n\n<div style=\"height:38px\" aria-hidden=\"true\" class=\"wp-block-spacer\"><\/div>\n\n\n\n<figure class=\"wp-block-image size-large\"><img loading=\"lazy\" decoding=\"async\" width=\"1024\" height=\"683\" src=\"https:\/\/blaakors.no\/barnas-stasjon\/wp-content\/uploads\/sites\/8\/2024\/10\/Barnehagen_mat_web-16-1024x683.jpg\" alt=\"\" class=\"wp-image-57\" style=\"aspect-ratio:4\/3;object-fit:cover\" srcset=\"https:\/\/blaakors.no\/barnas-stasjon\/wp-content\/uploads\/sites\/8\/2024\/10\/Barnehagen_mat_web-16-1024x683.jpg 1024w, https:\/\/blaakors.no\/barnas-stasjon\/wp-content\/uploads\/sites\/8\/2024\/10\/Barnehagen_mat_web-16-300x200.jpg 300w, https:\/\/blaakors.no\/barnas-stasjon\/wp-content\/uploads\/sites\/8\/2024\/10\/Barnehagen_mat_web-16-768x512.jpg 768w, https:\/\/blaakors.no\/barnas-stasjon\/wp-content\/uploads\/sites\/8\/2024\/10\/Barnehagen_mat_web-16-1536x1024.jpg 1536w, https:\/\/blaakors.no\/barnas-stasjon\/wp-content\/uploads\/sites\/8\/2024\/10\/Barnehagen_mat_web-16.jpg 1600w\" sizes=\"auto, (max-width: 1024px) 100vw, 1024px\" \/><\/figure>\n<\/div>\n\n\n\n<div class=\"wp-block-column is-layout-flow wp-block-column-is-layout-flow\">\n<div style=\"height:23px\" aria-hidden=\"true\" class=\"wp-block-spacer\"><\/div>\n\n\n\n<h2 class=\"wp-block-heading\">Bl\u00e5 Kors familiesenter <\/h2>\n\n\n\n<p>Bl\u00e5 Kors familiesenteret bist\u00e5r barnevernstjenester inn i arbeidet med utsatte barn og deres familier.<\/p>\n\n\n\n<div style=\"height:10px\" aria-hidden=\"true\" class=\"wp-block-spacer\"><\/div>\n\n\n\n<div class=\"wp-block-buttons is-layout-flex wp-block-buttons-is-layout-flex\">\n<div class=\"wp-block-button\"><a class=\"wp-block-button__link has-light-pink-background-color has-background wp-element-button\" href=\"https:\/\/blaakors.no\/barnas-stasjon\/familiesenter-fredrikstad\/\">Les mer om familiesenter  <img decoding=\"async\" class=\"wp-image-46\" style=\"width: 22px\" src=\"https:\/\/blaakors.no\/varmestua\/wp-content\/uploads\/sites\/3\/2024\/08\/arrow-right.svg\" alt=\"\"><\/a><\/div>\n<\/div>\n\n\n\n<div style=\"height:38px\" aria-hidden=\"true\" class=\"wp-block-spacer\"><\/div>\n\n\n\n<figure class=\"wp-block-image size-large\"><img loading=\"lazy\" decoding=\"async\" width=\"1024\" height=\"683\" src=\"https:\/\/blaakors.no\/barnas-stasjon\/wp-content\/uploads\/sites\/8\/2025\/03\/Familiesenter_web-9-1024x683.jpg\" alt=\"\" class=\"wp-image-155\" style=\"aspect-ratio:4\/3;object-fit:cover\" srcset=\"https:\/\/blaakors.no\/barnas-stasjon\/wp-content\/uploads\/sites\/8\/2025\/03\/Familiesenter_web-9-1024x683.jpg 1024w, https:\/\/blaakors.no\/barnas-stasjon\/wp-content\/uploads\/sites\/8\/2025\/03\/Familiesenter_web-9-300x200.jpg 300w, https:\/\/blaakors.no\/barnas-stasjon\/wp-content\/uploads\/sites\/8\/2025\/03\/Familiesenter_web-9-768x512.jpg 768w, https:\/\/blaakors.no\/barnas-stasjon\/wp-content\/uploads\/sites\/8\/2025\/03\/Familiesenter_web-9-1536x1024.jpg 1536w, https:\/\/blaakors.no\/barnas-stasjon\/wp-content\/uploads\/sites\/8\/2025\/03\/Familiesenter_web-9.jpg 1600w\" sizes=\"auto, (max-width: 1024px) 100vw, 1024px\" \/><\/figure>\n<\/div>\n<\/div>\n<\/div>\n<\/div>\n\n\n\n<div style=\"height:100px\" aria-hidden=\"true\" class=\"wp-block-spacer\"><\/div>\n","protected":false},"excerpt":{"rendered":"<p>Bl\u00e5 Kors barnas stasjon Fredrikstad &#8211; Samlokalisert tjeneste Familiesenteret &#8211; Samlokalisert tjeneste \u00c5pen barnehage Velkommen til v\u00e5re lokaler i Freskoveien 1. Bl\u00e5 Kors barnas stasjon Fredrikstad er samlokalisert med Familiesenteret og \u00c5pen barnehage i trivelige lokaler med tilh\u00f8rende uteomr\u00e5de. Tusen takk for at du \u00f8nsker \u00e5 st\u00f8tte arbeidet v\u00e5rt p\u00e5 barnas stasjon! Bl\u00e5 Kors barnas [&hellip;]<\/p>\n","protected":false},"author":1,"featured_media":0,"parent":0,"menu_order":0,"comment_status":"closed","ping_status":"closed","template":"","meta":{"inline_featured_image":false,"_exactmetrics_skip_tracking":false,"_exactmetrics_sitenote_active":false,"_exactmetrics_sitenote_note":"","_exactmetrics_sitenote_category":0,"footnotes":""},"class_list":["post-6","page","type-page","status-publish","hentry"],"yoast_head":"<!-- This site is optimized with the Yoast SEO plugin v26.6 - https:\/\/yoast.com\/wordpress\/plugins\/seo\/ -->\n<title>Forside - Barnas stasjon<\/title>\n<meta name=\"robots\" content=\"noindex, follow, max-snippet:-1, max-image-preview:large, max-video-preview:-1\" \/>\n<meta property=\"og:locale\" content=\"nb_NO\" \/>\n<meta property=\"og:type\" content=\"article\" \/>\n<meta property=\"og:title\" content=\"Forside - Barnas stasjon\" \/>\n<meta property=\"og:description\" content=\"Bl\u00e5 Kors barnas stasjon Fredrikstad &#8211; Samlokalisert tjeneste Familiesenteret &#8211; Samlokalisert tjeneste \u00c5pen barnehage Velkommen til v\u00e5re lokaler i Freskoveien 1. Bl\u00e5 Kors barnas stasjon Fredrikstad er samlokalisert med Familiesenteret og \u00c5pen barnehage i trivelige lokaler med tilh\u00f8rende uteomr\u00e5de. Tusen takk for at du \u00f8nsker \u00e5 st\u00f8tte arbeidet v\u00e5rt p\u00e5 barnas stasjon! Bl\u00e5 Kors barnas [&hellip;]\" \/>\n<meta property=\"og:url\" content=\"https:\/\/blaakors.no\/barnas-stasjon\/\" \/>\n<meta property=\"og:site_name\" content=\"Barnas stasjon\" \/>\n<meta property=\"article:modified_time\" content=\"2026-01-21T08:02:57+00:00\" \/>\n<meta property=\"og:image\" content=\"https:\/\/blaakors.no\/barnas-stasjon\/wp-content\/uploads\/sites\/8\/2024\/10\/Tirsdagsmiddag_web-19.jpg\" \/>\n\t<meta property=\"og:image:width\" content=\"1200\" \/>\n\t<meta property=\"og:image:height\" content=\"800\" \/>\n\t<meta property=\"og:image:type\" content=\"image\/jpeg\" \/>\n<meta name=\"twitter:card\" content=\"summary_large_image\" \/>\n<meta name=\"twitter:label1\" content=\"Ansl. lesetid\" \/>\n\t<meta name=\"twitter:data1\" content=\"3 minutter\" \/>\n<script type=\"application\/ld+json\" class=\"yoast-schema-graph\">{\"@context\":\"https:\/\/schema.org\",\"@graph\":[{\"@type\":\"WebPage\",\"@id\":\"https:\/\/blaakors.no\/barnas-stasjon\/\",\"url\":\"https:\/\/blaakors.no\/barnas-stasjon\/\",\"name\":\"Forside - Barnas stasjon\",\"isPartOf\":{\"@id\":\"https:\/\/blaakors.no\/barnas-stasjon\/#website\"},\"primaryImageOfPage\":{\"@id\":\"https:\/\/blaakors.no\/barnas-stasjon\/#primaryimage\"},\"image\":{\"@id\":\"https:\/\/blaakors.no\/barnas-stasjon\/#primaryimage\"},\"thumbnailUrl\":\"https:\/\/blaakors.no\/barnas-stasjon\/wp-content\/uploads\/sites\/8\/2024\/10\/Tirsdagsmiddag_web-19.jpg\",\"datePublished\":\"2024-10-16T08:08:56+00:00\",\"dateModified\":\"2026-01-21T08:02:57+00:00\",\"breadcrumb\":{\"@id\":\"https:\/\/blaakors.no\/barnas-stasjon\/#breadcrumb\"},\"inLanguage\":\"nb-NO\",\"potentialAction\":[{\"@type\":\"ReadAction\",\"target\":[\"https:\/\/blaakors.no\/barnas-stasjon\/\"]}]},{\"@type\":\"ImageObject\",\"inLanguage\":\"nb-NO\",\"@id\":\"https:\/\/blaakors.no\/barnas-stasjon\/#primaryimage\",\"url\":\"https:\/\/blaakors.no\/barnas-stasjon\/wp-content\/uploads\/sites\/8\/2024\/10\/Tirsdagsmiddag_web-19.jpg\",\"contentUrl\":\"https:\/\/blaakors.no\/barnas-stasjon\/wp-content\/uploads\/sites\/8\/2024\/10\/Tirsdagsmiddag_web-19.jpg\",\"width\":1200,\"height\":800},{\"@type\":\"BreadcrumbList\",\"@id\":\"https:\/\/blaakors.no\/barnas-stasjon\/#breadcrumb\",\"itemListElement\":[{\"@type\":\"ListItem\",\"position\":1,\"name\":\"Hjem\",\"item\":\"https:\/\/blaakors.no\/barnas-stasjon\/\"},{\"@type\":\"ListItem\",\"position\":2,\"name\":\"Forside\"}]},{\"@type\":\"WebSite\",\"@id\":\"https:\/\/blaakors.no\/barnas-stasjon\/#website\",\"url\":\"https:\/\/blaakors.no\/barnas-stasjon\/\",\"name\":\"Barnas stasjon\",\"description\":\"I sentrum st\u00e5r et menneske\",\"publisher\":{\"@id\":\"https:\/\/blaakors.no\/barnas-stasjon\/#organization\"},\"potentialAction\":[{\"@type\":\"SearchAction\",\"target\":{\"@type\":\"EntryPoint\",\"urlTemplate\":\"https:\/\/blaakors.no\/barnas-stasjon\/?s={search_term_string}\"},\"query-input\":{\"@type\":\"PropertyValueSpecification\",\"valueRequired\":true,\"valueName\":\"search_term_string\"}}],\"inLanguage\":\"nb-NO\"},{\"@type\":\"Organization\",\"@id\":\"https:\/\/blaakors.no\/barnas-stasjon\/#organization\",\"name\":\"Barnas stasjon\",\"url\":\"https:\/\/blaakors.no\/barnas-stasjon\/\",\"logo\":{\"@type\":\"ImageObject\",\"inLanguage\":\"nb-NO\",\"@id\":\"https:\/\/blaakors.no\/barnas-stasjon\/#\/schema\/logo\/image\/\",\"url\":\"https:\/\/blaakors.no\/barnas-stasjon\/wp-content\/uploads\/sites\/8\/2024\/10\/Bla-kors-logo-fredrikstad.svg\",\"contentUrl\":\"https:\/\/blaakors.no\/barnas-stasjon\/wp-content\/uploads\/sites\/8\/2024\/10\/Bla-kors-logo-fredrikstad.svg\",\"caption\":\"Barnas stasjon\"},\"image\":{\"@id\":\"https:\/\/blaakors.no\/barnas-stasjon\/#\/schema\/logo\/image\/\"}}]}<\/script>\n<!-- \/ Yoast SEO plugin. -->","yoast_head_json":{"title":"Forside - Barnas stasjon","robots":{"index":"noindex","follow":"follow","max-snippet":"max-snippet:-1","max-image-preview":"max-image-preview:large","max-video-preview":"max-video-preview:-1"},"og_locale":"nb_NO","og_type":"article","og_title":"Forside - Barnas stasjon","og_description":"Bl\u00e5 Kors barnas stasjon Fredrikstad &#8211; Samlokalisert tjeneste Familiesenteret &#8211; Samlokalisert tjeneste \u00c5pen barnehage Velkommen til v\u00e5re lokaler i Freskoveien 1. Bl\u00e5 Kors barnas stasjon Fredrikstad er samlokalisert med Familiesenteret og \u00c5pen barnehage i trivelige lokaler med tilh\u00f8rende uteomr\u00e5de. Tusen takk for at du \u00f8nsker \u00e5 st\u00f8tte arbeidet v\u00e5rt p\u00e5 barnas stasjon! Bl\u00e5 Kors barnas [&hellip;]","og_url":"https:\/\/blaakors.no\/barnas-stasjon\/","og_site_name":"Barnas stasjon","article_modified_time":"2026-01-21T08:02:57+00:00","og_image":[{"width":1200,"height":800,"url":"https:\/\/blaakors.no\/barnas-stasjon\/wp-content\/uploads\/sites\/8\/2024\/10\/Tirsdagsmiddag_web-19.jpg","type":"image\/jpeg"}],"twitter_card":"summary_large_image","twitter_misc":{"Ansl. lesetid":"3 minutter"},"schema":{"@context":"https:\/\/schema.org","@graph":[{"@type":"WebPage","@id":"https:\/\/blaakors.no\/barnas-stasjon\/","url":"https:\/\/blaakors.no\/barnas-stasjon\/","name":"Forside - Barnas stasjon","isPartOf":{"@id":"https:\/\/blaakors.no\/barnas-stasjon\/#website"},"primaryImageOfPage":{"@id":"https:\/\/blaakors.no\/barnas-stasjon\/#primaryimage"},"image":{"@id":"https:\/\/blaakors.no\/barnas-stasjon\/#primaryimage"},"thumbnailUrl":"https:\/\/blaakors.no\/barnas-stasjon\/wp-content\/uploads\/sites\/8\/2024\/10\/Tirsdagsmiddag_web-19.jpg","datePublished":"2024-10-16T08:08:56+00:00","dateModified":"2026-01-21T08:02:57+00:00","breadcrumb":{"@id":"https:\/\/blaakors.no\/barnas-stasjon\/#breadcrumb"},"inLanguage":"nb-NO","potentialAction":[{"@type":"ReadAction","target":["https:\/\/blaakors.no\/barnas-stasjon\/"]}]},{"@type":"ImageObject","inLanguage":"nb-NO","@id":"https:\/\/blaakors.no\/barnas-stasjon\/#primaryimage","url":"https:\/\/blaakors.no\/barnas-stasjon\/wp-content\/uploads\/sites\/8\/2024\/10\/Tirsdagsmiddag_web-19.jpg","contentUrl":"https:\/\/blaakors.no\/barnas-stasjon\/wp-content\/uploads\/sites\/8\/2024\/10\/Tirsdagsmiddag_web-19.jpg","width":1200,"height":800},{"@type":"BreadcrumbList","@id":"https:\/\/blaakors.no\/barnas-stasjon\/#breadcrumb","itemListElement":[{"@type":"ListItem","position":1,"name":"Hjem","item":"https:\/\/blaakors.no\/barnas-stasjon\/"},{"@type":"ListItem","position":2,"name":"Forside"}]},{"@type":"WebSite","@id":"https:\/\/blaakors.no\/barnas-stasjon\/#website","url":"https:\/\/blaakors.no\/barnas-stasjon\/","name":"Barnas stasjon","description":"I sentrum st\u00e5r et menneske","publisher":{"@id":"https:\/\/blaakors.no\/barnas-stasjon\/#organization"},"potentialAction":[{"@type":"SearchAction","target":{"@type":"EntryPoint","urlTemplate":"https:\/\/blaakors.no\/barnas-stasjon\/?s={search_term_string}"},"query-input":{"@type":"PropertyValueSpecification","valueRequired":true,"valueName":"search_term_string"}}],"inLanguage":"nb-NO"},{"@type":"Organization","@id":"https:\/\/blaakors.no\/barnas-stasjon\/#organization","name":"Barnas stasjon","url":"https:\/\/blaakors.no\/barnas-stasjon\/","logo":{"@type":"ImageObject","inLanguage":"nb-NO","@id":"https:\/\/blaakors.no\/barnas-stasjon\/#\/schema\/logo\/image\/","url":"https:\/\/blaakors.no\/barnas-stasjon\/wp-content\/uploads\/sites\/8\/2024\/10\/Bla-kors-logo-fredrikstad.svg","contentUrl":"https:\/\/blaakors.no\/barnas-stasjon\/wp-content\/uploads\/sites\/8\/2024\/10\/Bla-kors-logo-fredrikstad.svg","caption":"Barnas stasjon"},"image":{"@id":"https:\/\/blaakors.no\/barnas-stasjon\/#\/schema\/logo\/image\/"}}]}},"_links":{"self":[{"href":"https:\/\/blaakors.no\/barnas-stasjon\/wp-json\/wp\/v2\/pages\/6","targetHints":{"allow":["GET"]}}],"collection":[{"href":"https:\/\/blaakors.no\/barnas-stasjon\/wp-json\/wp\/v2\/pages"}],"about":[{"href":"https:\/\/blaakors.no\/barnas-stasjon\/wp-json\/wp\/v2\/types\/page"}],"author":[{"embeddable":true,"href":"https:\/\/blaakors.no\/barnas-stasjon\/wp-json\/wp\/v2\/users\/1"}],"replies":[{"embeddable":true,"href":"https:\/\/blaakors.no\/barnas-stasjon\/wp-json\/wp\/v2\/comments?post=6"}],"version-history":[{"count":48,"href":"https:\/\/blaakors.no\/barnas-stasjon\/wp-json\/wp\/v2\/pages\/6\/revisions"}],"predecessor-version":[{"id":227,"href":"https:\/\/blaakors.no\/barnas-stasjon\/wp-json\/wp\/v2\/pages\/6\/revisions\/227"}],"wp:attachment":[{"href":"https:\/\/blaakors.no\/barnas-stasjon\/wp-json\/wp\/v2\/media?parent=6"}],"curies":[{"name":"wp","href":"https:\/\/api.w.org\/{rel}","templated":true}]}}