{"id":69,"date":"2024-10-17T11:00:15","date_gmt":"2024-10-17T09:00:15","guid":{"rendered":"https:\/\/blaakors.no\/barnas-stasjon\/?page_id=69"},"modified":"2026-01-22T22:21:19","modified_gmt":"2026-01-22T21:21:19","slug":"bla-kors-apen-barnehage","status":"publish","type":"page","link":"https:\/\/blaakors.no\/barnas-stasjon\/bla-kors-apen-barnehage\/","title":{"rendered":"Bl\u00e5 Kors \u00e5pen barnehage"},"content":{"rendered":"\n<div class=\"wp-block-group alignfull has-light-beige-background-color has-background has-global-padding is-layout-constrained wp-block-group-is-layout-constrained\">\n<div style=\"height:110px\" aria-hidden=\"true\" class=\"wp-block-spacer\"><\/div>\n\n\n\n<div style=\"height:143px\" aria-hidden=\"true\" class=\"wp-block-spacer hide-mobile\"><\/div>\n\n\n\n<div class=\"wp-block-columns is-layout-flex wp-container-core-columns-is-layout-1 wp-block-columns-is-layout-flex\">\n<div class=\"wp-block-column is-layout-flow wp-block-column-is-layout-flow\">\n<div style=\"height:113px\" aria-hidden=\"true\" class=\"wp-block-spacer\"><\/div>\n\n\n\n<h2 class=\"wp-block-heading\">Bl\u00e5 Kors \u00e5pen barnehage<\/h2>\n<\/div>\n\n\n\n<div class=\"wp-block-column is-layout-flow wp-block-column-is-layout-flow\">\n<figure class=\"wp-block-image size-large\"><img loading=\"lazy\" decoding=\"async\" width=\"1024\" height=\"683\" src=\"https:\/\/blaakors.no\/barnas-stasjon\/wp-content\/uploads\/sites\/8\/2024\/10\/Barnehagen_ansatte_web-6-1024x683.jpg\" alt=\"\" class=\"wp-image-80\" srcset=\"https:\/\/blaakors.no\/barnas-stasjon\/wp-content\/uploads\/sites\/8\/2024\/10\/Barnehagen_ansatte_web-6-1024x683.jpg 1024w, https:\/\/blaakors.no\/barnas-stasjon\/wp-content\/uploads\/sites\/8\/2024\/10\/Barnehagen_ansatte_web-6-300x200.jpg 300w, https:\/\/blaakors.no\/barnas-stasjon\/wp-content\/uploads\/sites\/8\/2024\/10\/Barnehagen_ansatte_web-6-768x512.jpg 768w, https:\/\/blaakors.no\/barnas-stasjon\/wp-content\/uploads\/sites\/8\/2024\/10\/Barnehagen_ansatte_web-6-1536x1024.jpg 1536w, https:\/\/blaakors.no\/barnas-stasjon\/wp-content\/uploads\/sites\/8\/2024\/10\/Barnehagen_ansatte_web-6.jpg 1600w\" sizes=\"auto, (max-width: 1024px) 100vw, 1024px\" \/><\/figure>\n<\/div>\n<\/div>\n\n\n\n<div style=\"height:113px\" aria-hidden=\"true\" class=\"wp-block-spacer\"><\/div>\n<\/div>\n\n\n\n<div class=\"wp-block-group has-global-padding is-layout-constrained wp-block-group-is-layout-constrained\">\n<div class=\"wp-block-group has-global-padding is-layout-constrained wp-block-group-is-layout-constrained\">\n<div style=\"height:70px\" aria-hidden=\"true\" class=\"wp-block-spacer\"><\/div>\n\n\n\n<p>Bl\u00e5 Kors \u00e5pen barnehage er et tilbud for barn i f\u00f8rskolealder sammen med en voksen. Hos oss er det ingen p\u00e5melding og man kan komme og g\u00e5 n\u00e5r det passer for hver enkelt, men om man vil v\u00e6re med p\u00e5 samlingsstund eller spise gratis lunsj er det best \u00e5 komme ca. klokka 10.30 \u2013 11. <\/p>\n\n\n\n<p>\u00c5pen barnehage er gratis, og vi har ansatte som tar del i tilbudet.<\/p>\n\n\n\n<p>Mandag, onsdag, torsdag og fredag fra kl. 09.30 \u2013 14 inviterer vi til lek og samlingsstund. Barnehagen er samlokalisert med Bl\u00e5 Kors barnas stasjon i Freskoveien 1, Fredrikstad.<\/p>\n\n\n\n<div style=\"height:70px\" aria-hidden=\"true\" class=\"wp-block-spacer\"><\/div>\n\n\n\n<div class=\"wp-block-media-text is-stacked-on-mobile has-light-purple-background-color has-background\"><figure class=\"wp-block-media-text__media\"><img loading=\"lazy\" decoding=\"async\" width=\"1024\" height=\"683\" src=\"https:\/\/blaakors.no\/barnas-stasjon\/wp-content\/uploads\/sites\/8\/2024\/10\/Barnehagen_brukere_Web-7-1024x683.jpg\" alt=\"\" class=\"wp-image-89 size-full\" srcset=\"https:\/\/blaakors.no\/barnas-stasjon\/wp-content\/uploads\/sites\/8\/2024\/10\/Barnehagen_brukere_Web-7-1024x683.jpg 1024w, https:\/\/blaakors.no\/barnas-stasjon\/wp-content\/uploads\/sites\/8\/2024\/10\/Barnehagen_brukere_Web-7-300x200.jpg 300w, https:\/\/blaakors.no\/barnas-stasjon\/wp-content\/uploads\/sites\/8\/2024\/10\/Barnehagen_brukere_Web-7-768x512.jpg 768w, https:\/\/blaakors.no\/barnas-stasjon\/wp-content\/uploads\/sites\/8\/2024\/10\/Barnehagen_brukere_Web-7-1536x1024.jpg 1536w, https:\/\/blaakors.no\/barnas-stasjon\/wp-content\/uploads\/sites\/8\/2024\/10\/Barnehagen_brukere_Web-7.jpg 1600w\" sizes=\"auto, (max-width: 1024px) 100vw, 1024px\" \/><\/figure><div class=\"wp-block-media-text__content\">\n<p class=\"has-large-font-size\">Er du hjemme i permisjon eller venter p\u00e5 barnehageplass?<\/p>\n\n\n\n<p style=\"font-size:clamp(0.875rem, 0.875rem + ((1vw - 0.2rem) * 0.41), 1.3rem);\">Velkommen til \u00e5 Bl\u00e5 Kors \u00e5pen barnehage<\/p>\n\n\n\n<p style=\"font-size:clamp(0.875rem, 0.875rem + ((1vw - 0.2rem) * 0.41), 1.3rem);\">Man &#8211; ons &#8211; tors &#8211; fre kl 09.30- 14.00<\/p>\n<\/div><\/div>\n\n\n\n<div style=\"height:71px\" aria-hidden=\"true\" class=\"wp-block-spacer\"><\/div>\n\n\n\n<p>Lek er en av de viktigste aktivitetene i et barns liv som stimulerer alle sider ved barns utvikling. Leken bidrar til \u00e5 skape nysgjerrighet og kreativitet. \u00c5 leke med andre barn er en fin m\u00e5te \u00e5 l\u00e6re seg sosialt samspill og spilleregler, og ogs\u00e5 en god tilvenning til barnehage og skole.<\/p>\n\n\n\n<p>I Bl\u00e5 Kors \u00e5pen barnehage m\u00f8ter du ansatte med pedagogisk kompetanse og erfaring. Vi har ogs\u00e5 frivillige som bidrar med omsorg og trygghet<\/p>\n<\/div>\n<\/div>\n\n\n\n<div style=\"height:62px\" aria-hidden=\"true\" class=\"wp-block-spacer\"><\/div>\n\n\n\n<div class=\"wp-block-group has-global-padding is-layout-constrained wp-block-group-is-layout-constrained\">\n<div class=\"wp-block-media-text has-media-on-the-right is-stacked-on-mobile\"><div class=\"wp-block-media-text__content\">\n<p class=\"has-blue-color has-text-color has-link-color wp-elements-261d6ecccc11c06e7142e4f66fe9ca7c\" style=\"font-size:clamp(1.198rem, 1.198rem + ((1vw - 0.2rem) * 0.677), 1.9rem);\"><strong>Ta kontakt med oss<\/strong>! <\/p>\n\n\n\n<p class=\"has-blue-color has-text-color has-link-color wp-elements-a6b780bcb06436d33b481d3b1a2e7628\" style=\"font-size:clamp(1.198rem, 1.198rem + ((1vw - 0.2rem) * 0.677), 1.9rem);\"><strong>tlf: 69 31 48 66<\/strong><\/p>\n\n\n\n<p class=\"has-blue-color has-text-color has-link-color wp-elements-d05a200138cb9a3af26397a6fc54871d\" style=\"font-size:clamp(1.198rem, 1.198rem + ((1vw - 0.2rem) * 0.677), 1.9rem);\"><strong>Freskoveien 1, 1605 Fredrikstad<\/strong><\/p>\n<\/div><figure class=\"wp-block-media-text__media\"><img loading=\"lazy\" decoding=\"async\" width=\"900\" height=\"900\" src=\"https:\/\/blaakors.no\/barnas-stasjon\/wp-content\/uploads\/sites\/8\/2024\/10\/blomst.png\" alt=\"\" class=\"wp-image-85 size-full\" srcset=\"https:\/\/blaakors.no\/barnas-stasjon\/wp-content\/uploads\/sites\/8\/2024\/10\/blomst.png 900w, https:\/\/blaakors.no\/barnas-stasjon\/wp-content\/uploads\/sites\/8\/2024\/10\/blomst-300x300.png 300w, https:\/\/blaakors.no\/barnas-stasjon\/wp-content\/uploads\/sites\/8\/2024\/10\/blomst-150x150.png 150w, https:\/\/blaakors.no\/barnas-stasjon\/wp-content\/uploads\/sites\/8\/2024\/10\/blomst-768x768.png 768w\" sizes=\"auto, (max-width: 900px) 100vw, 900px\" \/><\/figure><\/div>\n<\/div>\n\n\n\n<div style=\"height:113px\" aria-hidden=\"true\" class=\"wp-block-spacer\"><\/div>\n\n\n\n<figure class=\"wp-block-embed is-type-video is-provider-youtube wp-block-embed-youtube wp-embed-aspect-16-9 wp-has-aspect-ratio\"><div class=\"wp-block-embed__wrapper\">\n<iframe loading=\"lazy\" title=\"Bl\u00e5 Kors \u00e5pen barnehage\" width=\"500\" height=\"281\" src=\"https:\/\/www.youtube.com\/embed\/_0zAKhWswsU?feature=oembed\" frameborder=\"0\" allow=\"accelerometer; autoplay; clipboard-write; encrypted-media; gyroscope; picture-in-picture; web-share\" referrerpolicy=\"strict-origin-when-cross-origin\" allowfullscreen><\/iframe>\n<\/div><\/figure>\n\n\n\n<div style=\"height:113px\" aria-hidden=\"true\" class=\"wp-block-spacer\"><\/div>\n","protected":false},"excerpt":{"rendered":"<p>Bl\u00e5 Kors \u00e5pen barnehage Bl\u00e5 Kors \u00e5pen barnehage er et tilbud for barn i f\u00f8rskolealder sammen med en voksen. Hos oss er det ingen p\u00e5melding og man kan komme og g\u00e5 n\u00e5r det passer for hver enkelt, men om man vil v\u00e6re med p\u00e5 samlingsstund eller spise gratis lunsj er det best \u00e5 komme ca. [&hellip;]<\/p>\n","protected":false},"author":2,"featured_media":0,"parent":0,"menu_order":0,"comment_status":"closed","ping_status":"closed","template":"","meta":{"inline_featured_image":false,"_exactmetrics_skip_tracking":false,"_exactmetrics_sitenote_active":false,"_exactmetrics_sitenote_note":"","_exactmetrics_sitenote_category":0,"footnotes":""},"class_list":["post-69","page","type-page","status-publish","hentry"],"yoast_head":"<!-- This site is optimized with the Yoast SEO plugin v26.6 - https:\/\/yoast.com\/wordpress\/plugins\/seo\/ -->\n<title>Bl\u00e5 Kors \u00e5pen barnehage - Barnas stasjon<\/title>\n<meta name=\"robots\" content=\"noindex, follow, max-snippet:-1, max-image-preview:large, max-video-preview:-1\" \/>\n<meta property=\"og:locale\" content=\"nb_NO\" \/>\n<meta property=\"og:type\" content=\"article\" \/>\n<meta property=\"og:title\" content=\"Bl\u00e5 Kors \u00e5pen barnehage - Barnas stasjon\" \/>\n<meta property=\"og:description\" content=\"Bl\u00e5 Kors \u00e5pen barnehage Bl\u00e5 Kors \u00e5pen barnehage er et tilbud for barn i f\u00f8rskolealder sammen med en voksen. Hos oss er det ingen p\u00e5melding og man kan komme og g\u00e5 n\u00e5r det passer for hver enkelt, men om man vil v\u00e6re med p\u00e5 samlingsstund eller spise gratis lunsj er det best \u00e5 komme ca. [&hellip;]\" \/>\n<meta property=\"og:url\" content=\"https:\/\/blaakors.no\/barnas-stasjon\/bla-kors-apen-barnehage\/\" \/>\n<meta property=\"og:site_name\" content=\"Barnas stasjon\" \/>\n<meta property=\"article:modified_time\" content=\"2026-01-22T21:21:19+00:00\" \/>\n<meta property=\"og:image\" content=\"https:\/\/blaakors.no\/barnas-stasjon\/wp-content\/uploads\/sites\/8\/2024\/10\/Barnehagen_ansatte_web-6.jpg\" \/>\n\t<meta property=\"og:image:width\" content=\"1600\" \/>\n\t<meta property=\"og:image:height\" content=\"1067\" \/>\n\t<meta property=\"og:image:type\" content=\"image\/jpeg\" \/>\n<meta name=\"twitter:card\" content=\"summary_large_image\" \/>\n<meta name=\"twitter:label1\" content=\"Ansl. lesetid\" \/>\n\t<meta name=\"twitter:data1\" content=\"2 minutter\" \/>\n<script type=\"application\/ld+json\" class=\"yoast-schema-graph\">{\"@context\":\"https:\/\/schema.org\",\"@graph\":[{\"@type\":\"WebPage\",\"@id\":\"https:\/\/blaakors.no\/barnas-stasjon\/bla-kors-apen-barnehage\/\",\"url\":\"https:\/\/blaakors.no\/barnas-stasjon\/bla-kors-apen-barnehage\/\",\"name\":\"Bl\u00e5 Kors \u00e5pen barnehage - Barnas stasjon\",\"isPartOf\":{\"@id\":\"https:\/\/blaakors.no\/barnas-stasjon\/#website\"},\"primaryImageOfPage\":{\"@id\":\"https:\/\/blaakors.no\/barnas-stasjon\/bla-kors-apen-barnehage\/#primaryimage\"},\"image\":{\"@id\":\"https:\/\/blaakors.no\/barnas-stasjon\/bla-kors-apen-barnehage\/#primaryimage\"},\"thumbnailUrl\":\"https:\/\/blaakors.no\/barnas-stasjon\/wp-content\/uploads\/sites\/8\/2024\/10\/Barnehagen_ansatte_web-6-1024x683.jpg\",\"datePublished\":\"2024-10-17T09:00:15+00:00\",\"dateModified\":\"2026-01-22T21:21:19+00:00\",\"breadcrumb\":{\"@id\":\"https:\/\/blaakors.no\/barnas-stasjon\/bla-kors-apen-barnehage\/#breadcrumb\"},\"inLanguage\":\"nb-NO\",\"potentialAction\":[{\"@type\":\"ReadAction\",\"target\":[\"https:\/\/blaakors.no\/barnas-stasjon\/bla-kors-apen-barnehage\/\"]}]},{\"@type\":\"ImageObject\",\"inLanguage\":\"nb-NO\",\"@id\":\"https:\/\/blaakors.no\/barnas-stasjon\/bla-kors-apen-barnehage\/#primaryimage\",\"url\":\"https:\/\/blaakors.no\/barnas-stasjon\/wp-content\/uploads\/sites\/8\/2024\/10\/Barnehagen_ansatte_web-6.jpg\",\"contentUrl\":\"https:\/\/blaakors.no\/barnas-stasjon\/wp-content\/uploads\/sites\/8\/2024\/10\/Barnehagen_ansatte_web-6.jpg\",\"width\":1600,\"height\":1067},{\"@type\":\"BreadcrumbList\",\"@id\":\"https:\/\/blaakors.no\/barnas-stasjon\/bla-kors-apen-barnehage\/#breadcrumb\",\"itemListElement\":[{\"@type\":\"ListItem\",\"position\":1,\"name\":\"Hjem\",\"item\":\"https:\/\/blaakors.no\/barnas-stasjon\/\"},{\"@type\":\"ListItem\",\"position\":2,\"name\":\"Bl\u00e5 Kors \u00e5pen barnehage\"}]},{\"@type\":\"WebSite\",\"@id\":\"https:\/\/blaakors.no\/barnas-stasjon\/#website\",\"url\":\"https:\/\/blaakors.no\/barnas-stasjon\/\",\"name\":\"Barnas stasjon\",\"description\":\"I sentrum st\u00e5r et menneske\",\"publisher\":{\"@id\":\"https:\/\/blaakors.no\/barnas-stasjon\/#organization\"},\"potentialAction\":[{\"@type\":\"SearchAction\",\"target\":{\"@type\":\"EntryPoint\",\"urlTemplate\":\"https:\/\/blaakors.no\/barnas-stasjon\/?s={search_term_string}\"},\"query-input\":{\"@type\":\"PropertyValueSpecification\",\"valueRequired\":true,\"valueName\":\"search_term_string\"}}],\"inLanguage\":\"nb-NO\"},{\"@type\":\"Organization\",\"@id\":\"https:\/\/blaakors.no\/barnas-stasjon\/#organization\",\"name\":\"Barnas stasjon\",\"url\":\"https:\/\/blaakors.no\/barnas-stasjon\/\",\"logo\":{\"@type\":\"ImageObject\",\"inLanguage\":\"nb-NO\",\"@id\":\"https:\/\/blaakors.no\/barnas-stasjon\/#\/schema\/logo\/image\/\",\"url\":\"https:\/\/blaakors.no\/barnas-stasjon\/wp-content\/uploads\/sites\/8\/2024\/10\/Bla-kors-logo-fredrikstad.svg\",\"contentUrl\":\"https:\/\/blaakors.no\/barnas-stasjon\/wp-content\/uploads\/sites\/8\/2024\/10\/Bla-kors-logo-fredrikstad.svg\",\"caption\":\"Barnas stasjon\"},\"image\":{\"@id\":\"https:\/\/blaakors.no\/barnas-stasjon\/#\/schema\/logo\/image\/\"}}]}<\/script>\n<!-- \/ Yoast SEO plugin. -->","yoast_head_json":{"title":"Bl\u00e5 Kors \u00e5pen barnehage - Barnas stasjon","robots":{"index":"noindex","follow":"follow","max-snippet":"max-snippet:-1","max-image-preview":"max-image-preview:large","max-video-preview":"max-video-preview:-1"},"og_locale":"nb_NO","og_type":"article","og_title":"Bl\u00e5 Kors \u00e5pen barnehage - Barnas stasjon","og_description":"Bl\u00e5 Kors \u00e5pen barnehage Bl\u00e5 Kors \u00e5pen barnehage er et tilbud for barn i f\u00f8rskolealder sammen med en voksen. Hos oss er det ingen p\u00e5melding og man kan komme og g\u00e5 n\u00e5r det passer for hver enkelt, men om man vil v\u00e6re med p\u00e5 samlingsstund eller spise gratis lunsj er det best \u00e5 komme ca. [&hellip;]","og_url":"https:\/\/blaakors.no\/barnas-stasjon\/bla-kors-apen-barnehage\/","og_site_name":"Barnas stasjon","article_modified_time":"2026-01-22T21:21:19+00:00","og_image":[{"width":1600,"height":1067,"url":"https:\/\/blaakors.no\/barnas-stasjon\/wp-content\/uploads\/sites\/8\/2024\/10\/Barnehagen_ansatte_web-6.jpg","type":"image\/jpeg"}],"twitter_card":"summary_large_image","twitter_misc":{"Ansl. lesetid":"2 minutter"},"schema":{"@context":"https:\/\/schema.org","@graph":[{"@type":"WebPage","@id":"https:\/\/blaakors.no\/barnas-stasjon\/bla-kors-apen-barnehage\/","url":"https:\/\/blaakors.no\/barnas-stasjon\/bla-kors-apen-barnehage\/","name":"Bl\u00e5 Kors \u00e5pen barnehage - Barnas stasjon","isPartOf":{"@id":"https:\/\/blaakors.no\/barnas-stasjon\/#website"},"primaryImageOfPage":{"@id":"https:\/\/blaakors.no\/barnas-stasjon\/bla-kors-apen-barnehage\/#primaryimage"},"image":{"@id":"https:\/\/blaakors.no\/barnas-stasjon\/bla-kors-apen-barnehage\/#primaryimage"},"thumbnailUrl":"https:\/\/blaakors.no\/barnas-stasjon\/wp-content\/uploads\/sites\/8\/2024\/10\/Barnehagen_ansatte_web-6-1024x683.jpg","datePublished":"2024-10-17T09:00:15+00:00","dateModified":"2026-01-22T21:21:19+00:00","breadcrumb":{"@id":"https:\/\/blaakors.no\/barnas-stasjon\/bla-kors-apen-barnehage\/#breadcrumb"},"inLanguage":"nb-NO","potentialAction":[{"@type":"ReadAction","target":["https:\/\/blaakors.no\/barnas-stasjon\/bla-kors-apen-barnehage\/"]}]},{"@type":"ImageObject","inLanguage":"nb-NO","@id":"https:\/\/blaakors.no\/barnas-stasjon\/bla-kors-apen-barnehage\/#primaryimage","url":"https:\/\/blaakors.no\/barnas-stasjon\/wp-content\/uploads\/sites\/8\/2024\/10\/Barnehagen_ansatte_web-6.jpg","contentUrl":"https:\/\/blaakors.no\/barnas-stasjon\/wp-content\/uploads\/sites\/8\/2024\/10\/Barnehagen_ansatte_web-6.jpg","width":1600,"height":1067},{"@type":"BreadcrumbList","@id":"https:\/\/blaakors.no\/barnas-stasjon\/bla-kors-apen-barnehage\/#breadcrumb","itemListElement":[{"@type":"ListItem","position":1,"name":"Hjem","item":"https:\/\/blaakors.no\/barnas-stasjon\/"},{"@type":"ListItem","position":2,"name":"Bl\u00e5 Kors \u00e5pen barnehage"}]},{"@type":"WebSite","@id":"https:\/\/blaakors.no\/barnas-stasjon\/#website","url":"https:\/\/blaakors.no\/barnas-stasjon\/","name":"Barnas stasjon","description":"I sentrum st\u00e5r et menneske","publisher":{"@id":"https:\/\/blaakors.no\/barnas-stasjon\/#organization"},"potentialAction":[{"@type":"SearchAction","target":{"@type":"EntryPoint","urlTemplate":"https:\/\/blaakors.no\/barnas-stasjon\/?s={search_term_string}"},"query-input":{"@type":"PropertyValueSpecification","valueRequired":true,"valueName":"search_term_string"}}],"inLanguage":"nb-NO"},{"@type":"Organization","@id":"https:\/\/blaakors.no\/barnas-stasjon\/#organization","name":"Barnas stasjon","url":"https:\/\/blaakors.no\/barnas-stasjon\/","logo":{"@type":"ImageObject","inLanguage":"nb-NO","@id":"https:\/\/blaakors.no\/barnas-stasjon\/#\/schema\/logo\/image\/","url":"https:\/\/blaakors.no\/barnas-stasjon\/wp-content\/uploads\/sites\/8\/2024\/10\/Bla-kors-logo-fredrikstad.svg","contentUrl":"https:\/\/blaakors.no\/barnas-stasjon\/wp-content\/uploads\/sites\/8\/2024\/10\/Bla-kors-logo-fredrikstad.svg","caption":"Barnas stasjon"},"image":{"@id":"https:\/\/blaakors.no\/barnas-stasjon\/#\/schema\/logo\/image\/"}}]}},"_links":{"self":[{"href":"https:\/\/blaakors.no\/barnas-stasjon\/wp-json\/wp\/v2\/pages\/69","targetHints":{"allow":["GET"]}}],"collection":[{"href":"https:\/\/blaakors.no\/barnas-stasjon\/wp-json\/wp\/v2\/pages"}],"about":[{"href":"https:\/\/blaakors.no\/barnas-stasjon\/wp-json\/wp\/v2\/types\/page"}],"author":[{"embeddable":true,"href":"https:\/\/blaakors.no\/barnas-stasjon\/wp-json\/wp\/v2\/users\/2"}],"replies":[{"embeddable":true,"href":"https:\/\/blaakors.no\/barnas-stasjon\/wp-json\/wp\/v2\/comments?post=69"}],"version-history":[{"count":25,"href":"https:\/\/blaakors.no\/barnas-stasjon\/wp-json\/wp\/v2\/pages\/69\/revisions"}],"predecessor-version":[{"id":234,"href":"https:\/\/blaakors.no\/barnas-stasjon\/wp-json\/wp\/v2\/pages\/69\/revisions\/234"}],"wp:attachment":[{"href":"https:\/\/blaakors.no\/barnas-stasjon\/wp-json\/wp\/v2\/media?parent=69"}],"curies":[{"name":"wp","href":"https:\/\/api.w.org\/{rel}","templated":true}]}}