{"id":16,"date":"2024-08-21T14:09:18","date_gmt":"2024-08-21T12:09:18","guid":{"rendered":"https:\/\/blaakors.no\/ilaveien-bosenter\/?page_id=16"},"modified":"2025-11-27T10:43:04","modified_gmt":"2025-11-27T09:43:04","slug":"om-oss","status":"publish","type":"page","link":"https:\/\/blaakors.no\/bosenter\/om-oss\/","title":{"rendered":"Om oss"},"content":{"rendered":"\n<div class=\"wp-block-group alignfull has-light-beige-background-color has-background has-global-padding is-layout-constrained wp-block-group-is-layout-constrained\">\n<div style=\"height:180px\" aria-hidden=\"true\" class=\"wp-block-spacer\"><\/div>\n\n\n\n<div style=\"height:80px\" aria-hidden=\"true\" class=\"wp-block-spacer hide-mobile\"><\/div>\n\n\n\n<div class=\"wp-block-columns alignwide has-beige-background-color has-background is-layout-flex wp-container-core-columns-is-layout-2 wp-block-columns-is-layout-flex\" style=\"border-radius:15px;padding-top:0;padding-right:0;padding-bottom:0;padding-left:0\">\n<div class=\"wp-block-column is-layout-flow wp-block-column-is-layout-flow\">\n<div class=\"wp-block-columns is-layout-flex wp-container-core-columns-is-layout-1 wp-block-columns-is-layout-flex\">\n<div class=\"wp-block-column is-vertically-aligned-center is-layout-flow wp-block-column-is-layout-flow\" style=\"padding-top:var(--wp--preset--spacing--50);padding-right:var(--wp--preset--spacing--50);padding-bottom:var(--wp--preset--spacing--50);padding-left:var(--wp--preset--spacing--50)\">\n<p>Om oss<\/p>\n\n\n\n<h2 class=\"wp-block-heading\">Gjennom trygge omgivelser, omsorg og veiledning, gir vi v\u00e5re beboere \u00f8kt mestringsf\u00f8lelse og bedret livskvalitet<\/h2>\n<\/div>\n\n\n\n<div class=\"wp-block-column is-vertically-aligned-center is-layout-flow wp-block-column-is-layout-flow\">\n<div class=\"wp-block-cover is-light image-cover-mobile\" style=\"border-top-left-radius:0px;border-top-right-radius:15px;border-bottom-left-radius:0px;border-bottom-right-radius:15px;min-height:559px;aspect-ratio:unset;\"><span aria-hidden=\"true\" class=\"wp-block-cover__background has-background-dim-0 has-background-dim\" style=\"background-color:#b8a786\"><\/span><img loading=\"lazy\" decoding=\"async\" width=\"1600\" height=\"1067\" class=\"wp-block-cover__image-background wp-image-658\" alt=\"\" src=\"https:\/\/blaakors.no\/bosenter\/wp-content\/uploads\/sites\/4\/2024\/10\/Kulas_web-9.jpg\" data-object-fit=\"cover\" srcset=\"https:\/\/blaakors.no\/bosenter\/wp-content\/uploads\/sites\/4\/2024\/10\/Kulas_web-9.jpg 1600w, https:\/\/blaakors.no\/bosenter\/wp-content\/uploads\/sites\/4\/2024\/10\/Kulas_web-9-300x200.jpg 300w, https:\/\/blaakors.no\/bosenter\/wp-content\/uploads\/sites\/4\/2024\/10\/Kulas_web-9-1024x683.jpg 1024w, https:\/\/blaakors.no\/bosenter\/wp-content\/uploads\/sites\/4\/2024\/10\/Kulas_web-9-768x512.jpg 768w, https:\/\/blaakors.no\/bosenter\/wp-content\/uploads\/sites\/4\/2024\/10\/Kulas_web-9-1536x1024.jpg 1536w\" sizes=\"auto, (max-width: 1600px) 100vw, 1600px\" \/><div class=\"wp-block-cover__inner-container has-global-padding is-layout-constrained wp-block-cover-is-layout-constrained\">\n<p class=\"has-text-align-center has-large-font-size\"><\/p>\n<\/div><\/div>\n<\/div>\n<\/div>\n<\/div>\n<\/div>\n\n\n\n<div style=\"height:50px\" aria-hidden=\"true\" class=\"wp-block-spacer\"><\/div>\n\n\n\n<div style=\"height:50px\" aria-hidden=\"true\" class=\"wp-block-spacer hide-mobile\"><\/div>\n<\/div>\n\n\n\n<div class=\"wp-block-group has-global-padding is-layout-constrained wp-block-group-is-layout-constrained\">\n<div style=\"height:50px\" aria-hidden=\"true\" class=\"wp-block-spacer\"><\/div>\n\n\n\n<div style=\"height:50px\" aria-hidden=\"true\" class=\"wp-block-spacer hide-mobile\"><\/div>\n\n\n\n<div class=\"wp-block-columns is-layout-flex wp-container-core-columns-is-layout-3 wp-block-columns-is-layout-flex\">\n<div class=\"wp-block-column is-layout-flow wp-block-column-is-layout-flow\">\n<h2 class=\"wp-block-heading\">Bosenter Fredrikstad<\/h2>\n\n\n\n<p>V\u00e5rt bosenter i Fredrikstad startet opp i 2003 og er et botilbud for mennesker med rusproblematikk og psykiske lidelser. Bosenteret har 30 leiligheter som disponeres av Fredrikstad kommune. Tilbudet i Fredrikstad leveres i samdrift med Fredrikstad kommune. Ansatte i Stiftelsen Bl\u00e5 Kors Fredrikstad og Fredrikstad kommune jobber derfor side om side om oppgaver, rutiner og oppf\u00f8lging av den enkelte beboer. Alle leilighetene best\u00e5r stue med kj\u00f8kkenkrok og bad. Alle leilighetene har eget soverom.<\/p>\n\n\n\n<p>Bosenterets hovedoppgave er \u00e5 bist\u00e5 beboerne slik at de mestrer \u00e5 bo s\u00e5 selvstendig som mulig, samt tilrettelegge for en meningsfull hverdag. I botiden f\u00f8lges den enkelte beboer opp gjennom boveiledning, praktisk bistand, tilbud om sosiale m\u00f8teplasser og tilrettelegging av aktiviteter p\u00e5 og utenfor huset. For \u00e5 lykkes med dette er det viktig at beboernes individuelle behov vektlegges og at de selv er med i prosessen. Vi jobber med positive endringsprosesser hvor det langsiktige m\u00e5let er et liv uten rus, i tillegg til \u00f8kt livskvalitet og mestringsf\u00f8lelse.<\/p>\n\n\n\n<h2 class=\"wp-block-heading\">Bosenter Sarpsborg<\/h2>\n\n\n\n<p>V\u00e5rt bosenter i Sarpsborg startet opp i 1991 og har totalt 37&nbsp;boenheter. M\u00e5lgruppen er mennesker med rus- og andre psykososiale utfordringer. Hyblene leies ut p\u00e5 oppdrag fra NAV Sarpsborg og Sarpsborg kommune. M\u00e5lgruppa er mennesker i Sarpsborg med rus- og annen psykososial problematikk. Botilbudet best\u00e5r av 11 hybler i Kul\u00e5sgata 40 for midlertidig innkvartering av bostedsl\u00f8se.&nbsp;<\/p>\n\n\n\n<p>I botiden f\u00f8lges den enkelte beboer opp gjennom boveiledning, praktisk bistand, tilbud om sosiale m\u00f8teplasser og tilrettelegging av aktiviteter p\u00e5 og utenfor huset. Individuell oppf\u00f8lging hvor den enkelte beboer selv er med i prosessen er viktig. Vi jobber med positive endringsprosesser hvor det langsiktige m\u00e5let er et liv uten rus, i tillegg til \u00f8kt livskvalitet og mestringsf\u00f8lelse. Vi samarbeider tett med Sarpsborg kommune og det \u00f8vrige hjelpeapparatet.<\/p>\n\n\n\n<p>Videre best\u00e5r tilbudet p\u00e5 Kul\u00e5ssenteret av 26 utleieleiligheter med botid beregnet inntil 3 \u00e5r. 4 av disse leilighetene er en egen avdeling for ungdom. I botiden f\u00f8lges den enkelte beboer opp med boveiledning og praktisk bistand i egen leilighet, samt jevnlige samarbeidsm\u00f8ter mellom Kul\u00e5ssenteret og det \u00f8vrige hjelpeapparatet. <\/p>\n\n\n\n<div style=\"height:33px\" aria-hidden=\"true\" class=\"wp-block-spacer\"><\/div>\n\n\n\n<p>P\u00e5 begge bosenterne har vi flere aktivitetstilbud til v\u00e5re beboere, blant tegne- og malekurs, treningsrom, biljard og drivhus. Aktivitetene p\u00e5 huset er viktig for \u00e5 skape en meningsfull hverdag og sosialt samv\u00e6r.<\/p>\n\n\n\n<p>Alle beboere forventes \u00e5 ivareta egen husholdning, da botilbudet er tilrettelagt for dette. Vi tilrettelegger imidlertid for felles frokost hver dag for de beboere som \u00f8nsker \u00e5 benytte seg av dette. I h\u00f8ytider og i noen helger serveres det middag og andre m\u00e5ltider.<\/p>\n<\/div>\n<\/div>\n\n\n\n<div style=\"height:32px\" aria-hidden=\"true\" class=\"wp-block-spacer\"><\/div>\n\n\n\n<h3 class=\"wp-block-heading\">Ansatte<\/h3>\n\n\n\n<p>Personalgruppen p\u00e5 begge bosenter best\u00e5r av faste ansatte med et bredt spekter av utdanning og kompetanse. De deler alle et stort engasjement for m\u00e5lgruppen. <\/p>\n\n\n\n<p>Tidgivere i Bl\u00e5 Kors Fredrikstad og andre samarbeidspartnere legger til rette for gode aktiviteter for beboere.<\/p>\n\n\n\n<div style=\"height:50px\" aria-hidden=\"true\" class=\"wp-block-spacer hide-mobile\"><\/div>\n\n\n\n<div class=\"wp-block-columns is-layout-flex wp-container-core-columns-is-layout-4 wp-block-columns-is-layout-flex\">\n<div class=\"wp-block-column is-layout-flow wp-block-column-is-layout-flow\">\n<figure class=\"wp-block-image size-full is-resized\"><img loading=\"lazy\" decoding=\"async\" width=\"870\" height=\"752\" src=\"https:\/\/blaakors.no\/bosenter\/wp-content\/uploads\/sites\/4\/2025\/11\/Katrine_web-1-e1764236529665.jpg\" alt=\"\" class=\"wp-image-681\" style=\"aspect-ratio:1;object-fit:cover;width:336px;height:auto\" srcset=\"https:\/\/blaakors.no\/bosenter\/wp-content\/uploads\/sites\/4\/2025\/11\/Katrine_web-1-e1764236529665.jpg 870w, https:\/\/blaakors.no\/bosenter\/wp-content\/uploads\/sites\/4\/2025\/11\/Katrine_web-1-e1764236529665-300x259.jpg 300w, https:\/\/blaakors.no\/bosenter\/wp-content\/uploads\/sites\/4\/2025\/11\/Katrine_web-1-e1764236529665-768x664.jpg 768w\" sizes=\"auto, (max-width: 870px) 100vw, 870px\" \/><\/figure>\n\n\n\n<h4 class=\"wp-block-heading\">Katrine Behsert<\/h4>\n\n\n\n<p>Ledende milj\u00f8terapeut, Bl\u00e5 Kors bosenter Fredrikstad<br>Mobil: <a href=\"tel:+47 91 99 12 36\">+47 408 45 029<\/a><br><a href=\"mailto:katrine.behsert@blaakors.no\">katrine.behsert@blaakors.no<\/a><\/p>\n<\/div>\n\n\n\n<div class=\"wp-block-column is-layout-flow wp-block-column-is-layout-flow\">\n<figure class=\"wp-block-image size-full is-resized\"><img loading=\"lazy\" decoding=\"async\" width=\"1440\" height=\"1440\" src=\"https:\/\/blaakors.no\/bosenter\/wp-content\/uploads\/sites\/4\/2025\/04\/Jorun-sort-hvitt.jpg\" alt=\"\" class=\"wp-image-675\" style=\"object-fit:cover;width:336px;height:auto\" srcset=\"https:\/\/blaakors.no\/bosenter\/wp-content\/uploads\/sites\/4\/2025\/04\/Jorun-sort-hvitt.jpg 1440w, https:\/\/blaakors.no\/bosenter\/wp-content\/uploads\/sites\/4\/2025\/04\/Jorun-sort-hvitt-300x300.jpg 300w, https:\/\/blaakors.no\/bosenter\/wp-content\/uploads\/sites\/4\/2025\/04\/Jorun-sort-hvitt-1024x1024.jpg 1024w, https:\/\/blaakors.no\/bosenter\/wp-content\/uploads\/sites\/4\/2025\/04\/Jorun-sort-hvitt-150x150.jpg 150w, https:\/\/blaakors.no\/bosenter\/wp-content\/uploads\/sites\/4\/2025\/04\/Jorun-sort-hvitt-768x768.jpg 768w\" sizes=\"auto, (max-width: 1440px) 100vw, 1440px\" \/><\/figure>\n\n\n\n<h4 class=\"wp-block-heading\">Jorun M. Wahlberg<\/h4>\n\n\n\n<p>Ledende milj\u00f8terapeut, Bl\u00e5 Kors bosenter Sarpsborg<br>Mobil: <a href=\"tel:+47 91 99 12 36\">+47 907 43 494<\/a><br><a href=\"mailto:jorun.wahlberg@blaakors.no\">jorun.wahlberg@blaakors.no<\/a><\/p>\n<\/div>\n<\/div>\n\n\n\n<div style=\"height:50px\" aria-hidden=\"true\" class=\"wp-block-spacer\"><\/div>\n<\/div>\n\n\n\n<p><\/p>\n","protected":false},"excerpt":{"rendered":"<p>Om oss Gjennom trygge omgivelser, omsorg og veiledning, gir vi v\u00e5re beboere \u00f8kt mestringsf\u00f8lelse og bedret livskvalitet Bosenter Fredrikstad V\u00e5rt bosenter i Fredrikstad startet opp i 2003 og er et botilbud for mennesker med rusproblematikk og psykiske lidelser. Bosenteret har 30 leiligheter som disponeres av Fredrikstad kommune. Tilbudet i Fredrikstad leveres i samdrift med Fredrikstad [&hellip;]<\/p>\n","protected":false},"author":1,"featured_media":0,"parent":0,"menu_order":0,"comment_status":"closed","ping_status":"closed","template":"","meta":{"inline_featured_image":false,"_exactmetrics_skip_tracking":false,"_exactmetrics_sitenote_active":false,"_exactmetrics_sitenote_note":"","_exactmetrics_sitenote_category":0,"footnotes":""},"class_list":["post-16","page","type-page","status-publish","hentry"],"yoast_head":"<!-- This site is optimized with the Yoast SEO plugin v26.6 - https:\/\/yoast.com\/wordpress\/plugins\/seo\/ -->\n<title>Om oss - Bosenter<\/title>\n<meta name=\"robots\" content=\"index, follow, max-snippet:-1, max-image-preview:large, max-video-preview:-1\" \/>\n<link rel=\"canonical\" href=\"https:\/\/blaakors.no\/bosenter\/om-oss\/\" \/>\n<meta property=\"og:locale\" content=\"nb_NO\" \/>\n<meta property=\"og:type\" content=\"article\" \/>\n<meta property=\"og:title\" content=\"Om oss - Bosenter\" \/>\n<meta property=\"og:description\" content=\"Om oss Gjennom trygge omgivelser, omsorg og veiledning, gir vi v\u00e5re beboere \u00f8kt mestringsf\u00f8lelse og bedret livskvalitet Bosenter Fredrikstad V\u00e5rt bosenter i Fredrikstad startet opp i 2003 og er et botilbud for mennesker med rusproblematikk og psykiske lidelser. Bosenteret har 30 leiligheter som disponeres av Fredrikstad kommune. Tilbudet i Fredrikstad leveres i samdrift med Fredrikstad [&hellip;]\" \/>\n<meta property=\"og:url\" content=\"https:\/\/blaakors.no\/bosenter\/om-oss\/\" \/>\n<meta property=\"og:site_name\" content=\"Bosenter\" \/>\n<meta property=\"article:modified_time\" content=\"2025-11-27T09:43:04+00:00\" \/>\n<meta property=\"og:image\" content=\"https:\/\/blaakors.no\/bosenter\/wp-content\/uploads\/sites\/4\/2024\/10\/Kulas_web-9.jpg\" \/>\n\t<meta property=\"og:image:width\" content=\"1600\" \/>\n\t<meta property=\"og:image:height\" content=\"1067\" \/>\n\t<meta property=\"og:image:type\" content=\"image\/jpeg\" \/>\n<meta name=\"twitter:card\" content=\"summary_large_image\" \/>\n<meta name=\"twitter:label1\" content=\"Ansl. lesetid\" \/>\n\t<meta name=\"twitter:data1\" content=\"4 minutter\" \/>\n<script type=\"application\/ld+json\" class=\"yoast-schema-graph\">{\"@context\":\"https:\/\/schema.org\",\"@graph\":[{\"@type\":\"WebPage\",\"@id\":\"https:\/\/blaakors.no\/bosenter\/om-oss\/\",\"url\":\"https:\/\/blaakors.no\/bosenter\/om-oss\/\",\"name\":\"Om oss - Bosenter\",\"isPartOf\":{\"@id\":\"https:\/\/blaakors.no\/bosenter\/#website\"},\"primaryImageOfPage\":{\"@id\":\"https:\/\/blaakors.no\/bosenter\/om-oss\/#primaryimage\"},\"image\":{\"@id\":\"https:\/\/blaakors.no\/bosenter\/om-oss\/#primaryimage\"},\"thumbnailUrl\":\"https:\/\/blaakors.no\/bosenter\/wp-content\/uploads\/sites\/4\/2024\/10\/Kulas_web-9.jpg\",\"datePublished\":\"2024-08-21T12:09:18+00:00\",\"dateModified\":\"2025-11-27T09:43:04+00:00\",\"breadcrumb\":{\"@id\":\"https:\/\/blaakors.no\/bosenter\/om-oss\/#breadcrumb\"},\"inLanguage\":\"nb-NO\",\"potentialAction\":[{\"@type\":\"ReadAction\",\"target\":[\"https:\/\/blaakors.no\/bosenter\/om-oss\/\"]}]},{\"@type\":\"ImageObject\",\"inLanguage\":\"nb-NO\",\"@id\":\"https:\/\/blaakors.no\/bosenter\/om-oss\/#primaryimage\",\"url\":\"https:\/\/blaakors.no\/bosenter\/wp-content\/uploads\/sites\/4\/2024\/10\/Kulas_web-9.jpg\",\"contentUrl\":\"https:\/\/blaakors.no\/bosenter\/wp-content\/uploads\/sites\/4\/2024\/10\/Kulas_web-9.jpg\",\"width\":1600,\"height\":1067},{\"@type\":\"BreadcrumbList\",\"@id\":\"https:\/\/blaakors.no\/bosenter\/om-oss\/#breadcrumb\",\"itemListElement\":[{\"@type\":\"ListItem\",\"position\":1,\"name\":\"Hjem\",\"item\":\"https:\/\/blaakors.no\/bosenter\/\"},{\"@type\":\"ListItem\",\"position\":2,\"name\":\"Om oss\"}]},{\"@type\":\"WebSite\",\"@id\":\"https:\/\/blaakors.no\/bosenter\/#website\",\"url\":\"https:\/\/blaakors.no\/bosenter\/\",\"name\":\"Bosenter\",\"description\":\"I sentrum st\u00e5r et menneske\",\"publisher\":{\"@id\":\"https:\/\/blaakors.no\/bosenter\/#organization\"},\"potentialAction\":[{\"@type\":\"SearchAction\",\"target\":{\"@type\":\"EntryPoint\",\"urlTemplate\":\"https:\/\/blaakors.no\/bosenter\/?s={search_term_string}\"},\"query-input\":{\"@type\":\"PropertyValueSpecification\",\"valueRequired\":true,\"valueName\":\"search_term_string\"}}],\"inLanguage\":\"nb-NO\"},{\"@type\":\"Organization\",\"@id\":\"https:\/\/blaakors.no\/bosenter\/#organization\",\"name\":\"Bosenter\",\"url\":\"https:\/\/blaakors.no\/bosenter\/\",\"logo\":{\"@type\":\"ImageObject\",\"inLanguage\":\"nb-NO\",\"@id\":\"https:\/\/blaakors.no\/bosenter\/#\/schema\/logo\/image\/\",\"url\":\"https:\/\/blaakors.no\/bosenter\/wp-content\/uploads\/sites\/4\/2024\/09\/Bla-kors-logo-fredrikstad.svg\",\"contentUrl\":\"https:\/\/blaakors.no\/bosenter\/wp-content\/uploads\/sites\/4\/2024\/09\/Bla-kors-logo-fredrikstad.svg\",\"caption\":\"Bosenter\"},\"image\":{\"@id\":\"https:\/\/blaakors.no\/bosenter\/#\/schema\/logo\/image\/\"}}]}<\/script>\n<!-- \/ Yoast SEO plugin. -->","yoast_head_json":{"title":"Om oss - Bosenter","robots":{"index":"index","follow":"follow","max-snippet":"max-snippet:-1","max-image-preview":"max-image-preview:large","max-video-preview":"max-video-preview:-1"},"canonical":"https:\/\/blaakors.no\/bosenter\/om-oss\/","og_locale":"nb_NO","og_type":"article","og_title":"Om oss - Bosenter","og_description":"Om oss Gjennom trygge omgivelser, omsorg og veiledning, gir vi v\u00e5re beboere \u00f8kt mestringsf\u00f8lelse og bedret livskvalitet Bosenter Fredrikstad V\u00e5rt bosenter i Fredrikstad startet opp i 2003 og er et botilbud for mennesker med rusproblematikk og psykiske lidelser. Bosenteret har 30 leiligheter som disponeres av Fredrikstad kommune. Tilbudet i Fredrikstad leveres i samdrift med Fredrikstad [&hellip;]","og_url":"https:\/\/blaakors.no\/bosenter\/om-oss\/","og_site_name":"Bosenter","article_modified_time":"2025-11-27T09:43:04+00:00","og_image":[{"width":1600,"height":1067,"url":"https:\/\/blaakors.no\/bosenter\/wp-content\/uploads\/sites\/4\/2024\/10\/Kulas_web-9.jpg","type":"image\/jpeg"}],"twitter_card":"summary_large_image","twitter_misc":{"Ansl. lesetid":"4 minutter"},"schema":{"@context":"https:\/\/schema.org","@graph":[{"@type":"WebPage","@id":"https:\/\/blaakors.no\/bosenter\/om-oss\/","url":"https:\/\/blaakors.no\/bosenter\/om-oss\/","name":"Om oss - Bosenter","isPartOf":{"@id":"https:\/\/blaakors.no\/bosenter\/#website"},"primaryImageOfPage":{"@id":"https:\/\/blaakors.no\/bosenter\/om-oss\/#primaryimage"},"image":{"@id":"https:\/\/blaakors.no\/bosenter\/om-oss\/#primaryimage"},"thumbnailUrl":"https:\/\/blaakors.no\/bosenter\/wp-content\/uploads\/sites\/4\/2024\/10\/Kulas_web-9.jpg","datePublished":"2024-08-21T12:09:18+00:00","dateModified":"2025-11-27T09:43:04+00:00","breadcrumb":{"@id":"https:\/\/blaakors.no\/bosenter\/om-oss\/#breadcrumb"},"inLanguage":"nb-NO","potentialAction":[{"@type":"ReadAction","target":["https:\/\/blaakors.no\/bosenter\/om-oss\/"]}]},{"@type":"ImageObject","inLanguage":"nb-NO","@id":"https:\/\/blaakors.no\/bosenter\/om-oss\/#primaryimage","url":"https:\/\/blaakors.no\/bosenter\/wp-content\/uploads\/sites\/4\/2024\/10\/Kulas_web-9.jpg","contentUrl":"https:\/\/blaakors.no\/bosenter\/wp-content\/uploads\/sites\/4\/2024\/10\/Kulas_web-9.jpg","width":1600,"height":1067},{"@type":"BreadcrumbList","@id":"https:\/\/blaakors.no\/bosenter\/om-oss\/#breadcrumb","itemListElement":[{"@type":"ListItem","position":1,"name":"Hjem","item":"https:\/\/blaakors.no\/bosenter\/"},{"@type":"ListItem","position":2,"name":"Om oss"}]},{"@type":"WebSite","@id":"https:\/\/blaakors.no\/bosenter\/#website","url":"https:\/\/blaakors.no\/bosenter\/","name":"Bosenter","description":"I sentrum st\u00e5r et menneske","publisher":{"@id":"https:\/\/blaakors.no\/bosenter\/#organization"},"potentialAction":[{"@type":"SearchAction","target":{"@type":"EntryPoint","urlTemplate":"https:\/\/blaakors.no\/bosenter\/?s={search_term_string}"},"query-input":{"@type":"PropertyValueSpecification","valueRequired":true,"valueName":"search_term_string"}}],"inLanguage":"nb-NO"},{"@type":"Organization","@id":"https:\/\/blaakors.no\/bosenter\/#organization","name":"Bosenter","url":"https:\/\/blaakors.no\/bosenter\/","logo":{"@type":"ImageObject","inLanguage":"nb-NO","@id":"https:\/\/blaakors.no\/bosenter\/#\/schema\/logo\/image\/","url":"https:\/\/blaakors.no\/bosenter\/wp-content\/uploads\/sites\/4\/2024\/09\/Bla-kors-logo-fredrikstad.svg","contentUrl":"https:\/\/blaakors.no\/bosenter\/wp-content\/uploads\/sites\/4\/2024\/09\/Bla-kors-logo-fredrikstad.svg","caption":"Bosenter"},"image":{"@id":"https:\/\/blaakors.no\/bosenter\/#\/schema\/logo\/image\/"}}]}},"_links":{"self":[{"href":"https:\/\/blaakors.no\/bosenter\/wp-json\/wp\/v2\/pages\/16","targetHints":{"allow":["GET"]}}],"collection":[{"href":"https:\/\/blaakors.no\/bosenter\/wp-json\/wp\/v2\/pages"}],"about":[{"href":"https:\/\/blaakors.no\/bosenter\/wp-json\/wp\/v2\/types\/page"}],"author":[{"embeddable":true,"href":"https:\/\/blaakors.no\/bosenter\/wp-json\/wp\/v2\/users\/1"}],"replies":[{"embeddable":true,"href":"https:\/\/blaakors.no\/bosenter\/wp-json\/wp\/v2\/comments?post=16"}],"version-history":[{"count":19,"href":"https:\/\/blaakors.no\/bosenter\/wp-json\/wp\/v2\/pages\/16\/revisions"}],"predecessor-version":[{"id":683,"href":"https:\/\/blaakors.no\/bosenter\/wp-json\/wp\/v2\/pages\/16\/revisions\/683"}],"wp:attachment":[{"href":"https:\/\/blaakors.no\/bosenter\/wp-json\/wp\/v2\/media?parent=16"}],"curies":[{"name":"wp","href":"https:\/\/api.w.org\/{rel}","templated":true}]}}