{"id":399,"date":"2024-08-21T15:40:10","date_gmt":"2024-08-21T13:40:10","guid":{"rendered":"https:\/\/blaakors.no\/ilaveien-bosenter\/?page_id=399"},"modified":"2024-10-01T15:31:23","modified_gmt":"2024-10-01T13:31:23","slug":"nyttige-linker","status":"publish","type":"page","link":"https:\/\/blaakors.no\/bosenter\/nyttige-linker\/","title":{"rendered":"Nyttige linker"},"content":{"rendered":"\n<div class=\"wp-block-group alignfull has-grey-background-color has-background has-global-padding is-layout-constrained wp-block-group-is-layout-constrained\">\n<div style=\"height:200px\" aria-hidden=\"true\" class=\"wp-block-spacer\"><\/div>\n\n\n\n<div style=\"height:76px\" aria-hidden=\"true\" class=\"wp-block-spacer hide-mobile\"><\/div>\n\n\n\n<div class=\"wp-block-group has-global-padding is-layout-constrained wp-block-group-is-layout-constrained\">\n<div class=\"wp-block-columns is-layout-flex wp-container-core-columns-is-layout-1 wp-block-columns-is-layout-flex\">\n<div class=\"wp-block-column is-vertically-aligned-center is-layout-flow wp-block-column-is-layout-flow\" style=\"padding-right:0;padding-left:0\">\n<h2 class=\"wp-block-heading\">Her finner du linker til nyttig informasjon og v\u00e5re samarbeidspartnere.<\/h2>\n<\/div>\n\n\n\n<div class=\"wp-block-column hide-mobile is-layout-flow wp-block-column-is-layout-flow\" style=\"flex-basis:30px\"><\/div>\n\n\n\n<div class=\"wp-block-column is-vertically-aligned-center is-layout-flow wp-block-column-is-layout-flow\">\n<figure class=\"wp-block-image aligncenter size-full is-resized\"><img loading=\"lazy\" decoding=\"async\" width=\"900\" height=\"900\" src=\"https:\/\/blaakors.no\/ilaveien-bosenter\/wp-content\/uploads\/sites\/4\/2024\/08\/high_five_f.png\" alt=\"\" class=\"wp-image-404\" style=\"width:243px;height:auto\" srcset=\"https:\/\/blaakors.no\/bosenter\/wp-content\/uploads\/sites\/4\/2024\/08\/high_five_f.png 900w, https:\/\/blaakors.no\/bosenter\/wp-content\/uploads\/sites\/4\/2024\/08\/high_five_f-300x300.png 300w, https:\/\/blaakors.no\/bosenter\/wp-content\/uploads\/sites\/4\/2024\/08\/high_five_f-150x150.png 150w, https:\/\/blaakors.no\/bosenter\/wp-content\/uploads\/sites\/4\/2024\/08\/high_five_f-768x768.png 768w\" sizes=\"auto, (max-width: 900px) 100vw, 900px\" \/><\/figure>\n<\/div>\n<\/div>\n<\/div>\n\n\n\n<div style=\"height:50px\" aria-hidden=\"true\" class=\"wp-block-spacer\"><\/div>\n\n\n\n<div style=\"height:50px\" aria-hidden=\"true\" class=\"wp-block-spacer hide-mobile\"><\/div>\n<\/div>\n\n\n\n<div style=\"height:50px\" aria-hidden=\"true\" class=\"wp-block-spacer\"><\/div>\n\n\n\n<div style=\"height:50px\" aria-hidden=\"true\" class=\"wp-block-spacer hide-mobile\"><\/div>\n\n\n\n<div class=\"wp-block-group has-global-padding is-layout-constrained wp-block-group-is-layout-constrained\">\n<div class=\"wp-block-columns is-layout-flex wp-container-core-columns-is-layout-2 wp-block-columns-is-layout-flex\">\n<div class=\"wp-block-column is-layout-flow wp-block-column-is-layout-flow\">\n<h4 class=\"wp-block-heading\">RIO, rusmisbrukernes interesseorganisasjon<\/h4>\n\n\n\n<p>RIO er en landsdekkende brukerorganisasjon som ble stiftet i 1996. Deres form\u00e5l er \u00e5 p\u00e5virke fagfolk, byr\u00e5krater og politikere slik at personer med rusproblemer f\u00e5r tilrettelagt veien til et aktivt og konstruktivt liv som er ikke er dominert av rusproblemer.<\/p>\n\n\n\n<div class=\"wp-block-buttons is-layout-flex wp-block-buttons-is-layout-flex\">\n<div class=\"wp-block-button\"><a class=\"wp-block-button__link has-light-blue-background-color has-background wp-element-button\" href=\"https:\/\/rio.no\/om-oss\/\">Les mer <img loading=\"lazy\" decoding=\"async\" width=\"22\" height=\"17\" class=\"wp-image-416\" style=\"width: 22px;\" src=\"https:\/\/blaakors.no\/ilaveien-bosenter\/wp-content\/uploads\/sites\/4\/2024\/08\/arrow-right.svg\" alt=\"\"><\/a><\/div>\n<\/div>\n<\/div>\n\n\n\n<div class=\"wp-block-column is-layout-flow wp-block-column-is-layout-flow\" style=\"flex-basis:5px\"><\/div>\n\n\n\n<div class=\"wp-block-column is-layout-flow wp-block-column-is-layout-flow\">\n<h4 class=\"wp-block-heading\">Actis &#8211; rusfeltets samarbeidsorganisasjon<\/h4>\n\n\n\n<p>Actis arbeider for \u00e5 redusere skadene ved bruk av alkohol, narkotika og pengespill<\/p>\n\n\n\n<div class=\"wp-block-buttons is-layout-flex wp-block-buttons-is-layout-flex\">\n<div class=\"wp-block-button\"><a class=\"wp-block-button__link has-light-blue-background-color has-background wp-element-button\" href=\"https:\/\/actis.no\/\">Les mer <img loading=\"lazy\" decoding=\"async\" width=\"22\" height=\"17\" class=\"wp-image-416\" style=\"width: 22px;\" src=\"https:\/\/blaakors.no\/ilaveien-bosenter\/wp-content\/uploads\/sites\/4\/2024\/08\/arrow-right.svg\" alt=\"\"><\/a><\/div>\n<\/div>\n<\/div>\n\n\n\n<div class=\"wp-block-column is-layout-flow wp-block-column-is-layout-flow\" style=\"flex-basis:5px\"><\/div>\n\n\n\n<div class=\"wp-block-column is-layout-flow wp-block-column-is-layout-flow\">\n<h4 class=\"wp-block-heading\">Fagr\u00e5det for rusfeltet i Norge<\/h4>\n\n\n\n<p>Fagr\u00e5det \u2013 Rusfeltets hovedorganisasjon er en nasjonal fag- og ruspolitisk medlemsorganisasjon for virksomheter, brukerorganisasjoner og tiltak som har personer med rusproblemer som sin m\u00e5lgruppe.<\/p>\n\n\n\n<div class=\"wp-block-buttons is-layout-flex wp-block-buttons-is-layout-flex\">\n<div class=\"wp-block-button\"><a class=\"wp-block-button__link has-light-blue-background-color has-background wp-element-button\" href=\"https:\/\/www.rusfeltet.no\/\">Les mer <img loading=\"lazy\" decoding=\"async\" width=\"22\" height=\"17\" class=\"wp-image-416\" style=\"width: 22px;\" src=\"https:\/\/blaakors.no\/ilaveien-bosenter\/wp-content\/uploads\/sites\/4\/2024\/08\/arrow-right.svg\" alt=\"\"><\/a><\/div>\n<\/div>\n<\/div>\n<\/div>\n\n\n\n<div style=\"height:50px\" aria-hidden=\"true\" class=\"wp-block-spacer\"><\/div>\n\n\n\n<div style=\"height:50px\" aria-hidden=\"true\" class=\"wp-block-spacer hide-mobile\"><\/div>\n\n\n\n<hr class=\"wp-block-separator has-text-color has-blue-color has-alpha-channel-opacity has-blue-background-color has-background is-style-wide\"\/>\n\n\n\n<div style=\"height:50px\" aria-hidden=\"true\" class=\"wp-block-spacer\"><\/div>\n\n\n\n<div style=\"height:50px\" aria-hidden=\"true\" class=\"wp-block-spacer hide-mobile\"><\/div>\n\n\n\n<div class=\"wp-block-columns is-layout-flex wp-container-core-columns-is-layout-3 wp-block-columns-is-layout-flex\">\n<div class=\"wp-block-column is-layout-flow wp-block-column-is-layout-flow\">\n<h4 class=\"wp-block-heading\">NAV<\/h4>\n\n\n\n<div class=\"wp-block-buttons is-layout-flex wp-block-buttons-is-layout-flex\">\n<div class=\"wp-block-button\"><a class=\"wp-block-button__link has-light-blue-background-color has-background wp-element-button\" href=\"https:\/\/www.nav.no\/\">Les mer <img loading=\"lazy\" decoding=\"async\" width=\"22\" height=\"17\" class=\"wp-image-416\" style=\"width: 22px;\" src=\"https:\/\/blaakors.no\/ilaveien-bosenter\/wp-content\/uploads\/sites\/4\/2024\/08\/arrow-right.svg\" alt=\"\"><\/a><\/div>\n<\/div>\n<\/div>\n\n\n\n<div class=\"wp-block-column is-layout-flow wp-block-column-is-layout-flow\" style=\"flex-basis:5px\"><\/div>\n\n\n\n<div class=\"wp-block-column is-layout-flow wp-block-column-is-layout-flow\">\n<h4 class=\"wp-block-heading\">H\u00f8yskolen i \u00d8stfold<\/h4>\n\n\n\n<div class=\"wp-block-buttons is-layout-flex wp-block-buttons-is-layout-flex\">\n<div class=\"wp-block-button\"><a class=\"wp-block-button__link has-light-blue-background-color has-background wp-element-button\" href=\"https:\/\/www.hiof.no\/\">Les mer <img loading=\"lazy\" decoding=\"async\" width=\"22\" height=\"17\" class=\"wp-image-416\" style=\"width: 22px;\" src=\"https:\/\/blaakors.no\/ilaveien-bosenter\/wp-content\/uploads\/sites\/4\/2024\/08\/arrow-right.svg\" alt=\"\"><\/a><\/div>\n<\/div>\n<\/div>\n\n\n\n<div class=\"wp-block-column is-layout-flow wp-block-column-is-layout-flow\" style=\"flex-basis:5px\"><\/div>\n\n\n\n<div class=\"wp-block-column is-layout-flow wp-block-column-is-layout-flow\">\n<h4 class=\"wp-block-heading\">Politiet<\/h4>\n\n\n\n<div class=\"wp-block-buttons is-layout-flex wp-block-buttons-is-layout-flex\">\n<div class=\"wp-block-button\"><a class=\"wp-block-button__link has-light-blue-background-color has-background wp-element-button\" href=\"https:\/\/www.politiet.no\/\">Les mer <img loading=\"lazy\" decoding=\"async\" width=\"22\" height=\"17\" class=\"wp-image-416\" style=\"width: 22px;\" src=\"https:\/\/blaakors.no\/ilaveien-bosenter\/wp-content\/uploads\/sites\/4\/2024\/08\/arrow-right.svg\" alt=\"\"><\/a><\/div>\n<\/div>\n<\/div>\n<\/div>\n\n\n\n<div style=\"height:50px\" aria-hidden=\"true\" class=\"wp-block-spacer\"><\/div>\n\n\n\n<div style=\"height:50px\" aria-hidden=\"true\" class=\"wp-block-spacer hide-mobile\"><\/div>\n\n\n\n<hr class=\"wp-block-separator has-text-color has-blue-color has-alpha-channel-opacity has-blue-background-color has-background is-style-wide\"\/>\n\n\n\n<div style=\"height:50px\" aria-hidden=\"true\" class=\"wp-block-spacer\"><\/div>\n\n\n\n<div style=\"height:50px\" aria-hidden=\"true\" class=\"wp-block-spacer hide-mobile\"><\/div>\n\n\n\n<div class=\"wp-block-columns is-layout-flex wp-container-core-columns-is-layout-4 wp-block-columns-is-layout-flex\">\n<div class=\"wp-block-column is-layout-flow wp-block-column-is-layout-flow\">\n<h4 class=\"wp-block-heading\">Fredrikstad Kommune<\/h4>\n\n\n\n<div class=\"wp-block-buttons is-layout-flex wp-block-buttons-is-layout-flex\">\n<div class=\"wp-block-button\"><a class=\"wp-block-button__link has-light-blue-background-color has-background wp-element-button\" href=\"https:\/\/www.fredrikstad.kommune.no\/\">Les mer <img loading=\"lazy\" decoding=\"async\" width=\"22\" height=\"17\" class=\"wp-image-416\" style=\"width: 22px;\" src=\"https:\/\/blaakors.no\/ilaveien-bosenter\/wp-content\/uploads\/sites\/4\/2024\/08\/arrow-right.svg\" alt=\"\"><\/a><\/div>\n<\/div>\n<\/div>\n\n\n\n<div class=\"wp-block-column is-layout-flow wp-block-column-is-layout-flow\" style=\"flex-basis:5px\"><\/div>\n\n\n\n<div class=\"wp-block-column is-layout-flow wp-block-column-is-layout-flow\">\n<h4 class=\"wp-block-heading\">Landsforbundet Mot Stoffmisbruk<\/h4>\n\n\n\n<p>Landsforbundet Mot Stoffmisbruk (LMS) er Norges st\u00f8rste organisasjon av og for p\u00e5r\u00f8rende av rusavhengige. De er en partipolitisk og ideologisk uavhengig organisasjon, og har organisert p\u00e5r\u00f8rende siden 1981.<br><a href=\"http:\/\/www.motstoff.no\/\"><\/a><\/p>\n\n\n\n<div class=\"wp-block-buttons is-layout-flex wp-block-buttons-is-layout-flex\">\n<div class=\"wp-block-button\"><a class=\"wp-block-button__link has-light-blue-background-color has-background wp-element-button\" href=\"http:\/\/www.motstoff.no\/\">Les mer <img loading=\"lazy\" decoding=\"async\" width=\"22\" height=\"17\" class=\"wp-image-416\" style=\"width: 22px;\" src=\"https:\/\/blaakors.no\/ilaveien-bosenter\/wp-content\/uploads\/sites\/4\/2024\/08\/arrow-right.svg\" alt=\"\"><\/a><\/div>\n<\/div>\n<\/div>\n\n\n\n<div class=\"wp-block-column is-layout-flow wp-block-column-is-layout-flow\" style=\"flex-basis:5px\"><\/div>\n\n\n\n<div class=\"wp-block-column is-layout-flow wp-block-column-is-layout-flow\">\n<h4 class=\"wp-block-heading\">Helse S\u00f8r-\u00d8st<\/h4>\n\n\n\n<p>Gode og likeverdige helsetjenester i s\u00f8r-\u00f8st.<\/p>\n\n\n\n<div class=\"wp-block-buttons is-layout-flex wp-block-buttons-is-layout-flex\">\n<div class=\"wp-block-button\"><a class=\"wp-block-button__link has-light-blue-background-color has-background wp-element-button\" href=\"https:\/\/www.helse-sorost.no\/\">Les mer <img loading=\"lazy\" decoding=\"async\" width=\"22\" height=\"17\" class=\"wp-image-416\" style=\"width: 22px;\" src=\"https:\/\/blaakors.no\/ilaveien-bosenter\/wp-content\/uploads\/sites\/4\/2024\/08\/arrow-right.svg\" alt=\"\"><\/a><\/div>\n<\/div>\n<\/div>\n<\/div>\n\n\n\n<div style=\"height:50px\" aria-hidden=\"true\" class=\"wp-block-spacer\"><\/div>\n\n\n\n<div style=\"height:50px\" aria-hidden=\"true\" class=\"wp-block-spacer hide-mobile\"><\/div>\n\n\n\n<hr class=\"wp-block-separator has-text-color has-blue-color has-alpha-channel-opacity has-blue-background-color has-background is-style-wide\"\/>\n\n\n\n<div style=\"height:50px\" aria-hidden=\"true\" class=\"wp-block-spacer\"><\/div>\n\n\n\n<div style=\"height:50px\" aria-hidden=\"true\" class=\"wp-block-spacer hide-mobile\"><\/div>\n\n\n\n<div class=\"wp-block-columns is-layout-flex wp-container-core-columns-is-layout-5 wp-block-columns-is-layout-flex\">\n<div class=\"wp-block-column is-layout-flow wp-block-column-is-layout-flow\">\n<h4 class=\"wp-block-heading\">Rusmiddeletaten<\/h4>\n\n\n\n<div class=\"wp-block-buttons is-layout-flex wp-block-buttons-is-layout-flex\">\n<div class=\"wp-block-button\"><a class=\"wp-block-button__link has-light-blue-background-color has-background wp-element-button\" href=\"https:\/\/www.oslo.kommune.no\/helse-og-omsorg\/rustjenester\/\">Les mer <img loading=\"lazy\" decoding=\"async\" width=\"22\" height=\"17\" class=\"wp-image-416\" style=\"width: 22px;\" src=\"https:\/\/blaakors.no\/ilaveien-bosenter\/wp-content\/uploads\/sites\/4\/2024\/08\/arrow-right.svg\" alt=\"\"><\/a><\/div>\n<\/div>\n<\/div>\n\n\n\n<div class=\"wp-block-column is-layout-flow wp-block-column-is-layout-flow\" style=\"flex-basis:5px\"><\/div>\n\n\n\n<div class=\"wp-block-column is-layout-flow wp-block-column-is-layout-flow\">\n<h4 class=\"wp-block-heading\">Forebygging.no<\/h4>\n\n\n\n<p>Forebygging.no er en kunnskapsbase for rusforebyggende og helsefremmende arbeid.<br><a href=\"http:\/\/www.motstoff.no\/\"><\/a><\/p>\n\n\n\n<div class=\"wp-block-buttons is-layout-flex wp-block-buttons-is-layout-flex\">\n<div class=\"wp-block-button\"><a class=\"wp-block-button__link has-light-blue-background-color has-background wp-element-button\" href=\"https:\/\/www.forebygging.no\/\">Les mer <img loading=\"lazy\" decoding=\"async\" width=\"22\" height=\"17\" class=\"wp-image-416\" style=\"width: 22px;\" src=\"https:\/\/blaakors.no\/ilaveien-bosenter\/wp-content\/uploads\/sites\/4\/2024\/08\/arrow-right.svg\" alt=\"\"><\/a><\/div>\n<\/div>\n<\/div>\n\n\n\n<div class=\"wp-block-column is-layout-flow wp-block-column-is-layout-flow\" style=\"flex-basis:5px\"><\/div>\n\n\n\n<div class=\"wp-block-column is-layout-flow wp-block-column-is-layout-flow\">\n<h4 class=\"wp-block-heading\">KoRus-\u00d8st<\/h4>\n\n\n\n<p>KoRus-\u00d8st skal i kommunene i Akershus, Hedmark, Oppland og \u00d8stfold styrke kunnskap og kompetanse p\u00e5 rusfeltet.<br><a href=\"http:\/\/www.rus-ost.no\/\"><\/a><\/p>\n\n\n\n<div class=\"wp-block-buttons is-layout-flex wp-block-buttons-is-layout-flex\">\n<div class=\"wp-block-button\"><a class=\"wp-block-button__link has-light-blue-background-color has-background wp-element-button\" href=\"https:\/\/korus.no\/\">Les mer <img loading=\"lazy\" decoding=\"async\" width=\"22\" height=\"17\" class=\"wp-image-416\" style=\"width: 22px;\" src=\"https:\/\/blaakors.no\/ilaveien-bosenter\/wp-content\/uploads\/sites\/4\/2024\/08\/arrow-right.svg\" alt=\"\"><\/a><\/div>\n<\/div>\n<\/div>\n<\/div>\n\n\n\n<div style=\"height:50px\" aria-hidden=\"true\" class=\"wp-block-spacer hide-mobile\"><\/div>\n\n\n\n<div style=\"height:50px\" aria-hidden=\"true\" class=\"wp-block-spacer\"><\/div>\n\n\n\n<hr class=\"wp-block-separator has-text-color has-blue-color has-alpha-channel-opacity has-blue-background-color has-background is-style-wide\"\/>\n\n\n\n<div style=\"height:50px\" aria-hidden=\"true\" class=\"wp-block-spacer\"><\/div>\n\n\n\n<div style=\"height:50px\" aria-hidden=\"true\" class=\"wp-block-spacer hide-mobile\"><\/div>\n\n\n\n<div class=\"wp-block-columns is-layout-flex wp-container-core-columns-is-layout-6 wp-block-columns-is-layout-flex\">\n<div class=\"wp-block-column is-layout-flow wp-block-column-is-layout-flow\">\n<h4 class=\"wp-block-heading\">Helsetilsynet<\/h4>\n\n\n\n<div class=\"wp-block-buttons is-layout-flex wp-block-buttons-is-layout-flex\">\n<div class=\"wp-block-button\"><a class=\"wp-block-button__link has-light-blue-background-color has-background wp-element-button\" href=\"http:\/\/www.helsetilsynet.no\/no\/\">Les mer <img loading=\"lazy\" decoding=\"async\" width=\"22\" height=\"17\" class=\"wp-image-416\" style=\"width: 22px;\" src=\"https:\/\/blaakors.no\/ilaveien-bosenter\/wp-content\/uploads\/sites\/4\/2024\/08\/arrow-right.svg\" alt=\"\"><\/a><\/div>\n<\/div>\n<\/div>\n\n\n\n<div class=\"wp-block-column is-layout-flow wp-block-column-is-layout-flow\" style=\"flex-basis:5px\"><\/div>\n\n\n\n<div class=\"wp-block-column is-layout-flow wp-block-column-is-layout-flow\"><\/div>\n\n\n\n<div class=\"wp-block-column is-layout-flow wp-block-column-is-layout-flow\" style=\"flex-basis:5px\"><\/div>\n\n\n\n<div class=\"wp-block-column is-layout-flow wp-block-column-is-layout-flow\"><\/div>\n<\/div>\n\n\n\n<div style=\"height:120px\" aria-hidden=\"true\" class=\"wp-block-spacer hide-mobile\"><\/div>\n<\/div>\n\n\n\n<div style=\"height:50px\" aria-hidden=\"true\" class=\"wp-block-spacer\"><\/div>\n","protected":false},"excerpt":{"rendered":"<p>Her finner du linker til nyttig informasjon og v\u00e5re samarbeidspartnere. RIO, rusmisbrukernes interesseorganisasjon RIO er en landsdekkende brukerorganisasjon som ble stiftet i 1996. Deres form\u00e5l er \u00e5 p\u00e5virke fagfolk, byr\u00e5krater og politikere slik at personer med rusproblemer f\u00e5r tilrettelagt veien til et aktivt og konstruktivt liv som er ikke er dominert av rusproblemer. Actis &#8211; [&hellip;]<\/p>\n","protected":false},"author":1,"featured_media":0,"parent":0,"menu_order":0,"comment_status":"closed","ping_status":"closed","template":"","meta":{"inline_featured_image":false,"_exactmetrics_skip_tracking":false,"_exactmetrics_sitenote_active":false,"_exactmetrics_sitenote_note":"","_exactmetrics_sitenote_category":0,"footnotes":""},"class_list":["post-399","page","type-page","status-publish","hentry"],"yoast_head":"<!-- This site is optimized with the Yoast SEO plugin v26.6 - https:\/\/yoast.com\/wordpress\/plugins\/seo\/ -->\n<title>Nyttige linker - Bosenter<\/title>\n<meta name=\"robots\" content=\"index, follow, max-snippet:-1, max-image-preview:large, max-video-preview:-1\" \/>\n<link rel=\"canonical\" href=\"https:\/\/blaakors.no\/bosenter\/nyttige-linker\/\" \/>\n<meta property=\"og:locale\" content=\"nb_NO\" \/>\n<meta property=\"og:type\" content=\"article\" \/>\n<meta property=\"og:title\" content=\"Nyttige linker - Bosenter\" \/>\n<meta property=\"og:description\" content=\"Her finner du linker til nyttig informasjon og v\u00e5re samarbeidspartnere. RIO, rusmisbrukernes interesseorganisasjon RIO er en landsdekkende brukerorganisasjon som ble stiftet i 1996. Deres form\u00e5l er \u00e5 p\u00e5virke fagfolk, byr\u00e5krater og politikere slik at personer med rusproblemer f\u00e5r tilrettelagt veien til et aktivt og konstruktivt liv som er ikke er dominert av rusproblemer. Actis &#8211; [&hellip;]\" \/>\n<meta property=\"og:url\" content=\"https:\/\/blaakors.no\/bosenter\/nyttige-linker\/\" \/>\n<meta property=\"og:site_name\" content=\"Bosenter\" \/>\n<meta property=\"article:modified_time\" content=\"2024-10-01T13:31:23+00:00\" \/>\n<meta property=\"og:image\" content=\"https:\/\/blaakors.no\/ilaveien-bosenter\/wp-content\/uploads\/sites\/4\/2024\/08\/high_five_f.png\" \/>\n<meta name=\"twitter:card\" content=\"summary_large_image\" \/>\n<meta name=\"twitter:label1\" content=\"Ansl. lesetid\" \/>\n\t<meta name=\"twitter:data1\" content=\"4 minutter\" \/>\n<script type=\"application\/ld+json\" class=\"yoast-schema-graph\">{\"@context\":\"https:\/\/schema.org\",\"@graph\":[{\"@type\":\"WebPage\",\"@id\":\"https:\/\/blaakors.no\/bosenter\/nyttige-linker\/\",\"url\":\"https:\/\/blaakors.no\/bosenter\/nyttige-linker\/\",\"name\":\"Nyttige linker - Bosenter\",\"isPartOf\":{\"@id\":\"https:\/\/blaakors.no\/bosenter\/#website\"},\"primaryImageOfPage\":{\"@id\":\"https:\/\/blaakors.no\/bosenter\/nyttige-linker\/#primaryimage\"},\"image\":{\"@id\":\"https:\/\/blaakors.no\/bosenter\/nyttige-linker\/#primaryimage\"},\"thumbnailUrl\":\"https:\/\/blaakors.no\/ilaveien-bosenter\/wp-content\/uploads\/sites\/4\/2024\/08\/high_five_f.png\",\"datePublished\":\"2024-08-21T13:40:10+00:00\",\"dateModified\":\"2024-10-01T13:31:23+00:00\",\"breadcrumb\":{\"@id\":\"https:\/\/blaakors.no\/bosenter\/nyttige-linker\/#breadcrumb\"},\"inLanguage\":\"nb-NO\",\"potentialAction\":[{\"@type\":\"ReadAction\",\"target\":[\"https:\/\/blaakors.no\/bosenter\/nyttige-linker\/\"]}]},{\"@type\":\"ImageObject\",\"inLanguage\":\"nb-NO\",\"@id\":\"https:\/\/blaakors.no\/bosenter\/nyttige-linker\/#primaryimage\",\"url\":\"https:\/\/blaakors.no\/ilaveien-bosenter\/wp-content\/uploads\/sites\/4\/2024\/08\/high_five_f.png\",\"contentUrl\":\"https:\/\/blaakors.no\/ilaveien-bosenter\/wp-content\/uploads\/sites\/4\/2024\/08\/high_five_f.png\"},{\"@type\":\"BreadcrumbList\",\"@id\":\"https:\/\/blaakors.no\/bosenter\/nyttige-linker\/#breadcrumb\",\"itemListElement\":[{\"@type\":\"ListItem\",\"position\":1,\"name\":\"Hjem\",\"item\":\"https:\/\/blaakors.no\/bosenter\/\"},{\"@type\":\"ListItem\",\"position\":2,\"name\":\"Nyttige linker\"}]},{\"@type\":\"WebSite\",\"@id\":\"https:\/\/blaakors.no\/bosenter\/#website\",\"url\":\"https:\/\/blaakors.no\/bosenter\/\",\"name\":\"Bosenter\",\"description\":\"I sentrum st\u00e5r et menneske\",\"publisher\":{\"@id\":\"https:\/\/blaakors.no\/bosenter\/#organization\"},\"potentialAction\":[{\"@type\":\"SearchAction\",\"target\":{\"@type\":\"EntryPoint\",\"urlTemplate\":\"https:\/\/blaakors.no\/bosenter\/?s={search_term_string}\"},\"query-input\":{\"@type\":\"PropertyValueSpecification\",\"valueRequired\":true,\"valueName\":\"search_term_string\"}}],\"inLanguage\":\"nb-NO\"},{\"@type\":\"Organization\",\"@id\":\"https:\/\/blaakors.no\/bosenter\/#organization\",\"name\":\"Bosenter\",\"url\":\"https:\/\/blaakors.no\/bosenter\/\",\"logo\":{\"@type\":\"ImageObject\",\"inLanguage\":\"nb-NO\",\"@id\":\"https:\/\/blaakors.no\/bosenter\/#\/schema\/logo\/image\/\",\"url\":\"https:\/\/blaakors.no\/bosenter\/wp-content\/uploads\/sites\/4\/2024\/09\/Bla-kors-logo-fredrikstad.svg\",\"contentUrl\":\"https:\/\/blaakors.no\/bosenter\/wp-content\/uploads\/sites\/4\/2024\/09\/Bla-kors-logo-fredrikstad.svg\",\"caption\":\"Bosenter\"},\"image\":{\"@id\":\"https:\/\/blaakors.no\/bosenter\/#\/schema\/logo\/image\/\"}}]}<\/script>\n<!-- \/ Yoast SEO plugin. -->","yoast_head_json":{"title":"Nyttige linker - Bosenter","robots":{"index":"index","follow":"follow","max-snippet":"max-snippet:-1","max-image-preview":"max-image-preview:large","max-video-preview":"max-video-preview:-1"},"canonical":"https:\/\/blaakors.no\/bosenter\/nyttige-linker\/","og_locale":"nb_NO","og_type":"article","og_title":"Nyttige linker - Bosenter","og_description":"Her finner du linker til nyttig informasjon og v\u00e5re samarbeidspartnere. RIO, rusmisbrukernes interesseorganisasjon RIO er en landsdekkende brukerorganisasjon som ble stiftet i 1996. Deres form\u00e5l er \u00e5 p\u00e5virke fagfolk, byr\u00e5krater og politikere slik at personer med rusproblemer f\u00e5r tilrettelagt veien til et aktivt og konstruktivt liv som er ikke er dominert av rusproblemer. Actis &#8211; [&hellip;]","og_url":"https:\/\/blaakors.no\/bosenter\/nyttige-linker\/","og_site_name":"Bosenter","article_modified_time":"2024-10-01T13:31:23+00:00","og_image":[{"url":"https:\/\/blaakors.no\/ilaveien-bosenter\/wp-content\/uploads\/sites\/4\/2024\/08\/high_five_f.png","type":"","width":"","height":""}],"twitter_card":"summary_large_image","twitter_misc":{"Ansl. lesetid":"4 minutter"},"schema":{"@context":"https:\/\/schema.org","@graph":[{"@type":"WebPage","@id":"https:\/\/blaakors.no\/bosenter\/nyttige-linker\/","url":"https:\/\/blaakors.no\/bosenter\/nyttige-linker\/","name":"Nyttige linker - Bosenter","isPartOf":{"@id":"https:\/\/blaakors.no\/bosenter\/#website"},"primaryImageOfPage":{"@id":"https:\/\/blaakors.no\/bosenter\/nyttige-linker\/#primaryimage"},"image":{"@id":"https:\/\/blaakors.no\/bosenter\/nyttige-linker\/#primaryimage"},"thumbnailUrl":"https:\/\/blaakors.no\/ilaveien-bosenter\/wp-content\/uploads\/sites\/4\/2024\/08\/high_five_f.png","datePublished":"2024-08-21T13:40:10+00:00","dateModified":"2024-10-01T13:31:23+00:00","breadcrumb":{"@id":"https:\/\/blaakors.no\/bosenter\/nyttige-linker\/#breadcrumb"},"inLanguage":"nb-NO","potentialAction":[{"@type":"ReadAction","target":["https:\/\/blaakors.no\/bosenter\/nyttige-linker\/"]}]},{"@type":"ImageObject","inLanguage":"nb-NO","@id":"https:\/\/blaakors.no\/bosenter\/nyttige-linker\/#primaryimage","url":"https:\/\/blaakors.no\/ilaveien-bosenter\/wp-content\/uploads\/sites\/4\/2024\/08\/high_five_f.png","contentUrl":"https:\/\/blaakors.no\/ilaveien-bosenter\/wp-content\/uploads\/sites\/4\/2024\/08\/high_five_f.png"},{"@type":"BreadcrumbList","@id":"https:\/\/blaakors.no\/bosenter\/nyttige-linker\/#breadcrumb","itemListElement":[{"@type":"ListItem","position":1,"name":"Hjem","item":"https:\/\/blaakors.no\/bosenter\/"},{"@type":"ListItem","position":2,"name":"Nyttige linker"}]},{"@type":"WebSite","@id":"https:\/\/blaakors.no\/bosenter\/#website","url":"https:\/\/blaakors.no\/bosenter\/","name":"Bosenter","description":"I sentrum st\u00e5r et menneske","publisher":{"@id":"https:\/\/blaakors.no\/bosenter\/#organization"},"potentialAction":[{"@type":"SearchAction","target":{"@type":"EntryPoint","urlTemplate":"https:\/\/blaakors.no\/bosenter\/?s={search_term_string}"},"query-input":{"@type":"PropertyValueSpecification","valueRequired":true,"valueName":"search_term_string"}}],"inLanguage":"nb-NO"},{"@type":"Organization","@id":"https:\/\/blaakors.no\/bosenter\/#organization","name":"Bosenter","url":"https:\/\/blaakors.no\/bosenter\/","logo":{"@type":"ImageObject","inLanguage":"nb-NO","@id":"https:\/\/blaakors.no\/bosenter\/#\/schema\/logo\/image\/","url":"https:\/\/blaakors.no\/bosenter\/wp-content\/uploads\/sites\/4\/2024\/09\/Bla-kors-logo-fredrikstad.svg","contentUrl":"https:\/\/blaakors.no\/bosenter\/wp-content\/uploads\/sites\/4\/2024\/09\/Bla-kors-logo-fredrikstad.svg","caption":"Bosenter"},"image":{"@id":"https:\/\/blaakors.no\/bosenter\/#\/schema\/logo\/image\/"}}]}},"_links":{"self":[{"href":"https:\/\/blaakors.no\/bosenter\/wp-json\/wp\/v2\/pages\/399","targetHints":{"allow":["GET"]}}],"collection":[{"href":"https:\/\/blaakors.no\/bosenter\/wp-json\/wp\/v2\/pages"}],"about":[{"href":"https:\/\/blaakors.no\/bosenter\/wp-json\/wp\/v2\/types\/page"}],"author":[{"embeddable":true,"href":"https:\/\/blaakors.no\/bosenter\/wp-json\/wp\/v2\/users\/1"}],"replies":[{"embeddable":true,"href":"https:\/\/blaakors.no\/bosenter\/wp-json\/wp\/v2\/comments?post=399"}],"version-history":[{"count":44,"href":"https:\/\/blaakors.no\/bosenter\/wp-json\/wp\/v2\/pages\/399\/revisions"}],"predecessor-version":[{"id":639,"href":"https:\/\/blaakors.no\/bosenter\/wp-json\/wp\/v2\/pages\/399\/revisions\/639"}],"wp:attachment":[{"href":"https:\/\/blaakors.no\/bosenter\/wp-json\/wp\/v2\/media?parent=399"}],"curies":[{"name":"wp","href":"https:\/\/api.w.org\/{rel}","templated":true}]}}