{"id":20,"date":"2024-08-28T13:31:57","date_gmt":"2024-08-28T11:31:57","guid":{"rendered":"https:\/\/blaakors.no\/frivilligsentral\/?page_id=20"},"modified":"2025-11-17T15:24:32","modified_gmt":"2025-11-17T14:24:32","slug":"forside","status":"publish","type":"page","link":"https:\/\/blaakors.no\/frivilligsentral\/","title":{"rendered":"Forside"},"content":{"rendered":"\n<div class=\"wp-block-group alignfull has-light-beige-background-color has-background is-layout-flow wp-block-group-is-layout-flow\" style=\"padding-top:0;padding-right:0;padding-bottom:0;padding-left:0\">\n<div class=\"wp-block-group has-global-padding is-layout-constrained wp-block-group-is-layout-constrained\" style=\"padding-top:var(--wp--preset--spacing--50);padding-bottom:var(--wp--preset--spacing--50)\">\n<div style=\"height:130px\" aria-hidden=\"true\" class=\"wp-block-spacer\"><\/div>\n\n\n\n<div class=\"wp-block-columns alignwide is-layout-flex wp-container-core-columns-is-layout-1 wp-block-columns-is-layout-flex\">\n<div class=\"wp-block-column is-vertically-aligned-center is-layout-flow wp-block-column-is-layout-flow\">\n<h2 class=\"wp-block-heading\">Det viktigste du kan gi andre mennesker er tid. Tid til \u00e5 erstatte ensomhet og utenforskap<\/h2>\n\n\n\n<p>Frivillige i Bl\u00e5 Kors kalles tidgivere<\/p>\n\n\n\n<div class=\"wp-block-buttons is-layout-flex wp-block-buttons-is-layout-flex\">\n<div class=\"wp-block-button\"><a class=\"wp-block-button__link has-medium-green-background-color has-background wp-element-button\" href=\"https:\/\/blaakorsfredrikstad.frivilligsentral.no\/\" style=\"border-radius:100px\">Slik blir du Tidgiver <img decoding=\"async\" class=\"wp-image-416\" style=\"width: 22px\" src=\"https:\/\/blaakors.no\/ilaveien-bosenter\/wp-content\/uploads\/sites\/4\/2024\/08\/arrow-right.svg\" alt=\"\"><\/a><\/div>\n<\/div>\n<\/div>\n\n\n\n<div class=\"wp-block-column is-layout-flow wp-block-column-is-layout-flow\" style=\"flex-basis:20px\"><\/div>\n\n\n\n<div class=\"wp-block-column is-layout-flow wp-block-column-is-layout-flow\">\n<figure class=\"wp-block-image size-full\"><img loading=\"lazy\" decoding=\"async\" width=\"2560\" height=\"1707\" src=\"https:\/\/blaakors.no\/frivilligsentral\/wp-content\/uploads\/sites\/7\/2024\/10\/Unni-1-web-scaled.jpg\" alt=\"\" class=\"wp-image-172\" srcset=\"https:\/\/blaakors.no\/frivilligsentral\/wp-content\/uploads\/sites\/7\/2024\/10\/Unni-1-web-scaled.jpg 2560w, https:\/\/blaakors.no\/frivilligsentral\/wp-content\/uploads\/sites\/7\/2024\/10\/Unni-1-web-300x200.jpg 300w, https:\/\/blaakors.no\/frivilligsentral\/wp-content\/uploads\/sites\/7\/2024\/10\/Unni-1-web-1024x683.jpg 1024w, https:\/\/blaakors.no\/frivilligsentral\/wp-content\/uploads\/sites\/7\/2024\/10\/Unni-1-web-768x512.jpg 768w, https:\/\/blaakors.no\/frivilligsentral\/wp-content\/uploads\/sites\/7\/2024\/10\/Unni-1-web-1536x1024.jpg 1536w, https:\/\/blaakors.no\/frivilligsentral\/wp-content\/uploads\/sites\/7\/2024\/10\/Unni-1-web-2048x1365.jpg 2048w\" sizes=\"auto, (max-width: 2560px) 100vw, 2560px\" \/><\/figure>\n<\/div>\n<\/div>\n<\/div>\n<\/div>\n\n\n\n<div class=\"wp-block-group alignfull has-white-background-color has-background has-global-padding is-layout-constrained wp-block-group-is-layout-constrained\">\n<div class=\"wp-block-group has-global-padding is-layout-constrained wp-block-group-is-layout-constrained\">\n<div style=\"height:26px\" aria-hidden=\"true\" class=\"wp-block-spacer\"><\/div>\n\n\n\n<div class=\"wp-block-media-text is-stacked-on-mobile has-medium-blue-background-color has-background\" style=\"grid-template-columns:29% auto\"><figure class=\"wp-block-media-text__media\"><img loading=\"lazy\" decoding=\"async\" width=\"900\" height=\"900\" src=\"https:\/\/blaakors.no\/frivilligsentral\/wp-content\/uploads\/sites\/7\/2025\/11\/samhandling.png\" alt=\"\" class=\"wp-image-209 size-full\" srcset=\"https:\/\/blaakors.no\/frivilligsentral\/wp-content\/uploads\/sites\/7\/2025\/11\/samhandling.png 900w, https:\/\/blaakors.no\/frivilligsentral\/wp-content\/uploads\/sites\/7\/2025\/11\/samhandling-300x300.png 300w, https:\/\/blaakors.no\/frivilligsentral\/wp-content\/uploads\/sites\/7\/2025\/11\/samhandling-150x150.png 150w, https:\/\/blaakors.no\/frivilligsentral\/wp-content\/uploads\/sites\/7\/2025\/11\/samhandling-768x768.png 768w\" sizes=\"auto, (max-width: 900px) 100vw, 900px\" \/><\/figure><div class=\"wp-block-media-text__content\">\n<p>Er du nysgjerrig p\u00e5 hva det inneb\u00e6rer \u00e5 v\u00e6re tidgiver i Bl\u00e5 Kors? <\/p>\n\n\n\n<div class=\"wp-block-buttons is-content-justification-right is-layout-flex wp-container-core-buttons-is-layout-2 wp-block-buttons-is-layout-flex\">\n<div class=\"wp-block-button has-custom-font-size has-medium-font-size\"><a class=\"wp-block-button__link has-beige-color has-blue-background-color has-text-color has-background has-link-color has-border-color has-blue-border-color wp-element-button\" href=\"https:\/\/blaakorsfredrikstad.frivilligsentral.no\/\" style=\"border-width:1px;padding-top:var(--wp--preset--spacing--20);padding-bottom:var(--wp--preset--spacing--20)\">Les mer!<\/a><\/div>\n<\/div>\n<\/div><\/div>\n\n\n\n<div style=\"height:68px\" aria-hidden=\"true\" class=\"wp-block-spacer\"><\/div>\n\n\n\n<div class=\"wp-block-group has-global-padding is-layout-constrained wp-block-group-is-layout-constrained\">\n<div class=\"wp-block-columns is-layout-flex wp-container-core-columns-is-layout-2 wp-block-columns-is-layout-flex\">\n<div class=\"wp-block-column is-layout-flow wp-block-column-is-layout-flow\">\n<p>Bl\u00e5 Kors frivilligsentral Fredrikstad har to m\u00f8teplasser, i tillegg til at tidgivere bidrar p\u00e5 v\u00e5re virksomheter, prosjekter og arrangementer. <\/p>\n<\/div>\n<\/div>\n\n\n\n<div class=\"wp-block-columns is-layout-flex wp-container-core-columns-is-layout-3 wp-block-columns-is-layout-flex\">\n<div class=\"wp-block-column is-layout-flow wp-block-column-is-layout-flow\">\n<div style=\"height:23px\" aria-hidden=\"true\" class=\"wp-block-spacer\"><\/div>\n\n\n\n<h2 class=\"wp-block-heading\">Bl\u00e5 Omtanke syklubb<\/h2>\n\n\n\n<p>Annenhver onsdag m\u00f8tes en kreativ gjeng som lager produkter som selges p\u00e5 markeder og lignende til inntekter for aktiviteter og prosjekter i stiftelsen. Det er plass til flere, og du er hjertelig velkommen selv om du ikke kan sy.<\/p>\n\n\n\n<div class=\"wp-block-buttons is-layout-flex wp-block-buttons-is-layout-flex\">\n<div class=\"wp-block-button\"><a class=\"wp-block-button__link has-medium-blue-background-color has-background wp-element-button\" href=\"https:\/\/blaakorsfredrikstad.frivilligsentral.no\/aktivitet?bla-omtanke-syklubbbla-kors-frivilligsentral&amp;Id=4374\">Les mer om Bl\u00e5 Omtanke <img decoding=\"async\" class=\"wp-image-46\" style=\"width: 22px\" src=\"https:\/\/blaakors.no\/varmestua\/wp-content\/uploads\/sites\/3\/2024\/08\/arrow-right.svg\" alt=\"\"><\/a><\/div>\n<\/div>\n\n\n\n<div style=\"height:38px\" aria-hidden=\"true\" class=\"wp-block-spacer\"><\/div>\n\n\n\n<figure class=\"wp-block-image size-large\"><img loading=\"lazy\" decoding=\"async\" width=\"1024\" height=\"683\" src=\"https:\/\/blaakors.no\/frivilligsentral\/wp-content\/uploads\/sites\/7\/2025\/11\/Bla-Omtanke-syklubb-1024x683.jpg\" alt=\"\" class=\"wp-image-211\" style=\"aspect-ratio:4\/3;object-fit:cover\" srcset=\"https:\/\/blaakors.no\/frivilligsentral\/wp-content\/uploads\/sites\/7\/2025\/11\/Bla-Omtanke-syklubb-1024x683.jpg 1024w, https:\/\/blaakors.no\/frivilligsentral\/wp-content\/uploads\/sites\/7\/2025\/11\/Bla-Omtanke-syklubb-300x200.jpg 300w, https:\/\/blaakors.no\/frivilligsentral\/wp-content\/uploads\/sites\/7\/2025\/11\/Bla-Omtanke-syklubb-768x512.jpg 768w, https:\/\/blaakors.no\/frivilligsentral\/wp-content\/uploads\/sites\/7\/2025\/11\/Bla-Omtanke-syklubb-1536x1024.jpg 1536w, https:\/\/blaakors.no\/frivilligsentral\/wp-content\/uploads\/sites\/7\/2025\/11\/Bla-Omtanke-syklubb.jpg 1600w\" sizes=\"auto, (max-width: 1024px) 100vw, 1024px\" \/><\/figure>\n<\/div>\n\n\n\n<div class=\"wp-block-column is-layout-flow wp-block-column-is-layout-flow\">\n<div style=\"height:23px\" aria-hidden=\"true\" class=\"wp-block-spacer\"><\/div>\n\n\n\n<h2 class=\"wp-block-heading\">Skogens Menn<\/h2>\n\n\n\n<p>Skogens Menn er en m\u00f8teplass hvor aktivitet, deltakelse og sosialt fellesskap er form\u00e5let, uten at det stilles krav til verken p\u00e5melding eller forkunnskaper. Vi m\u00f8tes hver torsdag, ofte ved Skogland i gamle Ons\u00f8y kommune. <\/p>\n\n\n\n<div style=\"height:0px\" aria-hidden=\"true\" class=\"wp-block-spacer\"><\/div>\n\n\n\n<div class=\"wp-block-buttons is-layout-flex wp-block-buttons-is-layout-flex\">\n<div class=\"wp-block-button\"><a class=\"wp-block-button__link has-medium-blue-background-color has-background wp-element-button\" href=\"https:\/\/blaakors.no\/skogens-menn-2\/\">Les mer om Skogens Menn <img decoding=\"async\" class=\"wp-image-46\" style=\"width: 22px\" src=\"https:\/\/blaakors.no\/varmestua\/wp-content\/uploads\/sites\/3\/2024\/08\/arrow-right.svg\" alt=\"\"><\/a><\/div>\n<\/div>\n\n\n\n<div style=\"height:38px\" aria-hidden=\"true\" class=\"wp-block-spacer\"><\/div>\n\n\n\n<figure class=\"wp-block-image size-large\"><img loading=\"lazy\" decoding=\"async\" width=\"1024\" height=\"683\" src=\"https:\/\/blaakors.no\/frivilligsentral\/wp-content\/uploads\/sites\/7\/2025\/11\/Skogens-Menn_julemarked-5-1024x683.jpg\" alt=\"\" class=\"wp-image-212\" style=\"aspect-ratio:4\/3;object-fit:cover\" srcset=\"https:\/\/blaakors.no\/frivilligsentral\/wp-content\/uploads\/sites\/7\/2025\/11\/Skogens-Menn_julemarked-5-1024x683.jpg 1024w, https:\/\/blaakors.no\/frivilligsentral\/wp-content\/uploads\/sites\/7\/2025\/11\/Skogens-Menn_julemarked-5-300x200.jpg 300w, https:\/\/blaakors.no\/frivilligsentral\/wp-content\/uploads\/sites\/7\/2025\/11\/Skogens-Menn_julemarked-5-768x512.jpg 768w, https:\/\/blaakors.no\/frivilligsentral\/wp-content\/uploads\/sites\/7\/2025\/11\/Skogens-Menn_julemarked-5-1536x1024.jpg 1536w, https:\/\/blaakors.no\/frivilligsentral\/wp-content\/uploads\/sites\/7\/2025\/11\/Skogens-Menn_julemarked-5.jpg 1600w\" sizes=\"auto, (max-width: 1024px) 100vw, 1024px\" \/><\/figure>\n<\/div>\n<\/div>\n<\/div>\n<\/div>\n\n\n\n<div class=\"wp-block-group is-layout-flow wp-block-group-is-layout-flow\"><\/div>\n\n\n\n<div style=\"height:54px\" aria-hidden=\"true\" class=\"wp-block-spacer\"><\/div>\n\n\n\n<div class=\"wp-block-columns has-light-beige-background-color has-background is-layout-flex wp-container-core-columns-is-layout-4 wp-block-columns-is-layout-flex\" style=\"border-style:none;border-width:0px;padding-top:var(--wp--preset--spacing--40);padding-bottom:var(--wp--preset--spacing--40)\">\n<div class=\"wp-block-column is-vertically-aligned-center is-layout-flow wp-block-column-is-layout-flow\">\n<h2 class=\"wp-block-heading\">Vil du bli Tidgiver?<\/h2>\n\n\n\n<p>Vi trenger deg som kan gi tid en gang i uka, en gang i m\u00e5neden eller en gang i \u00e5ret, helt avhengig av hvor mye tid du har.<\/p>\n\n\n\n<p>Ta kontakt med oss s\u00e5 finner vi sammen ut hvilke oppdrag vi har som kan passe for deg.&nbsp;<\/p>\n\n\n\n<div style=\"height:17px\" aria-hidden=\"true\" class=\"wp-block-spacer hide-mobile\"><\/div>\n\n\n\n<div style=\"height:17px\" aria-hidden=\"true\" class=\"wp-block-spacer\"><\/div>\n<\/div>\n\n\n\n<div class=\"wp-block-column is-layout-flow wp-block-column-is-layout-flow\">\n<figure class=\"wp-block-image size-medium\"><img loading=\"lazy\" decoding=\"async\" width=\"300\" height=\"300\" src=\"https:\/\/blaakors.no\/frivilligsentral\/wp-content\/uploads\/sites\/7\/2024\/10\/Eileen-edited-300x300.jpg\" alt=\"\" class=\"wp-image-185\" srcset=\"https:\/\/blaakors.no\/frivilligsentral\/wp-content\/uploads\/sites\/7\/2024\/10\/Eileen-edited-300x300.jpg 300w, https:\/\/blaakors.no\/frivilligsentral\/wp-content\/uploads\/sites\/7\/2024\/10\/Eileen-edited-1024x1024.jpg 1024w, https:\/\/blaakors.no\/frivilligsentral\/wp-content\/uploads\/sites\/7\/2024\/10\/Eileen-edited-150x150.jpg 150w, https:\/\/blaakors.no\/frivilligsentral\/wp-content\/uploads\/sites\/7\/2024\/10\/Eileen-edited-768x768.jpg 768w, https:\/\/blaakors.no\/frivilligsentral\/wp-content\/uploads\/sites\/7\/2024\/10\/Eileen-edited.jpg 1279w\" sizes=\"auto, (max-width: 300px) 100vw, 300px\" \/><\/figure>\n\n\n\n<h4 class=\"wp-block-heading\">Eileen Myrbakk Olsen<\/h4>\n\n\n\n<p>Tidgiverkoordinator<br>Telefon:&nbsp;<a href=\"tel:+47 90 36 11 95\">+47 90 36 11 95<\/a><a href=\"mailto:eileen.olsen@blaakors.no\"><\/a><\/p>\n\n\n\n<p><a href=\"mailto:eileen.olsen@blaakors.no\">eileen.olsen@blaakors.no<\/a><\/p>\n<\/div>\n\n\n\n<div class=\"wp-block-column is-layout-flow wp-block-column-is-layout-flow\">\n<figure class=\"wp-block-image size-medium is-style-default\"><img loading=\"lazy\" decoding=\"async\" width=\"300\" height=\"300\" src=\"https:\/\/blaakors.no\/frivilligsentral\/wp-content\/uploads\/sites\/7\/2024\/10\/Jorid-edited-300x300.jpg\" alt=\"\" class=\"wp-image-184\" srcset=\"https:\/\/blaakors.no\/frivilligsentral\/wp-content\/uploads\/sites\/7\/2024\/10\/Jorid-edited-300x300.jpg 300w, https:\/\/blaakors.no\/frivilligsentral\/wp-content\/uploads\/sites\/7\/2024\/10\/Jorid-edited-1024x1024.jpg 1024w, https:\/\/blaakors.no\/frivilligsentral\/wp-content\/uploads\/sites\/7\/2024\/10\/Jorid-edited-150x150.jpg 150w, https:\/\/blaakors.no\/frivilligsentral\/wp-content\/uploads\/sites\/7\/2024\/10\/Jorid-edited-768x768.jpg 768w, https:\/\/blaakors.no\/frivilligsentral\/wp-content\/uploads\/sites\/7\/2024\/10\/Jorid-edited.jpg 1298w\" sizes=\"auto, (max-width: 300px) 100vw, 300px\" \/><\/figure>\n\n\n\n<h4 class=\"wp-block-heading\">Jorid D. Bertelsen<\/h4>\n\n\n\n<p>Virksomhetsleder<br>Telefon:&nbsp;<a href=\"tel:+47 97 12 56 61\">+47 97 12 56 61<\/a><\/p>\n\n\n\n<p><a href=\"mailto:jorid.bertelsen@blaakors.no\">jorid.bertelsen@blaakors.no<\/a><\/p>\n<\/div>\n<\/div>\n\n\n\n<div style=\"height:50px\" aria-hidden=\"true\" class=\"wp-block-spacer\"><\/div>\n\n\n\n<div style=\"height:50px\" aria-hidden=\"true\" class=\"wp-block-spacer hide-mobile\"><\/div>\n<\/div>\n","protected":false},"excerpt":{"rendered":"<p>Det viktigste du kan gi andre mennesker er tid. Tid til \u00e5 erstatte ensomhet og utenforskap Frivillige i Bl\u00e5 Kors kalles tidgivere Er du nysgjerrig p\u00e5 hva det inneb\u00e6rer \u00e5 v\u00e6re tidgiver i Bl\u00e5 Kors? Bl\u00e5 Kors frivilligsentral Fredrikstad har to m\u00f8teplasser, i tillegg til at tidgivere bidrar p\u00e5 v\u00e5re virksomheter, prosjekter og arrangementer. Bl\u00e5 [&hellip;]<\/p>\n","protected":false},"author":1,"featured_media":172,"parent":0,"menu_order":0,"comment_status":"closed","ping_status":"closed","template":"","meta":{"inline_featured_image":false,"_exactmetrics_skip_tracking":false,"_exactmetrics_sitenote_active":false,"_exactmetrics_sitenote_note":"","_exactmetrics_sitenote_category":0,"footnotes":""},"class_list":["post-20","page","type-page","status-publish","has-post-thumbnail","hentry"],"yoast_head":"<!-- This site is optimized with the Yoast SEO plugin v26.6 - https:\/\/yoast.com\/wordpress\/plugins\/seo\/ -->\n<title>Frivilligsentral - I sentrum st\u00e5r et menneske<\/title>\n<meta name=\"robots\" content=\"noindex, follow, max-snippet:-1, max-image-preview:large, max-video-preview:-1\" \/>\n<meta property=\"og:locale\" content=\"nb_NO\" \/>\n<meta property=\"og:type\" content=\"article\" \/>\n<meta property=\"og:title\" content=\"Frivilligsentral - I sentrum st\u00e5r et menneske\" \/>\n<meta property=\"og:description\" content=\"Det viktigste du kan gi andre mennesker er tid. Tid til \u00e5 erstatte ensomhet og utenforskap Frivillige i Bl\u00e5 Kors kalles tidgivere Er du nysgjerrig p\u00e5 hva det inneb\u00e6rer \u00e5 v\u00e6re tidgiver i Bl\u00e5 Kors? Bl\u00e5 Kors frivilligsentral Fredrikstad har to m\u00f8teplasser, i tillegg til at tidgivere bidrar p\u00e5 v\u00e5re virksomheter, prosjekter og arrangementer. Bl\u00e5 [&hellip;]\" \/>\n<meta property=\"og:url\" content=\"https:\/\/blaakors.no\/frivilligsentral\/\" \/>\n<meta property=\"og:site_name\" content=\"Frivilligsentral\" \/>\n<meta property=\"article:modified_time\" content=\"2025-11-17T14:24:32+00:00\" \/>\n<meta property=\"og:image\" content=\"https:\/\/blaakors.no\/frivilligsentral\/wp-content\/uploads\/sites\/7\/2024\/10\/Unni-1-web-scaled.jpg\" \/>\n\t<meta property=\"og:image:width\" content=\"2560\" \/>\n\t<meta property=\"og:image:height\" content=\"1707\" \/>\n\t<meta property=\"og:image:type\" content=\"image\/jpeg\" \/>\n<meta name=\"twitter:card\" content=\"summary_large_image\" \/>\n<meta name=\"twitter:label1\" content=\"Ansl. lesetid\" \/>\n\t<meta name=\"twitter:data1\" content=\"4 minutter\" \/>\n<script type=\"application\/ld+json\" class=\"yoast-schema-graph\">{\"@context\":\"https:\/\/schema.org\",\"@graph\":[{\"@type\":\"WebPage\",\"@id\":\"https:\/\/blaakors.no\/frivilligsentral\/\",\"url\":\"https:\/\/blaakors.no\/frivilligsentral\/\",\"name\":\"Frivilligsentral - I sentrum st\u00e5r et menneske\",\"isPartOf\":{\"@id\":\"https:\/\/blaakors.no\/frivilligsentral\/#website\"},\"primaryImageOfPage\":{\"@id\":\"https:\/\/blaakors.no\/frivilligsentral\/#primaryimage\"},\"image\":{\"@id\":\"https:\/\/blaakors.no\/frivilligsentral\/#primaryimage\"},\"thumbnailUrl\":\"https:\/\/blaakors.no\/frivilligsentral\/wp-content\/uploads\/sites\/7\/2024\/10\/Unni-1-web-scaled.jpg\",\"datePublished\":\"2024-08-28T11:31:57+00:00\",\"dateModified\":\"2025-11-17T14:24:32+00:00\",\"breadcrumb\":{\"@id\":\"https:\/\/blaakors.no\/frivilligsentral\/#breadcrumb\"},\"inLanguage\":\"nb-NO\",\"potentialAction\":[{\"@type\":\"ReadAction\",\"target\":[\"https:\/\/blaakors.no\/frivilligsentral\/\"]}]},{\"@type\":\"ImageObject\",\"inLanguage\":\"nb-NO\",\"@id\":\"https:\/\/blaakors.no\/frivilligsentral\/#primaryimage\",\"url\":\"https:\/\/blaakors.no\/frivilligsentral\/wp-content\/uploads\/sites\/7\/2024\/10\/Unni-1-web-scaled.jpg\",\"contentUrl\":\"https:\/\/blaakors.no\/frivilligsentral\/wp-content\/uploads\/sites\/7\/2024\/10\/Unni-1-web-scaled.jpg\",\"width\":2560,\"height\":1707},{\"@type\":\"BreadcrumbList\",\"@id\":\"https:\/\/blaakors.no\/frivilligsentral\/#breadcrumb\",\"itemListElement\":[{\"@type\":\"ListItem\",\"position\":1,\"name\":\"Hjem\",\"item\":\"https:\/\/blaakors.no\/frivilligsentral\/\"},{\"@type\":\"ListItem\",\"position\":2,\"name\":\"Forside\"}]},{\"@type\":\"WebSite\",\"@id\":\"https:\/\/blaakors.no\/frivilligsentral\/#website\",\"url\":\"https:\/\/blaakors.no\/frivilligsentral\/\",\"name\":\"Frivilligsentral\",\"description\":\"I sentrum st\u00e5r et menneske\",\"publisher\":{\"@id\":\"https:\/\/blaakors.no\/frivilligsentral\/#organization\"},\"potentialAction\":[{\"@type\":\"SearchAction\",\"target\":{\"@type\":\"EntryPoint\",\"urlTemplate\":\"https:\/\/blaakors.no\/frivilligsentral\/?s={search_term_string}\"},\"query-input\":{\"@type\":\"PropertyValueSpecification\",\"valueRequired\":true,\"valueName\":\"search_term_string\"}}],\"inLanguage\":\"nb-NO\"},{\"@type\":\"Organization\",\"@id\":\"https:\/\/blaakors.no\/frivilligsentral\/#organization\",\"name\":\"Frivilligsentral\",\"url\":\"https:\/\/blaakors.no\/frivilligsentral\/\",\"logo\":{\"@type\":\"ImageObject\",\"inLanguage\":\"nb-NO\",\"@id\":\"https:\/\/blaakors.no\/frivilligsentral\/#\/schema\/logo\/image\/\",\"url\":\"https:\/\/blaakors.no\/frivilligsentral\/wp-content\/uploads\/sites\/7\/2024\/09\/Bla-kors-logo-fredrikstad.svg\",\"contentUrl\":\"https:\/\/blaakors.no\/frivilligsentral\/wp-content\/uploads\/sites\/7\/2024\/09\/Bla-kors-logo-fredrikstad.svg\",\"caption\":\"Frivilligsentral\"},\"image\":{\"@id\":\"https:\/\/blaakors.no\/frivilligsentral\/#\/schema\/logo\/image\/\"}}]}<\/script>\n<!-- \/ Yoast SEO plugin. -->","yoast_head_json":{"title":"Frivilligsentral - I sentrum st\u00e5r et menneske","robots":{"index":"noindex","follow":"follow","max-snippet":"max-snippet:-1","max-image-preview":"max-image-preview:large","max-video-preview":"max-video-preview:-1"},"og_locale":"nb_NO","og_type":"article","og_title":"Frivilligsentral - I sentrum st\u00e5r et menneske","og_description":"Det viktigste du kan gi andre mennesker er tid. Tid til \u00e5 erstatte ensomhet og utenforskap Frivillige i Bl\u00e5 Kors kalles tidgivere Er du nysgjerrig p\u00e5 hva det inneb\u00e6rer \u00e5 v\u00e6re tidgiver i Bl\u00e5 Kors? Bl\u00e5 Kors frivilligsentral Fredrikstad har to m\u00f8teplasser, i tillegg til at tidgivere bidrar p\u00e5 v\u00e5re virksomheter, prosjekter og arrangementer. Bl\u00e5 [&hellip;]","og_url":"https:\/\/blaakors.no\/frivilligsentral\/","og_site_name":"Frivilligsentral","article_modified_time":"2025-11-17T14:24:32+00:00","og_image":[{"width":2560,"height":1707,"url":"https:\/\/blaakors.no\/frivilligsentral\/wp-content\/uploads\/sites\/7\/2024\/10\/Unni-1-web-scaled.jpg","type":"image\/jpeg"}],"twitter_card":"summary_large_image","twitter_misc":{"Ansl. lesetid":"4 minutter"},"schema":{"@context":"https:\/\/schema.org","@graph":[{"@type":"WebPage","@id":"https:\/\/blaakors.no\/frivilligsentral\/","url":"https:\/\/blaakors.no\/frivilligsentral\/","name":"Frivilligsentral - I sentrum st\u00e5r et menneske","isPartOf":{"@id":"https:\/\/blaakors.no\/frivilligsentral\/#website"},"primaryImageOfPage":{"@id":"https:\/\/blaakors.no\/frivilligsentral\/#primaryimage"},"image":{"@id":"https:\/\/blaakors.no\/frivilligsentral\/#primaryimage"},"thumbnailUrl":"https:\/\/blaakors.no\/frivilligsentral\/wp-content\/uploads\/sites\/7\/2024\/10\/Unni-1-web-scaled.jpg","datePublished":"2024-08-28T11:31:57+00:00","dateModified":"2025-11-17T14:24:32+00:00","breadcrumb":{"@id":"https:\/\/blaakors.no\/frivilligsentral\/#breadcrumb"},"inLanguage":"nb-NO","potentialAction":[{"@type":"ReadAction","target":["https:\/\/blaakors.no\/frivilligsentral\/"]}]},{"@type":"ImageObject","inLanguage":"nb-NO","@id":"https:\/\/blaakors.no\/frivilligsentral\/#primaryimage","url":"https:\/\/blaakors.no\/frivilligsentral\/wp-content\/uploads\/sites\/7\/2024\/10\/Unni-1-web-scaled.jpg","contentUrl":"https:\/\/blaakors.no\/frivilligsentral\/wp-content\/uploads\/sites\/7\/2024\/10\/Unni-1-web-scaled.jpg","width":2560,"height":1707},{"@type":"BreadcrumbList","@id":"https:\/\/blaakors.no\/frivilligsentral\/#breadcrumb","itemListElement":[{"@type":"ListItem","position":1,"name":"Hjem","item":"https:\/\/blaakors.no\/frivilligsentral\/"},{"@type":"ListItem","position":2,"name":"Forside"}]},{"@type":"WebSite","@id":"https:\/\/blaakors.no\/frivilligsentral\/#website","url":"https:\/\/blaakors.no\/frivilligsentral\/","name":"Frivilligsentral","description":"I sentrum st\u00e5r et menneske","publisher":{"@id":"https:\/\/blaakors.no\/frivilligsentral\/#organization"},"potentialAction":[{"@type":"SearchAction","target":{"@type":"EntryPoint","urlTemplate":"https:\/\/blaakors.no\/frivilligsentral\/?s={search_term_string}"},"query-input":{"@type":"PropertyValueSpecification","valueRequired":true,"valueName":"search_term_string"}}],"inLanguage":"nb-NO"},{"@type":"Organization","@id":"https:\/\/blaakors.no\/frivilligsentral\/#organization","name":"Frivilligsentral","url":"https:\/\/blaakors.no\/frivilligsentral\/","logo":{"@type":"ImageObject","inLanguage":"nb-NO","@id":"https:\/\/blaakors.no\/frivilligsentral\/#\/schema\/logo\/image\/","url":"https:\/\/blaakors.no\/frivilligsentral\/wp-content\/uploads\/sites\/7\/2024\/09\/Bla-kors-logo-fredrikstad.svg","contentUrl":"https:\/\/blaakors.no\/frivilligsentral\/wp-content\/uploads\/sites\/7\/2024\/09\/Bla-kors-logo-fredrikstad.svg","caption":"Frivilligsentral"},"image":{"@id":"https:\/\/blaakors.no\/frivilligsentral\/#\/schema\/logo\/image\/"}}]}},"_links":{"self":[{"href":"https:\/\/blaakors.no\/frivilligsentral\/wp-json\/wp\/v2\/pages\/20","targetHints":{"allow":["GET"]}}],"collection":[{"href":"https:\/\/blaakors.no\/frivilligsentral\/wp-json\/wp\/v2\/pages"}],"about":[{"href":"https:\/\/blaakors.no\/frivilligsentral\/wp-json\/wp\/v2\/types\/page"}],"author":[{"embeddable":true,"href":"https:\/\/blaakors.no\/frivilligsentral\/wp-json\/wp\/v2\/users\/1"}],"replies":[{"embeddable":true,"href":"https:\/\/blaakors.no\/frivilligsentral\/wp-json\/wp\/v2\/comments?post=20"}],"version-history":[{"count":33,"href":"https:\/\/blaakors.no\/frivilligsentral\/wp-json\/wp\/v2\/pages\/20\/revisions"}],"predecessor-version":[{"id":223,"href":"https:\/\/blaakors.no\/frivilligsentral\/wp-json\/wp\/v2\/pages\/20\/revisions\/223"}],"wp:featuredmedia":[{"embeddable":true,"href":"https:\/\/blaakors.no\/frivilligsentral\/wp-json\/wp\/v2\/media\/172"}],"wp:attachment":[{"href":"https:\/\/blaakors.no\/frivilligsentral\/wp-json\/wp\/v2\/media?parent=20"}],"curies":[{"name":"wp","href":"https:\/\/api.w.org\/{rel}","templated":true}]}}