{"id":33,"date":"2024-09-03T14:03:37","date_gmt":"2024-09-03T12:03:37","guid":{"rendered":"https:\/\/blaakors.no\/frivilligsentral\/?page_id=33"},"modified":"2024-10-17T12:02:36","modified_gmt":"2024-10-17T10:02:36","slug":"kontakt","status":"publish","type":"page","link":"https:\/\/blaakors.no\/frivilligsentral\/kontakt\/","title":{"rendered":"Kontakt"},"content":{"rendered":"\n<div class=\"wp-block-group alignfull has-light-beige-background-color has-background has-global-padding is-layout-constrained wp-block-group-is-layout-constrained\">\n<div style=\"height:180px\" aria-hidden=\"true\" class=\"wp-block-spacer\"><\/div>\n\n\n\n<div style=\"height:60px\" aria-hidden=\"true\" class=\"wp-block-spacer hide-mobile\"><\/div>\n\n\n\n<div class=\"wp-block-group has-global-padding is-layout-constrained wp-block-group-is-layout-constrained\">\n<div class=\"wp-block-columns is-layout-flex wp-container-core-columns-is-layout-1 wp-block-columns-is-layout-flex\">\n<div class=\"wp-block-column is-layout-flow wp-block-column-is-layout-flow\">\n<h2 class=\"wp-block-heading\">Ta kontakt med oss<\/h2>\n<\/div>\n<\/div>\n\n\n\n<div style=\"height:20px\" aria-hidden=\"true\" class=\"wp-block-spacer\"><\/div>\n\n\n\n<div style=\"height:20px\" aria-hidden=\"true\" class=\"wp-block-spacer hide-mobile\"><\/div>\n\n\n\n<div class=\"wp-block-columns is-layout-flex wp-container-core-columns-is-layout-3 wp-block-columns-is-layout-flex\">\n<div class=\"wp-block-column is-layout-flow wp-block-column-is-layout-flow\" style=\"padding-right:0;padding-left:0\">\n<h3 class=\"wp-block-heading\">Bl\u00e5 Kors frivilligsentral<\/h3>\n\n\n\n<p>Bl\u00e5 Kors frivilligsentral eies og drives av Stiftelsen Bl\u00e5 Kors Fredrikstad og er tilsluttet\u00a0<a href=\"http:\/\/www.frivilligsentral.no\/\">Norges Frivilligsentraler<\/a>.<\/p>\n\n\n\n<p>Vi ser etter deg som \u00f8nsker \u00e5 gi tid til andre &#8211; enten det er ukentlig, m\u00e5nedlig eller bare \u00e9n gang i \u00e5ret. Som tidgiver i Bl\u00e5 Kors kan man v\u00e6re med p\u00e5 \u00e5 gj\u00f8re en forskjell i andres liv. <\/p>\n\n\n\n<p>Vi har en rekke tilbud til b\u00e5de barn, ungdom og voksne.<\/p>\n\n\n\n<p><strong>Postadresse:<br><\/strong>Postboks 585, 1612 Fredrikstad<\/p>\n\n\n\n<p><strong>Bes\u00f8ksadresse:<br><\/strong>Farmanns gate 20, 1607 Fredrikstad<\/p>\n<\/div>\n\n\n\n<div class=\"wp-block-column is-layout-flow wp-block-column-is-layout-flow\">\n<div class=\"wp-block-columns is-layout-flex wp-container-core-columns-is-layout-2 wp-block-columns-is-layout-flex\">\n<div class=\"wp-block-column is-layout-flow wp-block-column-is-layout-flow\">\n<figure class=\"wp-block-image size-large is-resized\"><img loading=\"lazy\" decoding=\"async\" width=\"823\" height=\"1024\" src=\"https:\/\/blaakors.no\/frivilligsentral\/wp-content\/uploads\/sites\/7\/2024\/09\/Jorid-823x1024.jpg\" alt=\"\" class=\"wp-image-82\" style=\"object-fit:cover;width:220px;height:230px\" srcset=\"https:\/\/blaakors.no\/frivilligsentral\/wp-content\/uploads\/sites\/7\/2024\/09\/Jorid-823x1024.jpg 823w, https:\/\/blaakors.no\/frivilligsentral\/wp-content\/uploads\/sites\/7\/2024\/09\/Jorid-241x300.jpg 241w, https:\/\/blaakors.no\/frivilligsentral\/wp-content\/uploads\/sites\/7\/2024\/09\/Jorid-768x956.jpg 768w, https:\/\/blaakors.no\/frivilligsentral\/wp-content\/uploads\/sites\/7\/2024\/09\/Jorid-1235x1536.jpg 1235w, https:\/\/blaakors.no\/frivilligsentral\/wp-content\/uploads\/sites\/7\/2024\/09\/Jorid.jpg 1298w\" sizes=\"auto, (max-width: 823px) 100vw, 823px\" \/><\/figure>\n\n\n\n<h4 class=\"wp-block-heading\">Jorid D. Bertelsen<\/h4>\n\n\n\n<p>Virksomhetsleder<br>Telefon: <a href=\"tel:+47 97 12 56 61\">+47 97 12 56 61<\/a><\/p>\n\n\n\n<p><a href=\"mailto:jorid.bertelsen@blaakors.no\">jorid.bertelsen@blaakors.no<\/a><\/p>\n\n\n\n<div style=\"height:10px\" aria-hidden=\"true\" class=\"wp-block-spacer\"><\/div>\n<\/div>\n\n\n\n<div class=\"wp-block-column is-layout-flow wp-block-column-is-layout-flow\">\n<figure class=\"wp-block-image size-large is-resized\"><img loading=\"lazy\" decoding=\"async\" width=\"799\" height=\"1024\" src=\"https:\/\/blaakors.no\/frivilligsentral\/wp-content\/uploads\/sites\/7\/2024\/09\/Eileen-799x1024.jpg\" alt=\"\" class=\"wp-image-81\" style=\"object-fit:cover;width:220px;height:230px\" srcset=\"https:\/\/blaakors.no\/frivilligsentral\/wp-content\/uploads\/sites\/7\/2024\/09\/Eileen-799x1024.jpg 799w, https:\/\/blaakors.no\/frivilligsentral\/wp-content\/uploads\/sites\/7\/2024\/09\/Eileen-234x300.jpg 234w, https:\/\/blaakors.no\/frivilligsentral\/wp-content\/uploads\/sites\/7\/2024\/09\/Eileen-768x984.jpg 768w, https:\/\/blaakors.no\/frivilligsentral\/wp-content\/uploads\/sites\/7\/2024\/09\/Eileen-1199x1536.jpg 1199w, https:\/\/blaakors.no\/frivilligsentral\/wp-content\/uploads\/sites\/7\/2024\/09\/Eileen.jpg 1279w\" sizes=\"auto, (max-width: 799px) 100vw, 799px\" \/><\/figure>\n\n\n\n<h4 class=\"wp-block-heading\">Eileen Myrbakk Olsen<\/h4>\n\n\n\n<p>Tidgiverkoordinator<br>Telefon: <a href=\"tel:+47 90 36 11 95\">+47 90 36 11 95<\/a><a href=\"mailto:eileen.olsen@blaakors.no\"><\/a><\/p>\n\n\n\n<p><a href=\"mailto:eileen.olsen@blaakors.no\">eileen.olsen@blaakors.no<\/a><\/p>\n<\/div>\n<\/div>\n<\/div>\n<\/div>\n\n\n\n<div style=\"height:40px\" aria-hidden=\"true\" class=\"wp-block-spacer\"><\/div>\n<\/div>\n\n\n\n<div style=\"height:100px\" aria-hidden=\"true\" class=\"wp-block-spacer hide-mobile\"><\/div>\n<\/div>\n","protected":false},"excerpt":{"rendered":"<p>Ta kontakt med oss Bl\u00e5 Kors frivilligsentral Bl\u00e5 Kors frivilligsentral eies og drives av Stiftelsen Bl\u00e5 Kors Fredrikstad og er tilsluttet\u00a0Norges Frivilligsentraler. Vi ser etter deg som \u00f8nsker \u00e5 gi tid til andre &#8211; enten det er ukentlig, m\u00e5nedlig eller bare \u00e9n gang i \u00e5ret. Som tidgiver i Bl\u00e5 Kors kan man v\u00e6re med p\u00e5 [&hellip;]<\/p>\n","protected":false},"author":1,"featured_media":0,"parent":0,"menu_order":0,"comment_status":"closed","ping_status":"closed","template":"","meta":{"inline_featured_image":false,"_exactmetrics_skip_tracking":false,"_exactmetrics_sitenote_active":false,"_exactmetrics_sitenote_note":"","_exactmetrics_sitenote_category":0,"footnotes":""},"class_list":["post-33","page","type-page","status-publish","hentry"],"yoast_head":"<!-- This site is optimized with the Yoast SEO plugin v26.6 - https:\/\/yoast.com\/wordpress\/plugins\/seo\/ -->\n<title>Kontakt - Frivilligsentral<\/title>\n<meta name=\"robots\" content=\"noindex, follow, max-snippet:-1, max-image-preview:large, max-video-preview:-1\" \/>\n<meta property=\"og:locale\" content=\"nb_NO\" \/>\n<meta property=\"og:type\" content=\"article\" \/>\n<meta property=\"og:title\" content=\"Kontakt - Frivilligsentral\" \/>\n<meta property=\"og:description\" content=\"Ta kontakt med oss Bl\u00e5 Kors frivilligsentral Bl\u00e5 Kors frivilligsentral eies og drives av Stiftelsen Bl\u00e5 Kors Fredrikstad og er tilsluttet\u00a0Norges Frivilligsentraler. Vi ser etter deg som \u00f8nsker \u00e5 gi tid til andre &#8211; enten det er ukentlig, m\u00e5nedlig eller bare \u00e9n gang i \u00e5ret. Som tidgiver i Bl\u00e5 Kors kan man v\u00e6re med p\u00e5 [&hellip;]\" \/>\n<meta property=\"og:url\" content=\"https:\/\/blaakors.no\/frivilligsentral\/kontakt\/\" \/>\n<meta property=\"og:site_name\" content=\"Frivilligsentral\" \/>\n<meta property=\"article:modified_time\" content=\"2024-10-17T10:02:36+00:00\" \/>\n<meta property=\"og:image\" content=\"https:\/\/blaakors.no\/frivilligsentral\/wp-content\/uploads\/sites\/7\/2024\/09\/Jorid.jpg\" \/>\n\t<meta property=\"og:image:width\" content=\"1298\" \/>\n\t<meta property=\"og:image:height\" content=\"1615\" \/>\n\t<meta property=\"og:image:type\" content=\"image\/jpeg\" \/>\n<meta name=\"twitter:card\" content=\"summary_large_image\" \/>\n<meta name=\"twitter:label1\" content=\"Ansl. lesetid\" \/>\n\t<meta name=\"twitter:data1\" content=\"1 minutt\" \/>\n<script type=\"application\/ld+json\" class=\"yoast-schema-graph\">{\"@context\":\"https:\/\/schema.org\",\"@graph\":[{\"@type\":\"WebPage\",\"@id\":\"https:\/\/blaakors.no\/frivilligsentral\/kontakt\/\",\"url\":\"https:\/\/blaakors.no\/frivilligsentral\/kontakt\/\",\"name\":\"Kontakt - Frivilligsentral\",\"isPartOf\":{\"@id\":\"https:\/\/blaakors.no\/frivilligsentral\/#website\"},\"primaryImageOfPage\":{\"@id\":\"https:\/\/blaakors.no\/frivilligsentral\/kontakt\/#primaryimage\"},\"image\":{\"@id\":\"https:\/\/blaakors.no\/frivilligsentral\/kontakt\/#primaryimage\"},\"thumbnailUrl\":\"https:\/\/blaakors.no\/frivilligsentral\/wp-content\/uploads\/sites\/7\/2024\/09\/Jorid-823x1024.jpg\",\"datePublished\":\"2024-09-03T12:03:37+00:00\",\"dateModified\":\"2024-10-17T10:02:36+00:00\",\"breadcrumb\":{\"@id\":\"https:\/\/blaakors.no\/frivilligsentral\/kontakt\/#breadcrumb\"},\"inLanguage\":\"nb-NO\",\"potentialAction\":[{\"@type\":\"ReadAction\",\"target\":[\"https:\/\/blaakors.no\/frivilligsentral\/kontakt\/\"]}]},{\"@type\":\"ImageObject\",\"inLanguage\":\"nb-NO\",\"@id\":\"https:\/\/blaakors.no\/frivilligsentral\/kontakt\/#primaryimage\",\"url\":\"https:\/\/blaakors.no\/frivilligsentral\/wp-content\/uploads\/sites\/7\/2024\/09\/Jorid.jpg\",\"contentUrl\":\"https:\/\/blaakors.no\/frivilligsentral\/wp-content\/uploads\/sites\/7\/2024\/09\/Jorid.jpg\",\"width\":1298,\"height\":1615},{\"@type\":\"BreadcrumbList\",\"@id\":\"https:\/\/blaakors.no\/frivilligsentral\/kontakt\/#breadcrumb\",\"itemListElement\":[{\"@type\":\"ListItem\",\"position\":1,\"name\":\"Hjem\",\"item\":\"https:\/\/blaakors.no\/frivilligsentral\/\"},{\"@type\":\"ListItem\",\"position\":2,\"name\":\"Kontakt\"}]},{\"@type\":\"WebSite\",\"@id\":\"https:\/\/blaakors.no\/frivilligsentral\/#website\",\"url\":\"https:\/\/blaakors.no\/frivilligsentral\/\",\"name\":\"Frivilligsentral\",\"description\":\"I sentrum st\u00e5r et menneske\",\"publisher\":{\"@id\":\"https:\/\/blaakors.no\/frivilligsentral\/#organization\"},\"potentialAction\":[{\"@type\":\"SearchAction\",\"target\":{\"@type\":\"EntryPoint\",\"urlTemplate\":\"https:\/\/blaakors.no\/frivilligsentral\/?s={search_term_string}\"},\"query-input\":{\"@type\":\"PropertyValueSpecification\",\"valueRequired\":true,\"valueName\":\"search_term_string\"}}],\"inLanguage\":\"nb-NO\"},{\"@type\":\"Organization\",\"@id\":\"https:\/\/blaakors.no\/frivilligsentral\/#organization\",\"name\":\"Frivilligsentral\",\"url\":\"https:\/\/blaakors.no\/frivilligsentral\/\",\"logo\":{\"@type\":\"ImageObject\",\"inLanguage\":\"nb-NO\",\"@id\":\"https:\/\/blaakors.no\/frivilligsentral\/#\/schema\/logo\/image\/\",\"url\":\"https:\/\/blaakors.no\/frivilligsentral\/wp-content\/uploads\/sites\/7\/2024\/09\/Bla-kors-logo-fredrikstad.svg\",\"contentUrl\":\"https:\/\/blaakors.no\/frivilligsentral\/wp-content\/uploads\/sites\/7\/2024\/09\/Bla-kors-logo-fredrikstad.svg\",\"caption\":\"Frivilligsentral\"},\"image\":{\"@id\":\"https:\/\/blaakors.no\/frivilligsentral\/#\/schema\/logo\/image\/\"}}]}<\/script>\n<!-- \/ Yoast SEO plugin. -->","yoast_head_json":{"title":"Kontakt - Frivilligsentral","robots":{"index":"noindex","follow":"follow","max-snippet":"max-snippet:-1","max-image-preview":"max-image-preview:large","max-video-preview":"max-video-preview:-1"},"og_locale":"nb_NO","og_type":"article","og_title":"Kontakt - Frivilligsentral","og_description":"Ta kontakt med oss Bl\u00e5 Kors frivilligsentral Bl\u00e5 Kors frivilligsentral eies og drives av Stiftelsen Bl\u00e5 Kors Fredrikstad og er tilsluttet\u00a0Norges Frivilligsentraler. Vi ser etter deg som \u00f8nsker \u00e5 gi tid til andre &#8211; enten det er ukentlig, m\u00e5nedlig eller bare \u00e9n gang i \u00e5ret. Som tidgiver i Bl\u00e5 Kors kan man v\u00e6re med p\u00e5 [&hellip;]","og_url":"https:\/\/blaakors.no\/frivilligsentral\/kontakt\/","og_site_name":"Frivilligsentral","article_modified_time":"2024-10-17T10:02:36+00:00","og_image":[{"width":1298,"height":1615,"url":"https:\/\/blaakors.no\/frivilligsentral\/wp-content\/uploads\/sites\/7\/2024\/09\/Jorid.jpg","type":"image\/jpeg"}],"twitter_card":"summary_large_image","twitter_misc":{"Ansl. lesetid":"1 minutt"},"schema":{"@context":"https:\/\/schema.org","@graph":[{"@type":"WebPage","@id":"https:\/\/blaakors.no\/frivilligsentral\/kontakt\/","url":"https:\/\/blaakors.no\/frivilligsentral\/kontakt\/","name":"Kontakt - Frivilligsentral","isPartOf":{"@id":"https:\/\/blaakors.no\/frivilligsentral\/#website"},"primaryImageOfPage":{"@id":"https:\/\/blaakors.no\/frivilligsentral\/kontakt\/#primaryimage"},"image":{"@id":"https:\/\/blaakors.no\/frivilligsentral\/kontakt\/#primaryimage"},"thumbnailUrl":"https:\/\/blaakors.no\/frivilligsentral\/wp-content\/uploads\/sites\/7\/2024\/09\/Jorid-823x1024.jpg","datePublished":"2024-09-03T12:03:37+00:00","dateModified":"2024-10-17T10:02:36+00:00","breadcrumb":{"@id":"https:\/\/blaakors.no\/frivilligsentral\/kontakt\/#breadcrumb"},"inLanguage":"nb-NO","potentialAction":[{"@type":"ReadAction","target":["https:\/\/blaakors.no\/frivilligsentral\/kontakt\/"]}]},{"@type":"ImageObject","inLanguage":"nb-NO","@id":"https:\/\/blaakors.no\/frivilligsentral\/kontakt\/#primaryimage","url":"https:\/\/blaakors.no\/frivilligsentral\/wp-content\/uploads\/sites\/7\/2024\/09\/Jorid.jpg","contentUrl":"https:\/\/blaakors.no\/frivilligsentral\/wp-content\/uploads\/sites\/7\/2024\/09\/Jorid.jpg","width":1298,"height":1615},{"@type":"BreadcrumbList","@id":"https:\/\/blaakors.no\/frivilligsentral\/kontakt\/#breadcrumb","itemListElement":[{"@type":"ListItem","position":1,"name":"Hjem","item":"https:\/\/blaakors.no\/frivilligsentral\/"},{"@type":"ListItem","position":2,"name":"Kontakt"}]},{"@type":"WebSite","@id":"https:\/\/blaakors.no\/frivilligsentral\/#website","url":"https:\/\/blaakors.no\/frivilligsentral\/","name":"Frivilligsentral","description":"I sentrum st\u00e5r et menneske","publisher":{"@id":"https:\/\/blaakors.no\/frivilligsentral\/#organization"},"potentialAction":[{"@type":"SearchAction","target":{"@type":"EntryPoint","urlTemplate":"https:\/\/blaakors.no\/frivilligsentral\/?s={search_term_string}"},"query-input":{"@type":"PropertyValueSpecification","valueRequired":true,"valueName":"search_term_string"}}],"inLanguage":"nb-NO"},{"@type":"Organization","@id":"https:\/\/blaakors.no\/frivilligsentral\/#organization","name":"Frivilligsentral","url":"https:\/\/blaakors.no\/frivilligsentral\/","logo":{"@type":"ImageObject","inLanguage":"nb-NO","@id":"https:\/\/blaakors.no\/frivilligsentral\/#\/schema\/logo\/image\/","url":"https:\/\/blaakors.no\/frivilligsentral\/wp-content\/uploads\/sites\/7\/2024\/09\/Bla-kors-logo-fredrikstad.svg","contentUrl":"https:\/\/blaakors.no\/frivilligsentral\/wp-content\/uploads\/sites\/7\/2024\/09\/Bla-kors-logo-fredrikstad.svg","caption":"Frivilligsentral"},"image":{"@id":"https:\/\/blaakors.no\/frivilligsentral\/#\/schema\/logo\/image\/"}}]}},"_links":{"self":[{"href":"https:\/\/blaakors.no\/frivilligsentral\/wp-json\/wp\/v2\/pages\/33","targetHints":{"allow":["GET"]}}],"collection":[{"href":"https:\/\/blaakors.no\/frivilligsentral\/wp-json\/wp\/v2\/pages"}],"about":[{"href":"https:\/\/blaakors.no\/frivilligsentral\/wp-json\/wp\/v2\/types\/page"}],"author":[{"embeddable":true,"href":"https:\/\/blaakors.no\/frivilligsentral\/wp-json\/wp\/v2\/users\/1"}],"replies":[{"embeddable":true,"href":"https:\/\/blaakors.no\/frivilligsentral\/wp-json\/wp\/v2\/comments?post=33"}],"version-history":[{"count":13,"href":"https:\/\/blaakors.no\/frivilligsentral\/wp-json\/wp\/v2\/pages\/33\/revisions"}],"predecessor-version":[{"id":181,"href":"https:\/\/blaakors.no\/frivilligsentral\/wp-json\/wp\/v2\/pages\/33\/revisions\/181"}],"wp:attachment":[{"href":"https:\/\/blaakors.no\/frivilligsentral\/wp-json\/wp\/v2\/media?parent=33"}],"curies":[{"name":"wp","href":"https:\/\/api.w.org\/{rel}","templated":true}]}}