{"id":16,"date":"2024-08-26T14:33:18","date_gmt":"2024-08-26T12:33:18","guid":{"rendered":"https:\/\/blaakors.no\/krisesenteret\/?page_id=16"},"modified":"2025-05-09T14:04:26","modified_gmt":"2025-05-09T12:04:26","slug":"tilbud-fredrikstad-og-hvaler","status":"publish","type":"page","link":"https:\/\/blaakors.no\/krisesenteret\/tilbud-fredrikstad-og-hvaler\/","title":{"rendered":"Tilbud Fredrikstad og Hvaler"},"content":{"rendered":"\n<div class=\"wp-block-group alignfull has-light-beige-background-color has-background has-global-padding is-layout-constrained wp-block-group-is-layout-constrained\">\n<div style=\"height:180px\" aria-hidden=\"true\" class=\"wp-block-spacer\"><\/div>\n\n\n\n<div style=\"height:80px\" aria-hidden=\"true\" class=\"wp-block-spacer hide-mobile\"><\/div>\n\n\n\n<div style=\"height:20px\" aria-hidden=\"true\" class=\"wp-block-spacer hide-large\"><\/div>\n\n\n\n<div class=\"wp-block-columns alignwide has-beige-background-color has-background is-layout-flex wp-container-core-columns-is-layout-2 wp-block-columns-is-layout-flex\" style=\"border-radius:15px;padding-top:0;padding-right:0;padding-bottom:0;padding-left:0\">\n<div class=\"wp-block-column is-layout-flow wp-block-column-is-layout-flow\">\n<div class=\"wp-block-columns is-layout-flex wp-container-core-columns-is-layout-1 wp-block-columns-is-layout-flex\">\n<div class=\"wp-block-column is-vertically-aligned-center is-layout-flow wp-block-column-is-layout-flow\" style=\"padding-top:var(--wp--preset--spacing--50);padding-right:var(--wp--preset--spacing--50);padding-bottom:var(--wp--preset--spacing--50);padding-left:var(--wp--preset--spacing--50)\">\n<p>Tilbud Fredrikstad og Hvaler<\/p>\n\n\n\n<h2 class=\"wp-block-heading\">Vi er her for \u00e5 hjelpe deg som har opplevd vold i n\u00e6re relasjoner, incest eller annen seksuell vold.<\/h2>\n<\/div>\n\n\n\n<div class=\"wp-block-column is-vertically-aligned-center is-layout-flow wp-block-column-is-layout-flow\">\n<div class=\"wp-block-cover is-light image-cover-mobile\" style=\"border-top-left-radius:0px;border-top-right-radius:15px;border-bottom-left-radius:0px;border-bottom-right-radius:15px;min-height:559px;aspect-ratio:unset;\"><span aria-hidden=\"true\" class=\"wp-block-cover__background has-background-dim-0 has-background-dim\" style=\"background-color:#b8a786\"><\/span><img loading=\"lazy\" decoding=\"async\" width=\"1382\" height=\"922\" class=\"wp-block-cover__image-background wp-image-212\" alt=\"\" src=\"https:\/\/blaakors.no\/krisesenteret\/wp-content\/uploads\/sites\/5\/2024\/09\/utendors.jpg\" data-object-fit=\"cover\" srcset=\"https:\/\/blaakors.no\/krisesenteret\/wp-content\/uploads\/sites\/5\/2024\/09\/utendors.jpg 1382w, https:\/\/blaakors.no\/krisesenteret\/wp-content\/uploads\/sites\/5\/2024\/09\/utendors-300x200.jpg 300w, https:\/\/blaakors.no\/krisesenteret\/wp-content\/uploads\/sites\/5\/2024\/09\/utendors-1024x683.jpg 1024w, https:\/\/blaakors.no\/krisesenteret\/wp-content\/uploads\/sites\/5\/2024\/09\/utendors-768x512.jpg 768w\" sizes=\"auto, (max-width: 1382px) 100vw, 1382px\" \/><div class=\"wp-block-cover__inner-container has-global-padding is-layout-constrained wp-block-cover-is-layout-constrained\">\n<p class=\"has-text-align-center has-large-font-size\"><\/p>\n<\/div><\/div>\n<\/div>\n<\/div>\n<\/div>\n<\/div>\n\n\n\n<div style=\"height:50px\" aria-hidden=\"true\" class=\"wp-block-spacer\"><\/div>\n\n\n\n<div style=\"height:50px\" aria-hidden=\"true\" class=\"wp-block-spacer hide-mobile\"><\/div>\n<\/div>\n\n\n\n<div style=\"height:50px\" aria-hidden=\"true\" class=\"wp-block-spacer\"><\/div>\n\n\n\n<div style=\"height:50px\" aria-hidden=\"true\" class=\"wp-block-spacer hide-mobile\"><\/div>\n\n\n\n<div class=\"wp-block-group alignfull is-layout-flow wp-block-group-is-layout-flow\">\n<div class=\"wp-block-group alignfull container has-global-padding is-layout-constrained wp-block-group-is-layout-constrained\">\n<div class=\"wp-block-columns is-layout-flex wp-container-core-columns-is-layout-3 wp-block-columns-is-layout-flex\">\n<div class=\"wp-block-column order-2-small has-light-blue-background-color has-background is-layout-flow wp-block-column-is-layout-flow\">\n<div style=\"height:120px\" aria-hidden=\"true\" class=\"wp-block-spacer hide-mobile\"><\/div>\n\n\n\n<div style=\"height:5px\" aria-hidden=\"true\" class=\"wp-block-spacer\"><\/div>\n\n\n\n<figure class=\"wp-block-image aligncenter size-full is-resized\"><img loading=\"lazy\" decoding=\"async\" width=\"900\" height=\"900\" src=\"https:\/\/blaakors.no\/krisesenteret\/wp-content\/uploads\/sites\/5\/2024\/09\/en_som_gjemmer_hodet.png\" alt=\"\" class=\"wp-image-218\" style=\"width:273px;height:auto\" srcset=\"https:\/\/blaakors.no\/krisesenteret\/wp-content\/uploads\/sites\/5\/2024\/09\/en_som_gjemmer_hodet.png 900w, https:\/\/blaakors.no\/krisesenteret\/wp-content\/uploads\/sites\/5\/2024\/09\/en_som_gjemmer_hodet-300x300.png 300w, https:\/\/blaakors.no\/krisesenteret\/wp-content\/uploads\/sites\/5\/2024\/09\/en_som_gjemmer_hodet-150x150.png 150w, https:\/\/blaakors.no\/krisesenteret\/wp-content\/uploads\/sites\/5\/2024\/09\/en_som_gjemmer_hodet-768x768.png 768w\" sizes=\"auto, (max-width: 900px) 100vw, 900px\" \/><\/figure>\n<\/div>\n\n\n\n<div class=\"wp-block-column order-1-small is-layout-flow wp-block-column-is-layout-flow\">\n<h3 class=\"wp-block-heading\"><strong>Incestsenter i Fredrikstad<\/strong><\/h3>\n\n\n\n<p>Sentrene mot incest og seksuelle overgrep er et lavterskeltilbud til utsatte for incest og seksuelle overgrep og deres p\u00e5r\u00f8rende. Det finnes 21 slike sentre i Norge, minst ett i hvert fylke, samt Dixi Ressurssenter mot voldtekt i Oslo.<\/p>\n\n\n\n<p>Incestsenteret i Fredrikstad skal gi r\u00e5d, st\u00f8tte og veiledning til personer som er eller har v\u00e6rt utsatt for incest\u00a0 og seksuelle overgrep. Senteret drives etter prinsippet om hjelp til selvhjelp, og vi tilbyr ikke behandling. Vi har god kjennskap til annet tjenesteapparat og vil legge til rette for at brukerne vil benytte seg av de kommunale tjenestetilbudene og annet hjelpeapparat, som overgrepsmottak, politi, advokat mm. <\/p>\n\n\n\n<p>Har du opplevd incest og\/eller seksuelle overgrep av noen du trodde du kunne stole p\u00e5? Ta kontakt med oss for en uforpliktende prat og informasjon om v\u00e5re bearbeidingsgrupper.<\/p>\n\n\n\n<p>Les mer om hjelpetilbudene p\u00e5&nbsp;<a href=\"https:\/\/dinutvei.no\/alle-hjelpetilbud\/\">dinutvei.no<\/a>.<\/p>\n\n\n\n<div class=\"wp-block-buttons is-layout-flex wp-block-buttons-is-layout-flex\">\n<div class=\"wp-block-button\"><a class=\"wp-block-button__link has-light-green-background-color has-background wp-element-button\">Hva er incest\/seksuelle overgrep?<\/a><\/div>\n<\/div>\n<\/div>\n<\/div>\n<\/div>\n<\/div>\n\n\n\n<div style=\"height:50px\" aria-hidden=\"true\" class=\"wp-block-spacer\"><\/div>\n\n\n\n<div style=\"height:50px\" aria-hidden=\"true\" class=\"wp-block-spacer hide-mobile\"><\/div>\n\n\n\n<div class=\"wp-block-group has-global-padding is-layout-constrained wp-block-group-is-layout-constrained\">\n<div class=\"wp-block-columns is-layout-flex wp-container-core-columns-is-layout-5 wp-block-columns-is-layout-flex\">\n<div class=\"wp-block-column is-layout-flow wp-block-column-is-layout-flow\">\n<div class=\"wp-block-columns is-layout-flex wp-container-core-columns-is-layout-4 wp-block-columns-is-layout-flex\">\n<div class=\"wp-block-column has-grey-background-color has-background is-layout-flow wp-block-column-is-layout-flow\" style=\"padding-top:var(--wp--preset--spacing--40);padding-right:var(--wp--preset--spacing--40);padding-bottom:var(--wp--preset--spacing--40);padding-left:var(--wp--preset--spacing--40)\">\n<h3 class=\"wp-block-heading\">Gratis bo- og samtaletilbud<\/h3>\n\n\n\n<p>Du trenger ikke henvisning for \u00e5 komme til oss. Vi har taushetsplikt og jobber etter prinsippet \u00abhjelp til selvhjelp\u00bb.<br>Vi har \u00e5pent hele d\u00f8gnet, og du er alltid velkommen til \u00e5 ta kontakt med oss uansett kj\u00f8nn, alder, nasjonalitet, seksuell legning eller kj\u00f8nnsidentitet. Vi bruker tolk ved behov.<\/p>\n\n\n\n<p>V\u00e5rt tilbud er universelt utformet.<\/p>\n\n\n\n<div class=\"wp-block-buttons is-layout-flex wp-block-buttons-is-layout-flex\">\n<div class=\"wp-block-button\"><a class=\"wp-block-button__link has-medium-green-background-color has-background wp-element-button\" href=\"https:\/\/blaakors.no\/krisesenteret\/kontakt\/\">Ta kontakt<\/a><\/div>\n<\/div>\n<\/div>\n\n\n\n<div class=\"wp-block-column has-grey-background-color has-background is-layout-flow wp-block-column-is-layout-flow\" style=\"padding-top:var(--wp--preset--spacing--40);padding-right:var(--wp--preset--spacing--40);padding-bottom:var(--wp--preset--spacing--40);padding-left:var(--wp--preset--spacing--40)\">\n<h3 class=\"wp-block-heading\">\u00c5pent senter<\/h3>\n\n\n\n<p>Hjertelig velkommen til \u00e5pent senter i Fredrikstad hver fredag fra kl 12 &#8211; 14 for en hyggelig prat med kaffe og te. \u00c5pent senter er et uformelt treffpunkt i dagavdelingen p\u00e5 senteret, og vi h\u00e5per og tror at vi kan f\u00e5 til gode treff. Det er ingen p\u00e5melding &#8211; du kan bare komme. Du m\u00e5 v\u00e6re over 18 \u00e5r for \u00e5 delta.<br>Vi gleder oss til \u00e5 se dere!<\/p>\n\n\n\n<div class=\"wp-block-buttons is-layout-flex wp-block-buttons-is-layout-flex\">\n<div class=\"wp-block-button\"><a class=\"wp-block-button__link has-medium-green-background-color has-background wp-element-button\" href=\"https:\/\/blaakors.no\/krisesenteret\/kontakt\/\">Ta kontakt<\/a><\/div>\n<\/div>\n<\/div>\n<\/div>\n<\/div>\n<\/div>\n\n\n\n<div style=\"height:54px\" aria-hidden=\"true\" class=\"wp-block-spacer\"><\/div>\n\n\n\n<div class=\"wp-block-columns is-layout-flex wp-container-core-columns-is-layout-7 wp-block-columns-is-layout-flex\">\n<div class=\"wp-block-column is-layout-flow wp-block-column-is-layout-flow\">\n<div class=\"wp-block-columns is-layout-flex wp-container-core-columns-is-layout-6 wp-block-columns-is-layout-flex\">\n<div class=\"wp-block-column has-light-pink-background-color has-background is-layout-flow wp-block-column-is-layout-flow\" style=\"padding-top:var(--wp--preset--spacing--40);padding-right:var(--wp--preset--spacing--40);padding-bottom:var(--wp--preset--spacing--40);padding-left:var(--wp--preset--spacing--40)\">\n<h3 class=\"wp-block-heading\">D\u00f8gn\u00e5pen telefon<\/h3>\n\n\n\n<p>Telefonen er betjent hele d\u00f8gnet hele \u00e5ret. Du kan f\u00e5 hjelp i en akutt situasjon eller sortere tanker rundt egen livssituasjon.<\/p>\n\n\n\n<p>Ring oss p\u00e5 <a href=\"tel:69 95 55 60\">69 95 55 60<\/a><\/p>\n<\/div>\n\n\n\n<div class=\"wp-block-column has-light-pink-background-color has-background is-layout-flow wp-block-column-is-layout-flow\" style=\"padding-top:var(--wp--preset--spacing--40);padding-right:var(--wp--preset--spacing--40);padding-bottom:var(--wp--preset--spacing--40);padding-left:var(--wp--preset--spacing--40)\">\n<h3 class=\"wp-block-heading\">Advokatordning<\/h3>\n\n\n\n<p>Gratis r\u00e5d og veiledning for deg utsatt for vold i n\u00e6re relasjoner og\/eller seksuelle overgrep\/incest. Hver torsdag kl 17 &#8211; 19. Du m\u00e5 avtale time p\u00e5 forhand p\u00e5 telefon.<\/p>\n\n\n\n<div class=\"wp-block-buttons is-layout-flex wp-block-buttons-is-layout-flex\">\n<div class=\"wp-block-button\"><a class=\"wp-block-button__link has-medium-pink-background-color has-background wp-element-button\" href=\"https:\/\/blaakors.no\/krisesenteret\/kontakt\/\">Ta kontakt<\/a><\/div>\n<\/div>\n<\/div>\n<\/div>\n<\/div>\n<\/div>\n\n\n\n<div style=\"height:54px\" aria-hidden=\"true\" class=\"wp-block-spacer\"><\/div>\n\n\n\n<div class=\"wp-block-columns is-layout-flex wp-container-core-columns-is-layout-9 wp-block-columns-is-layout-flex\">\n<div class=\"wp-block-column is-layout-flow wp-block-column-is-layout-flow\">\n<div class=\"wp-block-columns is-layout-flex wp-container-core-columns-is-layout-8 wp-block-columns-is-layout-flex\">\n<div class=\"wp-block-column has-grey-background-color has-background is-layout-flow wp-block-column-is-layout-flow\" style=\"padding-top:var(--wp--preset--spacing--40);padding-right:var(--wp--preset--spacing--40);padding-bottom:var(--wp--preset--spacing--40);padding-left:var(--wp--preset--spacing--40)\">\n<h3 class=\"wp-block-heading\">Gruppetilbud<\/h3>\n\n\n\n<p>Vi tilbyr lederstyrte bearbeidingsgrupper. Alle v\u00e5re grupper er strukturert samtidig er gruppen kontinuerlig og \u00e5pen. Det vil si at man kan begynne og slutte til ulike tider. Noen vil ha behov for \u00e5 g\u00e5 i gruppen over lang tid, mens andre opplever at de har bearbeidet sine ting etter kortere tid.<\/p>\n\n\n\n<div class=\"wp-block-buttons is-layout-flex wp-block-buttons-is-layout-flex\">\n<div class=\"wp-block-button\"><a class=\"wp-block-button__link has-medium-green-background-color has-background wp-element-button\" href=\"https:\/\/blaakors.no\/krisesenteret\/kontakt\/\">Ta kontakt<\/a><\/div>\n<\/div>\n<\/div>\n\n\n\n<div class=\"wp-block-column has-grey-background-color has-background is-layout-flow wp-block-column-is-layout-flow\" style=\"padding-top:var(--wp--preset--spacing--40);padding-right:var(--wp--preset--spacing--40);padding-bottom:var(--wp--preset--spacing--40);padding-left:var(--wp--preset--spacing--40)\">\n<h3 class=\"wp-block-heading\">Akutt, midlertidig botilbud<\/h3>\n\n\n\n<p>Senteret er et akutt, midlertidig botilbud og skal v\u00e6re et trygt oppholdssted for en kortere periode. Botilbudet er for b\u00e5de menn og kvinner. Lengden p\u00e5 oppholdet vil avhenge av den situasjonen den voksne og barna befinner seg i. Vi har tilbud til de som er utsatt for vold fra ektefelle\/samboer, kj\u00e6reste, en i familien eller en annen de har en relasjon til.<\/p>\n\n\n\n<div class=\"wp-block-buttons is-layout-flex wp-block-buttons-is-layout-flex\">\n<div class=\"wp-block-button\"><a class=\"wp-block-button__link has-medium-green-background-color has-background wp-element-button\" href=\"https:\/\/blaakors.no\/krisesenteret\/kontakt\/\">Ta kontakt<\/a><\/div>\n<\/div>\n<\/div>\n<\/div>\n<\/div>\n<\/div>\n\n\n\n<div style=\"height:54px\" aria-hidden=\"true\" class=\"wp-block-spacer\"><\/div>\n\n\n\n<div class=\"wp-block-columns is-layout-flex wp-container-core-columns-is-layout-11 wp-block-columns-is-layout-flex\">\n<div class=\"wp-block-column is-layout-flow wp-block-column-is-layout-flow\">\n<div class=\"wp-block-columns is-layout-flex wp-container-core-columns-is-layout-10 wp-block-columns-is-layout-flex\">\n<div class=\"wp-block-column has-grey-background-color has-background is-layout-flow wp-block-column-is-layout-flow\" style=\"padding-top:var(--wp--preset--spacing--40);padding-right:var(--wp--preset--spacing--40);padding-bottom:var(--wp--preset--spacing--40);padding-left:var(--wp--preset--spacing--40)\">\n<h3 class=\"wp-block-heading\">Individuelle samtaler<\/h3>\n\n\n\n<p>Voksne og ungdommer kan be om individuelle samtaler her. Det kan v\u00e6re en akuttsamtale fordi en spesiell situasjon er vanskelig, eller fordi man trenger veiledning, r\u00e5d eller informasjon.<br>Det kan ogs\u00e5 v\u00e6re \u00f8nske om \u00e5 bearbeide ulike vanskelige opplevelser med vold eller seksuelle overgrep. Da g\u00e5r man inn i en prosess som vil vare over tid.<\/p>\n\n\n\n<p>Samtalene avtales p\u00e5 forh\u00e5nd, har varighet p\u00e5 en time og har et m\u00e5l for prosessen.<br>Vi tilbyr ogs\u00e5 akuttsamtaler.<\/p>\n\n\n\n<p>Vi tilbyr samtale til b\u00e5de incestutsatte og til voldsutsatte menn og kvinner.<\/p>\n\n\n\n<div class=\"wp-block-buttons is-layout-flex wp-block-buttons-is-layout-flex\">\n<div class=\"wp-block-button\"><a class=\"wp-block-button__link has-medium-green-background-color has-background wp-element-button\" href=\"https:\/\/blaakors.no\/krisesenteret\/kontakt\/\">Ta kontakt<\/a><\/div>\n<\/div>\n<\/div>\n\n\n\n<div class=\"wp-block-column is-layout-flow wp-block-column-is-layout-flow\" style=\"padding-top:var(--wp--preset--spacing--40);padding-right:var(--wp--preset--spacing--40);padding-bottom:var(--wp--preset--spacing--40);padding-left:var(--wp--preset--spacing--40)\"><\/div>\n<\/div>\n<\/div>\n<\/div>\n<\/div>\n\n\n\n<div style=\"height:50px\" aria-hidden=\"true\" class=\"wp-block-spacer\"><\/div>\n\n\n\n<div style=\"height:50px\" aria-hidden=\"true\" class=\"wp-block-spacer hide-mobile\"><\/div>\n","protected":false},"excerpt":{"rendered":"<p>Tilbud Fredrikstad og Hvaler Vi er her for \u00e5 hjelpe deg som har opplevd vold i n\u00e6re relasjoner, incest eller annen seksuell vold. Incestsenter i Fredrikstad Sentrene mot incest og seksuelle overgrep er et lavterskeltilbud til utsatte for incest og seksuelle overgrep og deres p\u00e5r\u00f8rende. Det finnes 21 slike sentre i Norge, minst ett i [&hellip;]<\/p>\n","protected":false},"author":1,"featured_media":0,"parent":0,"menu_order":0,"comment_status":"closed","ping_status":"closed","template":"","meta":{"inline_featured_image":false,"_exactmetrics_skip_tracking":false,"_exactmetrics_sitenote_active":false,"_exactmetrics_sitenote_note":"","_exactmetrics_sitenote_category":0,"footnotes":""},"class_list":["post-16","page","type-page","status-publish","hentry"],"yoast_head":"<!-- This site is optimized with the Yoast SEO plugin v26.6 - https:\/\/yoast.com\/wordpress\/plugins\/seo\/ -->\n<title>Tilbud Fredrikstad og Hvaler - Krise- og incestsenter<\/title>\n<meta name=\"robots\" content=\"index, follow, max-snippet:-1, max-image-preview:large, max-video-preview:-1\" \/>\n<link rel=\"canonical\" href=\"https:\/\/blaakors.no\/krisesenteret\/tilbud-fredrikstad-og-hvaler\/\" \/>\n<meta property=\"og:locale\" content=\"nb_NO\" \/>\n<meta property=\"og:type\" content=\"article\" \/>\n<meta property=\"og:title\" content=\"Tilbud Fredrikstad og Hvaler - Krise- og incestsenter\" \/>\n<meta property=\"og:description\" content=\"Tilbud Fredrikstad og Hvaler Vi er her for \u00e5 hjelpe deg som har opplevd vold i n\u00e6re relasjoner, incest eller annen seksuell vold. Incestsenter i Fredrikstad Sentrene mot incest og seksuelle overgrep er et lavterskeltilbud til utsatte for incest og seksuelle overgrep og deres p\u00e5r\u00f8rende. Det finnes 21 slike sentre i Norge, minst ett i [&hellip;]\" \/>\n<meta property=\"og:url\" content=\"https:\/\/blaakors.no\/krisesenteret\/tilbud-fredrikstad-og-hvaler\/\" \/>\n<meta property=\"og:site_name\" content=\"Krise- og incestsenter\" \/>\n<meta property=\"article:modified_time\" content=\"2025-05-09T12:04:26+00:00\" \/>\n<meta property=\"og:image\" content=\"https:\/\/blaakors.no\/krisesenteret\/wp-content\/uploads\/sites\/5\/2024\/09\/utendors.jpg\" \/>\n\t<meta property=\"og:image:width\" content=\"1382\" \/>\n\t<meta property=\"og:image:height\" content=\"922\" \/>\n\t<meta property=\"og:image:type\" content=\"image\/jpeg\" \/>\n<meta name=\"twitter:card\" content=\"summary_large_image\" \/>\n<meta name=\"twitter:label1\" content=\"Ansl. lesetid\" \/>\n\t<meta name=\"twitter:data1\" content=\"4 minutter\" \/>\n<script type=\"application\/ld+json\" class=\"yoast-schema-graph\">{\"@context\":\"https:\/\/schema.org\",\"@graph\":[{\"@type\":\"WebPage\",\"@id\":\"https:\/\/blaakors.no\/krisesenteret\/tilbud-fredrikstad-og-hvaler\/\",\"url\":\"https:\/\/blaakors.no\/krisesenteret\/tilbud-fredrikstad-og-hvaler\/\",\"name\":\"Tilbud Fredrikstad og Hvaler - Krise- og incestsenter\",\"isPartOf\":{\"@id\":\"https:\/\/blaakors.no\/krisesenteret\/#website\"},\"primaryImageOfPage\":{\"@id\":\"https:\/\/blaakors.no\/krisesenteret\/tilbud-fredrikstad-og-hvaler\/#primaryimage\"},\"image\":{\"@id\":\"https:\/\/blaakors.no\/krisesenteret\/tilbud-fredrikstad-og-hvaler\/#primaryimage\"},\"thumbnailUrl\":\"https:\/\/blaakors.no\/krisesenteret\/wp-content\/uploads\/sites\/5\/2024\/09\/utendors.jpg\",\"datePublished\":\"2024-08-26T12:33:18+00:00\",\"dateModified\":\"2025-05-09T12:04:26+00:00\",\"breadcrumb\":{\"@id\":\"https:\/\/blaakors.no\/krisesenteret\/tilbud-fredrikstad-og-hvaler\/#breadcrumb\"},\"inLanguage\":\"nb-NO\",\"potentialAction\":[{\"@type\":\"ReadAction\",\"target\":[\"https:\/\/blaakors.no\/krisesenteret\/tilbud-fredrikstad-og-hvaler\/\"]}]},{\"@type\":\"ImageObject\",\"inLanguage\":\"nb-NO\",\"@id\":\"https:\/\/blaakors.no\/krisesenteret\/tilbud-fredrikstad-og-hvaler\/#primaryimage\",\"url\":\"https:\/\/blaakors.no\/krisesenteret\/wp-content\/uploads\/sites\/5\/2024\/09\/utendors.jpg\",\"contentUrl\":\"https:\/\/blaakors.no\/krisesenteret\/wp-content\/uploads\/sites\/5\/2024\/09\/utendors.jpg\",\"width\":1382,\"height\":922},{\"@type\":\"BreadcrumbList\",\"@id\":\"https:\/\/blaakors.no\/krisesenteret\/tilbud-fredrikstad-og-hvaler\/#breadcrumb\",\"itemListElement\":[{\"@type\":\"ListItem\",\"position\":1,\"name\":\"Hjem\",\"item\":\"https:\/\/blaakors.no\/krisesenteret\/\"},{\"@type\":\"ListItem\",\"position\":2,\"name\":\"Tilbud Fredrikstad og Hvaler\"}]},{\"@type\":\"WebSite\",\"@id\":\"https:\/\/blaakors.no\/krisesenteret\/#website\",\"url\":\"https:\/\/blaakors.no\/krisesenteret\/\",\"name\":\"Krise- og incestsenter\",\"description\":\"I sentrum st\u00e5r et menneske\",\"publisher\":{\"@id\":\"https:\/\/blaakors.no\/krisesenteret\/#organization\"},\"potentialAction\":[{\"@type\":\"SearchAction\",\"target\":{\"@type\":\"EntryPoint\",\"urlTemplate\":\"https:\/\/blaakors.no\/krisesenteret\/?s={search_term_string}\"},\"query-input\":{\"@type\":\"PropertyValueSpecification\",\"valueRequired\":true,\"valueName\":\"search_term_string\"}}],\"inLanguage\":\"nb-NO\"},{\"@type\":\"Organization\",\"@id\":\"https:\/\/blaakors.no\/krisesenteret\/#organization\",\"name\":\"Krise- og incestsenter\",\"url\":\"https:\/\/blaakors.no\/krisesenteret\/\",\"logo\":{\"@type\":\"ImageObject\",\"inLanguage\":\"nb-NO\",\"@id\":\"https:\/\/blaakors.no\/krisesenteret\/#\/schema\/logo\/image\/\",\"url\":\"https:\/\/blaakors.no\/krisesenteret\/wp-content\/uploads\/sites\/5\/2024\/10\/Bla-kors-logo-fredrikstad.svg\",\"contentUrl\":\"https:\/\/blaakors.no\/krisesenteret\/wp-content\/uploads\/sites\/5\/2024\/10\/Bla-kors-logo-fredrikstad.svg\",\"caption\":\"Krise- og incestsenter\"},\"image\":{\"@id\":\"https:\/\/blaakors.no\/krisesenteret\/#\/schema\/logo\/image\/\"}}]}<\/script>\n<!-- \/ Yoast SEO plugin. -->","yoast_head_json":{"title":"Tilbud Fredrikstad og Hvaler - Krise- og incestsenter","robots":{"index":"index","follow":"follow","max-snippet":"max-snippet:-1","max-image-preview":"max-image-preview:large","max-video-preview":"max-video-preview:-1"},"canonical":"https:\/\/blaakors.no\/krisesenteret\/tilbud-fredrikstad-og-hvaler\/","og_locale":"nb_NO","og_type":"article","og_title":"Tilbud Fredrikstad og Hvaler - Krise- og incestsenter","og_description":"Tilbud Fredrikstad og Hvaler Vi er her for \u00e5 hjelpe deg som har opplevd vold i n\u00e6re relasjoner, incest eller annen seksuell vold. Incestsenter i Fredrikstad Sentrene mot incest og seksuelle overgrep er et lavterskeltilbud til utsatte for incest og seksuelle overgrep og deres p\u00e5r\u00f8rende. Det finnes 21 slike sentre i Norge, minst ett i [&hellip;]","og_url":"https:\/\/blaakors.no\/krisesenteret\/tilbud-fredrikstad-og-hvaler\/","og_site_name":"Krise- og incestsenter","article_modified_time":"2025-05-09T12:04:26+00:00","og_image":[{"width":1382,"height":922,"url":"https:\/\/blaakors.no\/krisesenteret\/wp-content\/uploads\/sites\/5\/2024\/09\/utendors.jpg","type":"image\/jpeg"}],"twitter_card":"summary_large_image","twitter_misc":{"Ansl. lesetid":"4 minutter"},"schema":{"@context":"https:\/\/schema.org","@graph":[{"@type":"WebPage","@id":"https:\/\/blaakors.no\/krisesenteret\/tilbud-fredrikstad-og-hvaler\/","url":"https:\/\/blaakors.no\/krisesenteret\/tilbud-fredrikstad-og-hvaler\/","name":"Tilbud Fredrikstad og Hvaler - Krise- og incestsenter","isPartOf":{"@id":"https:\/\/blaakors.no\/krisesenteret\/#website"},"primaryImageOfPage":{"@id":"https:\/\/blaakors.no\/krisesenteret\/tilbud-fredrikstad-og-hvaler\/#primaryimage"},"image":{"@id":"https:\/\/blaakors.no\/krisesenteret\/tilbud-fredrikstad-og-hvaler\/#primaryimage"},"thumbnailUrl":"https:\/\/blaakors.no\/krisesenteret\/wp-content\/uploads\/sites\/5\/2024\/09\/utendors.jpg","datePublished":"2024-08-26T12:33:18+00:00","dateModified":"2025-05-09T12:04:26+00:00","breadcrumb":{"@id":"https:\/\/blaakors.no\/krisesenteret\/tilbud-fredrikstad-og-hvaler\/#breadcrumb"},"inLanguage":"nb-NO","potentialAction":[{"@type":"ReadAction","target":["https:\/\/blaakors.no\/krisesenteret\/tilbud-fredrikstad-og-hvaler\/"]}]},{"@type":"ImageObject","inLanguage":"nb-NO","@id":"https:\/\/blaakors.no\/krisesenteret\/tilbud-fredrikstad-og-hvaler\/#primaryimage","url":"https:\/\/blaakors.no\/krisesenteret\/wp-content\/uploads\/sites\/5\/2024\/09\/utendors.jpg","contentUrl":"https:\/\/blaakors.no\/krisesenteret\/wp-content\/uploads\/sites\/5\/2024\/09\/utendors.jpg","width":1382,"height":922},{"@type":"BreadcrumbList","@id":"https:\/\/blaakors.no\/krisesenteret\/tilbud-fredrikstad-og-hvaler\/#breadcrumb","itemListElement":[{"@type":"ListItem","position":1,"name":"Hjem","item":"https:\/\/blaakors.no\/krisesenteret\/"},{"@type":"ListItem","position":2,"name":"Tilbud Fredrikstad og Hvaler"}]},{"@type":"WebSite","@id":"https:\/\/blaakors.no\/krisesenteret\/#website","url":"https:\/\/blaakors.no\/krisesenteret\/","name":"Krise- og incestsenter","description":"I sentrum st\u00e5r et menneske","publisher":{"@id":"https:\/\/blaakors.no\/krisesenteret\/#organization"},"potentialAction":[{"@type":"SearchAction","target":{"@type":"EntryPoint","urlTemplate":"https:\/\/blaakors.no\/krisesenteret\/?s={search_term_string}"},"query-input":{"@type":"PropertyValueSpecification","valueRequired":true,"valueName":"search_term_string"}}],"inLanguage":"nb-NO"},{"@type":"Organization","@id":"https:\/\/blaakors.no\/krisesenteret\/#organization","name":"Krise- og incestsenter","url":"https:\/\/blaakors.no\/krisesenteret\/","logo":{"@type":"ImageObject","inLanguage":"nb-NO","@id":"https:\/\/blaakors.no\/krisesenteret\/#\/schema\/logo\/image\/","url":"https:\/\/blaakors.no\/krisesenteret\/wp-content\/uploads\/sites\/5\/2024\/10\/Bla-kors-logo-fredrikstad.svg","contentUrl":"https:\/\/blaakors.no\/krisesenteret\/wp-content\/uploads\/sites\/5\/2024\/10\/Bla-kors-logo-fredrikstad.svg","caption":"Krise- og incestsenter"},"image":{"@id":"https:\/\/blaakors.no\/krisesenteret\/#\/schema\/logo\/image\/"}}]}},"_links":{"self":[{"href":"https:\/\/blaakors.no\/krisesenteret\/wp-json\/wp\/v2\/pages\/16","targetHints":{"allow":["GET"]}}],"collection":[{"href":"https:\/\/blaakors.no\/krisesenteret\/wp-json\/wp\/v2\/pages"}],"about":[{"href":"https:\/\/blaakors.no\/krisesenteret\/wp-json\/wp\/v2\/types\/page"}],"author":[{"embeddable":true,"href":"https:\/\/blaakors.no\/krisesenteret\/wp-json\/wp\/v2\/users\/1"}],"replies":[{"embeddable":true,"href":"https:\/\/blaakors.no\/krisesenteret\/wp-json\/wp\/v2\/comments?post=16"}],"version-history":[{"count":42,"href":"https:\/\/blaakors.no\/krisesenteret\/wp-json\/wp\/v2\/pages\/16\/revisions"}],"predecessor-version":[{"id":559,"href":"https:\/\/blaakors.no\/krisesenteret\/wp-json\/wp\/v2\/pages\/16\/revisions\/559"}],"wp:attachment":[{"href":"https:\/\/blaakors.no\/krisesenteret\/wp-json\/wp\/v2\/media?parent=16"}],"curies":[{"name":"wp","href":"https:\/\/api.w.org\/{rel}","templated":true}]}}