{"id":20,"date":"2024-08-26T14:33:48","date_gmt":"2024-08-26T12:33:48","guid":{"rendered":"https:\/\/blaakors.no\/krisesenteret\/?page_id=20"},"modified":"2024-10-30T13:11:52","modified_gmt":"2024-10-30T12:11:52","slug":"gi-gave","status":"publish","type":"page","link":"https:\/\/blaakors.no\/krisesenteret\/gi-gave\/","title":{"rendered":"Gi gave"},"content":{"rendered":"\n<div class=\"wp-block-group has-global-padding is-layout-constrained wp-block-group-is-layout-constrained\">\n<div style=\"height:190px\" aria-hidden=\"true\" class=\"wp-block-spacer\"><\/div>\n\n\n\n<div style=\"height:70px\" aria-hidden=\"true\" class=\"wp-block-spacer hide-mobile\"><\/div>\n\n\n\n<div class=\"wp-block-group has-global-padding is-layout-constrained wp-block-group-is-layout-constrained\">\n<div class=\"wp-block-columns is-layout-flex wp-container-core-columns-is-layout-1 wp-block-columns-is-layout-flex\">\n<div class=\"wp-block-column is-layout-flow wp-block-column-is-layout-flow\" style=\"padding-right:0;padding-left:0\">\n<h2 class=\"wp-block-heading\">En oppvekst varer livet ut &#8211; Gi en gave<\/h2>\n\n\n\n<p>Felles for stiftelsens virksomheter, er form\u00e5l om \u00e5 bist\u00e5 mennesker i s\u00e5rbare livssituasjoner. Vi jobber aktivt med \u00e5 forebygge rusproblemer, vold, utenforskap og sosial stigmatisering i samfunnet.<\/p>\n\n\n\n<h4 class=\"wp-block-heading\">V\u00e5r gavekonto:<\/h4>\n\n\n\n<p>\u00d8nsker du \u00e5 st\u00f8tte arbeidet v\u00e5rt med en gave kan du ogs\u00e5 bruke VIPPS #82140 eller kontonummer 3126.31.12868. Merk: \u201cGave til Krisesenteret\u201d.<\/p>\n<\/div>\n\n\n\n<div class=\"wp-block-column is-layout-flow wp-block-column-is-layout-flow\" style=\"flex-basis:30px\"><\/div>\n\n\n\n<div class=\"wp-block-column is-vertically-aligned-top is-layout-flow wp-block-column-is-layout-flow\">\n<figure class=\"wp-block-image size-large\"><img loading=\"lazy\" decoding=\"async\" width=\"1024\" height=\"683\" src=\"https:\/\/blaakors.no\/krisesenteret\/wp-content\/uploads\/sites\/5\/2024\/09\/Halden23_web-38-1024x683.jpg\" alt=\"\" class=\"wp-image-285\" srcset=\"https:\/\/blaakors.no\/krisesenteret\/wp-content\/uploads\/sites\/5\/2024\/09\/Halden23_web-38-1024x683.jpg 1024w, https:\/\/blaakors.no\/krisesenteret\/wp-content\/uploads\/sites\/5\/2024\/09\/Halden23_web-38-300x200.jpg 300w, https:\/\/blaakors.no\/krisesenteret\/wp-content\/uploads\/sites\/5\/2024\/09\/Halden23_web-38-768x512.jpg 768w, https:\/\/blaakors.no\/krisesenteret\/wp-content\/uploads\/sites\/5\/2024\/09\/Halden23_web-38.jpg 1200w\" sizes=\"auto, (max-width: 1024px) 100vw, 1024px\" \/><\/figure>\n<\/div>\n<\/div>\n<\/div>\n\n\n\n<div style=\"height:50px\" aria-hidden=\"true\" class=\"wp-block-spacer\"><\/div>\n\n\n\n<div style=\"height:50px\" aria-hidden=\"true\" class=\"wp-block-spacer hide-mobile\"><\/div>\n<\/div>\n","protected":false},"excerpt":{"rendered":"<p>En oppvekst varer livet ut &#8211; Gi en gave Felles for stiftelsens virksomheter, er form\u00e5l om \u00e5 bist\u00e5 mennesker i s\u00e5rbare livssituasjoner. Vi jobber aktivt med \u00e5 forebygge rusproblemer, vold, utenforskap og sosial stigmatisering i samfunnet. V\u00e5r gavekonto: \u00d8nsker du \u00e5 st\u00f8tte arbeidet v\u00e5rt med en gave kan du ogs\u00e5 bruke VIPPS #82140 eller kontonummer [&hellip;]<\/p>\n","protected":false},"author":1,"featured_media":0,"parent":0,"menu_order":0,"comment_status":"closed","ping_status":"closed","template":"","meta":{"inline_featured_image":false,"_exactmetrics_skip_tracking":false,"_exactmetrics_sitenote_active":false,"_exactmetrics_sitenote_note":"","_exactmetrics_sitenote_category":0,"footnotes":""},"class_list":["post-20","page","type-page","status-publish","hentry"],"yoast_head":"<!-- This site is optimized with the Yoast SEO plugin v26.6 - https:\/\/yoast.com\/wordpress\/plugins\/seo\/ -->\n<title>Gi gave - Krise- og incestsenter<\/title>\n<meta name=\"robots\" content=\"index, follow, max-snippet:-1, max-image-preview:large, max-video-preview:-1\" \/>\n<link rel=\"canonical\" href=\"https:\/\/blaakors.no\/krisesenteret\/gi-gave\/\" \/>\n<meta property=\"og:locale\" content=\"nb_NO\" \/>\n<meta property=\"og:type\" content=\"article\" \/>\n<meta property=\"og:title\" content=\"Gi gave - Krise- og incestsenter\" \/>\n<meta property=\"og:description\" content=\"En oppvekst varer livet ut &#8211; Gi en gave Felles for stiftelsens virksomheter, er form\u00e5l om \u00e5 bist\u00e5 mennesker i s\u00e5rbare livssituasjoner. Vi jobber aktivt med \u00e5 forebygge rusproblemer, vold, utenforskap og sosial stigmatisering i samfunnet. V\u00e5r gavekonto: \u00d8nsker du \u00e5 st\u00f8tte arbeidet v\u00e5rt med en gave kan du ogs\u00e5 bruke VIPPS #82140 eller kontonummer [&hellip;]\" \/>\n<meta property=\"og:url\" content=\"https:\/\/blaakors.no\/krisesenteret\/gi-gave\/\" \/>\n<meta property=\"og:site_name\" content=\"Krise- og incestsenter\" \/>\n<meta property=\"article:modified_time\" content=\"2024-10-30T12:11:52+00:00\" \/>\n<meta property=\"og:image\" content=\"https:\/\/blaakors.no\/krisesenteret\/wp-content\/uploads\/sites\/5\/2024\/09\/Halden23_web-38.jpg\" \/>\n\t<meta property=\"og:image:width\" content=\"1200\" \/>\n\t<meta property=\"og:image:height\" content=\"800\" \/>\n\t<meta property=\"og:image:type\" content=\"image\/jpeg\" \/>\n<meta name=\"twitter:card\" content=\"summary_large_image\" \/>\n<meta name=\"twitter:label1\" content=\"Ansl. lesetid\" \/>\n\t<meta name=\"twitter:data1\" content=\"1 minutt\" \/>\n<script type=\"application\/ld+json\" class=\"yoast-schema-graph\">{\"@context\":\"https:\/\/schema.org\",\"@graph\":[{\"@type\":\"WebPage\",\"@id\":\"https:\/\/blaakors.no\/krisesenteret\/gi-gave\/\",\"url\":\"https:\/\/blaakors.no\/krisesenteret\/gi-gave\/\",\"name\":\"Gi gave - Krise- og incestsenter\",\"isPartOf\":{\"@id\":\"https:\/\/blaakors.no\/krisesenteret\/#website\"},\"primaryImageOfPage\":{\"@id\":\"https:\/\/blaakors.no\/krisesenteret\/gi-gave\/#primaryimage\"},\"image\":{\"@id\":\"https:\/\/blaakors.no\/krisesenteret\/gi-gave\/#primaryimage\"},\"thumbnailUrl\":\"https:\/\/blaakors.no\/krisesenteret\/wp-content\/uploads\/sites\/5\/2024\/09\/Halden23_web-38-1024x683.jpg\",\"datePublished\":\"2024-08-26T12:33:48+00:00\",\"dateModified\":\"2024-10-30T12:11:52+00:00\",\"breadcrumb\":{\"@id\":\"https:\/\/blaakors.no\/krisesenteret\/gi-gave\/#breadcrumb\"},\"inLanguage\":\"nb-NO\",\"potentialAction\":[{\"@type\":\"ReadAction\",\"target\":[\"https:\/\/blaakors.no\/krisesenteret\/gi-gave\/\"]}]},{\"@type\":\"ImageObject\",\"inLanguage\":\"nb-NO\",\"@id\":\"https:\/\/blaakors.no\/krisesenteret\/gi-gave\/#primaryimage\",\"url\":\"https:\/\/blaakors.no\/krisesenteret\/wp-content\/uploads\/sites\/5\/2024\/09\/Halden23_web-38.jpg\",\"contentUrl\":\"https:\/\/blaakors.no\/krisesenteret\/wp-content\/uploads\/sites\/5\/2024\/09\/Halden23_web-38.jpg\",\"width\":1200,\"height\":800},{\"@type\":\"BreadcrumbList\",\"@id\":\"https:\/\/blaakors.no\/krisesenteret\/gi-gave\/#breadcrumb\",\"itemListElement\":[{\"@type\":\"ListItem\",\"position\":1,\"name\":\"Hjem\",\"item\":\"https:\/\/blaakors.no\/krisesenteret\/\"},{\"@type\":\"ListItem\",\"position\":2,\"name\":\"Gi gave\"}]},{\"@type\":\"WebSite\",\"@id\":\"https:\/\/blaakors.no\/krisesenteret\/#website\",\"url\":\"https:\/\/blaakors.no\/krisesenteret\/\",\"name\":\"Krise- og incestsenter\",\"description\":\"I sentrum st\u00e5r et menneske\",\"publisher\":{\"@id\":\"https:\/\/blaakors.no\/krisesenteret\/#organization\"},\"potentialAction\":[{\"@type\":\"SearchAction\",\"target\":{\"@type\":\"EntryPoint\",\"urlTemplate\":\"https:\/\/blaakors.no\/krisesenteret\/?s={search_term_string}\"},\"query-input\":{\"@type\":\"PropertyValueSpecification\",\"valueRequired\":true,\"valueName\":\"search_term_string\"}}],\"inLanguage\":\"nb-NO\"},{\"@type\":\"Organization\",\"@id\":\"https:\/\/blaakors.no\/krisesenteret\/#organization\",\"name\":\"Krise- og incestsenter\",\"url\":\"https:\/\/blaakors.no\/krisesenteret\/\",\"logo\":{\"@type\":\"ImageObject\",\"inLanguage\":\"nb-NO\",\"@id\":\"https:\/\/blaakors.no\/krisesenteret\/#\/schema\/logo\/image\/\",\"url\":\"https:\/\/blaakors.no\/krisesenteret\/wp-content\/uploads\/sites\/5\/2024\/10\/Bla-kors-logo-fredrikstad.svg\",\"contentUrl\":\"https:\/\/blaakors.no\/krisesenteret\/wp-content\/uploads\/sites\/5\/2024\/10\/Bla-kors-logo-fredrikstad.svg\",\"caption\":\"Krise- og incestsenter\"},\"image\":{\"@id\":\"https:\/\/blaakors.no\/krisesenteret\/#\/schema\/logo\/image\/\"}}]}<\/script>\n<!-- \/ Yoast SEO plugin. -->","yoast_head_json":{"title":"Gi gave - Krise- og incestsenter","robots":{"index":"index","follow":"follow","max-snippet":"max-snippet:-1","max-image-preview":"max-image-preview:large","max-video-preview":"max-video-preview:-1"},"canonical":"https:\/\/blaakors.no\/krisesenteret\/gi-gave\/","og_locale":"nb_NO","og_type":"article","og_title":"Gi gave - Krise- og incestsenter","og_description":"En oppvekst varer livet ut &#8211; Gi en gave Felles for stiftelsens virksomheter, er form\u00e5l om \u00e5 bist\u00e5 mennesker i s\u00e5rbare livssituasjoner. Vi jobber aktivt med \u00e5 forebygge rusproblemer, vold, utenforskap og sosial stigmatisering i samfunnet. V\u00e5r gavekonto: \u00d8nsker du \u00e5 st\u00f8tte arbeidet v\u00e5rt med en gave kan du ogs\u00e5 bruke VIPPS #82140 eller kontonummer [&hellip;]","og_url":"https:\/\/blaakors.no\/krisesenteret\/gi-gave\/","og_site_name":"Krise- og incestsenter","article_modified_time":"2024-10-30T12:11:52+00:00","og_image":[{"width":1200,"height":800,"url":"https:\/\/blaakors.no\/krisesenteret\/wp-content\/uploads\/sites\/5\/2024\/09\/Halden23_web-38.jpg","type":"image\/jpeg"}],"twitter_card":"summary_large_image","twitter_misc":{"Ansl. lesetid":"1 minutt"},"schema":{"@context":"https:\/\/schema.org","@graph":[{"@type":"WebPage","@id":"https:\/\/blaakors.no\/krisesenteret\/gi-gave\/","url":"https:\/\/blaakors.no\/krisesenteret\/gi-gave\/","name":"Gi gave - Krise- og incestsenter","isPartOf":{"@id":"https:\/\/blaakors.no\/krisesenteret\/#website"},"primaryImageOfPage":{"@id":"https:\/\/blaakors.no\/krisesenteret\/gi-gave\/#primaryimage"},"image":{"@id":"https:\/\/blaakors.no\/krisesenteret\/gi-gave\/#primaryimage"},"thumbnailUrl":"https:\/\/blaakors.no\/krisesenteret\/wp-content\/uploads\/sites\/5\/2024\/09\/Halden23_web-38-1024x683.jpg","datePublished":"2024-08-26T12:33:48+00:00","dateModified":"2024-10-30T12:11:52+00:00","breadcrumb":{"@id":"https:\/\/blaakors.no\/krisesenteret\/gi-gave\/#breadcrumb"},"inLanguage":"nb-NO","potentialAction":[{"@type":"ReadAction","target":["https:\/\/blaakors.no\/krisesenteret\/gi-gave\/"]}]},{"@type":"ImageObject","inLanguage":"nb-NO","@id":"https:\/\/blaakors.no\/krisesenteret\/gi-gave\/#primaryimage","url":"https:\/\/blaakors.no\/krisesenteret\/wp-content\/uploads\/sites\/5\/2024\/09\/Halden23_web-38.jpg","contentUrl":"https:\/\/blaakors.no\/krisesenteret\/wp-content\/uploads\/sites\/5\/2024\/09\/Halden23_web-38.jpg","width":1200,"height":800},{"@type":"BreadcrumbList","@id":"https:\/\/blaakors.no\/krisesenteret\/gi-gave\/#breadcrumb","itemListElement":[{"@type":"ListItem","position":1,"name":"Hjem","item":"https:\/\/blaakors.no\/krisesenteret\/"},{"@type":"ListItem","position":2,"name":"Gi gave"}]},{"@type":"WebSite","@id":"https:\/\/blaakors.no\/krisesenteret\/#website","url":"https:\/\/blaakors.no\/krisesenteret\/","name":"Krise- og incestsenter","description":"I sentrum st\u00e5r et menneske","publisher":{"@id":"https:\/\/blaakors.no\/krisesenteret\/#organization"},"potentialAction":[{"@type":"SearchAction","target":{"@type":"EntryPoint","urlTemplate":"https:\/\/blaakors.no\/krisesenteret\/?s={search_term_string}"},"query-input":{"@type":"PropertyValueSpecification","valueRequired":true,"valueName":"search_term_string"}}],"inLanguage":"nb-NO"},{"@type":"Organization","@id":"https:\/\/blaakors.no\/krisesenteret\/#organization","name":"Krise- og incestsenter","url":"https:\/\/blaakors.no\/krisesenteret\/","logo":{"@type":"ImageObject","inLanguage":"nb-NO","@id":"https:\/\/blaakors.no\/krisesenteret\/#\/schema\/logo\/image\/","url":"https:\/\/blaakors.no\/krisesenteret\/wp-content\/uploads\/sites\/5\/2024\/10\/Bla-kors-logo-fredrikstad.svg","contentUrl":"https:\/\/blaakors.no\/krisesenteret\/wp-content\/uploads\/sites\/5\/2024\/10\/Bla-kors-logo-fredrikstad.svg","caption":"Krise- og incestsenter"},"image":{"@id":"https:\/\/blaakors.no\/krisesenteret\/#\/schema\/logo\/image\/"}}]}},"_links":{"self":[{"href":"https:\/\/blaakors.no\/krisesenteret\/wp-json\/wp\/v2\/pages\/20","targetHints":{"allow":["GET"]}}],"collection":[{"href":"https:\/\/blaakors.no\/krisesenteret\/wp-json\/wp\/v2\/pages"}],"about":[{"href":"https:\/\/blaakors.no\/krisesenteret\/wp-json\/wp\/v2\/types\/page"}],"author":[{"embeddable":true,"href":"https:\/\/blaakors.no\/krisesenteret\/wp-json\/wp\/v2\/users\/1"}],"replies":[{"embeddable":true,"href":"https:\/\/blaakors.no\/krisesenteret\/wp-json\/wp\/v2\/comments?post=20"}],"version-history":[{"count":10,"href":"https:\/\/blaakors.no\/krisesenteret\/wp-json\/wp\/v2\/pages\/20\/revisions"}],"predecessor-version":[{"id":552,"href":"https:\/\/blaakors.no\/krisesenteret\/wp-json\/wp\/v2\/pages\/20\/revisions\/552"}],"wp:attachment":[{"href":"https:\/\/blaakors.no\/krisesenteret\/wp-json\/wp\/v2\/media?parent=20"}],"curies":[{"name":"wp","href":"https:\/\/api.w.org\/{rel}","templated":true}]}}