{"id":279,"date":"2024-09-18T10:13:22","date_gmt":"2024-09-18T08:13:22","guid":{"rendered":"https:\/\/blaakors.no\/krisesenteret\/?page_id=279"},"modified":"2025-05-09T10:26:01","modified_gmt":"2025-05-09T08:26:01","slug":"organisering-og-drift","status":"publish","type":"page","link":"https:\/\/blaakors.no\/krisesenteret\/om-oss\/organisering-og-drift\/","title":{"rendered":"Organisering og drift"},"content":{"rendered":"\n<div class=\"wp-block-group alignfull has-global-padding is-layout-constrained wp-block-group-is-layout-constrained\">\n<div style=\"height:180px\" aria-hidden=\"true\" class=\"wp-block-spacer\"><\/div>\n\n\n\n<div style=\"height:80px\" aria-hidden=\"true\" class=\"wp-block-spacer hide-mobile\"><\/div>\n\n\n\n<div class=\"wp-block-group alignfull container has-global-padding is-layout-constrained wp-block-group-is-layout-constrained\">\n<div class=\"wp-block-columns alignwide is-layout-flex wp-container-core-columns-is-layout-11 wp-block-columns-is-layout-flex\">\n<div class=\"wp-block-column is-vertically-aligned-top eplus-wrapper order-2-small has-light-beige-background-color has-background is-layout-flow wp-block-column-is-layout-flow\" style=\"padding-top:var(--wp--preset--spacing--30);padding-right:var(--wp--preset--spacing--20);padding-bottom:var(--wp--preset--spacing--30);padding-left:var(--wp--preset--spacing--30);flex-basis:30%\">\n<div style=\"height:5px\" aria-hidden=\"true\" class=\"wp-block-spacer hide-large\"><\/div>\n\n\n\n<div class=\"wp-block-columns is-not-stacked-on-mobile is-layout-flex wp-container-core-columns-is-layout-2 wp-block-columns-is-layout-flex\">\n<div class=\"wp-block-column bottom-line is-layout-flow wp-block-column-is-layout-flow\" style=\"flex-basis:90%\">\n<a class=\"fast-links\" href=\"https:\/\/blaakors.no\/krisesenteret\/ansatte\">\n\n\n\n<div class=\"wp-block-columns is-not-stacked-on-mobile is-layout-flex wp-container-core-columns-is-layout-1 wp-block-columns-is-layout-flex\">\n<div class=\"wp-block-column is-layout-flow wp-block-column-is-layout-flow\">\n<p class=\"link-front eplus-wrapper\">Ansatte<\/p>\n<\/div>\n\n\n\n<div class=\"wp-block-column is-layout-flow wp-block-column-is-layout-flow\">\n<figure class=\"wp-block-image alignright size-large is-resized\"><img decoding=\"async\" src=\"https:\/\/nordiccrane.com\/no\/wp-content\/uploads\/sites\/2\/2023\/11\/arrow-left-black.svg\" alt=\"\" class=\"wp-image-95\" style=\"width:22px\" \/><\/figure>\n<\/div>\n<\/div>\n\n\n\n<div style=\"height:10px\" aria-hidden=\"true\" class=\"wp-block-spacer\"><\/div>\n\n\n\n<\/a>\n<\/div>\n<\/div>\n\n\n\n<div class=\"wp-block-columns is-not-stacked-on-mobile is-layout-flex wp-container-core-columns-is-layout-4 wp-block-columns-is-layout-flex\">\n<div class=\"wp-block-column bottom-line is-layout-flow wp-block-column-is-layout-flow\" style=\"flex-basis:90%\">\n<a class=\"fast-links\" href=\"https:\/\/blaakors.no\/krisesenteret\/om-oss\/formal-og-malsetting\/\">\n\n\n\n<div class=\"wp-block-columns is-not-stacked-on-mobile is-layout-flex wp-container-core-columns-is-layout-3 wp-block-columns-is-layout-flex\">\n<div class=\"wp-block-column is-layout-flow wp-block-column-is-layout-flow\">\n<p class=\"link-front eplus-wrapper\">Form\u00e5l og m\u00e5lsetting<\/p>\n<\/div>\n\n\n\n<div class=\"wp-block-column is-layout-flow wp-block-column-is-layout-flow\">\n<figure class=\"wp-block-image alignright size-large is-resized\"><img decoding=\"async\" src=\"https:\/\/nordiccrane.com\/no\/wp-content\/uploads\/sites\/2\/2023\/11\/arrow-left-black.svg\" alt=\"\" class=\"wp-image-95\" style=\"width:22px\" \/><\/figure>\n<\/div>\n<\/div>\n\n\n\n<div style=\"height:10px\" aria-hidden=\"true\" class=\"wp-block-spacer\"><\/div>\n\n\n\n<\/a>\n<\/div>\n<\/div>\n\n\n\n<div class=\"wp-block-columns is-not-stacked-on-mobile is-layout-flex wp-container-core-columns-is-layout-6 wp-block-columns-is-layout-flex\">\n<div class=\"wp-block-column bottom-line is-layout-flow wp-block-column-is-layout-flow\" style=\"flex-basis:90%\">\n<a class=\"fast-links\" href=\"https:\/\/blaakors.no\/krisesenteret\/om-oss\/organisering-og-drift\/\">\n\n\n\n<div class=\"wp-block-columns is-not-stacked-on-mobile is-layout-flex wp-container-core-columns-is-layout-5 wp-block-columns-is-layout-flex\">\n<div class=\"wp-block-column is-layout-flow wp-block-column-is-layout-flow\">\n<p class=\"link-front eplus-wrapper\">Organisering og drift<\/p>\n<\/div>\n\n\n\n<div class=\"wp-block-column is-layout-flow wp-block-column-is-layout-flow\">\n<figure class=\"wp-block-image alignright size-large is-resized\"><img decoding=\"async\" src=\"https:\/\/nordiccrane.com\/no\/wp-content\/uploads\/sites\/2\/2023\/11\/arrow-left-black.svg\" alt=\"\" class=\"wp-image-95\" style=\"width:22px\" \/><\/figure>\n<\/div>\n<\/div>\n\n\n\n<div style=\"height:10px\" aria-hidden=\"true\" class=\"wp-block-spacer\"><\/div>\n\n\n\n<\/a>\n<\/div>\n<\/div>\n\n\n\n<div class=\"wp-block-columns is-not-stacked-on-mobile is-layout-flex wp-container-core-columns-is-layout-8 wp-block-columns-is-layout-flex\">\n<div class=\"wp-block-column bottom-line is-layout-flow wp-block-column-is-layout-flow\" style=\"flex-basis:90%\">\n<a class=\"fast-links\" href=\"https:\/\/blaakors.no\/krisesenteret\/om-oss\/tilbud-og-metode\/\">\n\n\n\n<div class=\"wp-block-columns is-not-stacked-on-mobile is-layout-flex wp-container-core-columns-is-layout-7 wp-block-columns-is-layout-flex\">\n<div class=\"wp-block-column is-layout-flow wp-block-column-is-layout-flow\">\n<p class=\"link-front eplus-wrapper\">Tilbud og metode<\/p>\n<\/div>\n\n\n\n<div class=\"wp-block-column is-layout-flow wp-block-column-is-layout-flow\">\n<figure class=\"wp-block-image alignright size-large is-resized\"><img decoding=\"async\" src=\"https:\/\/nordiccrane.com\/no\/wp-content\/uploads\/sites\/2\/2023\/11\/arrow-left-black.svg\" alt=\"\" class=\"wp-image-95\" style=\"width:22px\" \/><\/figure>\n<\/div>\n<\/div>\n\n\n\n<div style=\"height:10px\" aria-hidden=\"true\" class=\"wp-block-spacer\"><\/div>\n\n\n\n<\/a>\n<\/div>\n<\/div>\n\n\n\n<div class=\"wp-block-columns is-not-stacked-on-mobile is-layout-flex wp-container-core-columns-is-layout-10 wp-block-columns-is-layout-flex\">\n<div class=\"wp-block-column bottom-line is-layout-flow wp-block-column-is-layout-flow\" style=\"flex-basis:90%\">\n<a class=\"fast-links\" href=\"https:\/\/blaakors.no\/krisesenteret\/om-oss\/historikk\/\">\n\n\n\n<div class=\"wp-block-columns is-not-stacked-on-mobile is-layout-flex wp-container-core-columns-is-layout-9 wp-block-columns-is-layout-flex\">\n<div class=\"wp-block-column is-layout-flow wp-block-column-is-layout-flow\">\n<p class=\"link-front eplus-wrapper\">Historikk<\/p>\n<\/div>\n\n\n\n<div class=\"wp-block-column is-layout-flow wp-block-column-is-layout-flow\">\n<figure class=\"wp-block-image alignright size-large is-resized\"><img decoding=\"async\" src=\"https:\/\/nordiccrane.com\/no\/wp-content\/uploads\/sites\/2\/2023\/11\/arrow-left-black.svg\" alt=\"\" class=\"wp-image-95\" style=\"width:22px\" \/><\/figure>\n<\/div>\n<\/div>\n\n\n\n<div style=\"height:10px\" aria-hidden=\"true\" class=\"wp-block-spacer\"><\/div>\n\n\n\n<\/a>\n<\/div>\n<\/div>\n\n\n\n<div style=\"height:5px\" aria-hidden=\"true\" class=\"wp-block-spacer hide-large\"><\/div>\n<\/div>\n\n\n\n<div class=\"wp-block-column hide-mobile is-layout-flow wp-block-column-is-layout-flow\" style=\"flex-basis:5%\"><\/div>\n\n\n\n<div class=\"wp-block-column order-1-small is-layout-flow wp-block-column-is-layout-flow\" style=\"padding-right:0;padding-left:0;flex-basis:65%\">\n<h2 class=\"wp-block-heading\">Organisering og drift<\/h2>\n\n\n\n<p>Krise- og incestsenteret er et samordnet tiltak, og gir tilbud b\u00e5de til volds- og incestutsatte. Virksomheten har et botilbud og et dagtilbud til b\u00e5de menn, kvinner og deres barn. Virksomheten er d\u00f8gnbemannet og er \u00e5pen hele \u00e5ret. Krisesentertilbudet for kvinner og barn og incestsenteret drives p\u00e5 anbud fra Fredrikstad og Hvaler kommune. <\/p>\n\n\n\n<div style=\"height:30px\" aria-hidden=\"true\" class=\"wp-block-spacer\"><\/div>\n\n\n\n<figure class=\"wp-block-image size-large\"><img loading=\"lazy\" decoding=\"async\" width=\"1024\" height=\"683\" src=\"https:\/\/blaakors.no\/krisesenteret\/wp-content\/uploads\/sites\/5\/2024\/09\/utendors-1024x683.jpg\" alt=\"\" class=\"wp-image-212\" srcset=\"https:\/\/blaakors.no\/krisesenteret\/wp-content\/uploads\/sites\/5\/2024\/09\/utendors-1024x683.jpg 1024w, https:\/\/blaakors.no\/krisesenteret\/wp-content\/uploads\/sites\/5\/2024\/09\/utendors-300x200.jpg 300w, https:\/\/blaakors.no\/krisesenteret\/wp-content\/uploads\/sites\/5\/2024\/09\/utendors-768x512.jpg 768w, https:\/\/blaakors.no\/krisesenteret\/wp-content\/uploads\/sites\/5\/2024\/09\/utendors.jpg 1382w\" sizes=\"auto, (max-width: 1024px) 100vw, 1024px\" \/><\/figure>\n<\/div>\n<\/div>\n<\/div>\n\n\n\n<div style=\"height:50px\" aria-hidden=\"true\" class=\"wp-block-spacer\"><\/div>\n\n\n\n<div style=\"height:50px\" aria-hidden=\"true\" class=\"wp-block-spacer hide-mobile\"><\/div>\n<\/div>\n","protected":false},"excerpt":{"rendered":"<p>Ansatte Form\u00e5l og m\u00e5lsetting Organisering og drift Tilbud og metode Historikk Organisering og drift Krise- og incestsenteret er et samordnet tiltak, og gir tilbud b\u00e5de til volds- og incestutsatte. Virksomheten har et botilbud og et dagtilbud til b\u00e5de menn, kvinner og deres barn. Virksomheten er d\u00f8gnbemannet og er \u00e5pen hele \u00e5ret. Krisesentertilbudet for kvinner og [&hellip;]<\/p>\n","protected":false},"author":1,"featured_media":0,"parent":14,"menu_order":0,"comment_status":"closed","ping_status":"closed","template":"","meta":{"inline_featured_image":false,"_exactmetrics_skip_tracking":false,"_exactmetrics_sitenote_active":false,"_exactmetrics_sitenote_note":"","_exactmetrics_sitenote_category":0,"footnotes":""},"class_list":["post-279","page","type-page","status-publish","hentry"],"yoast_head":"<!-- This site is optimized with the Yoast SEO plugin v26.6 - https:\/\/yoast.com\/wordpress\/plugins\/seo\/ -->\n<title>Organisering og drift - Krise- og incestsenter<\/title>\n<meta name=\"robots\" content=\"index, follow, max-snippet:-1, max-image-preview:large, max-video-preview:-1\" \/>\n<link rel=\"canonical\" href=\"https:\/\/blaakors.no\/krisesenteret\/om-oss\/organisering-og-drift\/\" \/>\n<meta property=\"og:locale\" content=\"nb_NO\" \/>\n<meta property=\"og:type\" content=\"article\" \/>\n<meta property=\"og:title\" content=\"Organisering og drift - Krise- og incestsenter\" \/>\n<meta property=\"og:description\" content=\"Ansatte Form\u00e5l og m\u00e5lsetting Organisering og drift Tilbud og metode Historikk Organisering og drift Krise- og incestsenteret er et samordnet tiltak, og gir tilbud b\u00e5de til volds- og incestutsatte. Virksomheten har et botilbud og et dagtilbud til b\u00e5de menn, kvinner og deres barn. Virksomheten er d\u00f8gnbemannet og er \u00e5pen hele \u00e5ret. Krisesentertilbudet for kvinner og [&hellip;]\" \/>\n<meta property=\"og:url\" content=\"https:\/\/blaakors.no\/krisesenteret\/om-oss\/organisering-og-drift\/\" \/>\n<meta property=\"og:site_name\" content=\"Krise- og incestsenter\" \/>\n<meta property=\"article:modified_time\" content=\"2025-05-09T08:26:01+00:00\" \/>\n<meta name=\"twitter:card\" content=\"summary_large_image\" \/>\n<meta name=\"twitter:label1\" content=\"Ansl. lesetid\" \/>\n\t<meta name=\"twitter:data1\" content=\"2 minutter\" \/>\n<script type=\"application\/ld+json\" class=\"yoast-schema-graph\">{\"@context\":\"https:\/\/schema.org\",\"@graph\":[{\"@type\":\"WebPage\",\"@id\":\"https:\/\/blaakors.no\/krisesenteret\/om-oss\/organisering-og-drift\/\",\"url\":\"https:\/\/blaakors.no\/krisesenteret\/om-oss\/organisering-og-drift\/\",\"name\":\"Organisering og drift - Krise- og incestsenter\",\"isPartOf\":{\"@id\":\"https:\/\/blaakors.no\/krisesenteret\/#website\"},\"primaryImageOfPage\":{\"@id\":\"https:\/\/blaakors.no\/krisesenteret\/om-oss\/organisering-og-drift\/#primaryimage\"},\"image\":{\"@id\":\"https:\/\/blaakors.no\/krisesenteret\/om-oss\/organisering-og-drift\/#primaryimage\"},\"thumbnailUrl\":\"https:\/\/nordiccrane.com\/no\/wp-content\/uploads\/sites\/2\/2023\/11\/arrow-left-black.svg\",\"datePublished\":\"2024-09-18T08:13:22+00:00\",\"dateModified\":\"2025-05-09T08:26:01+00:00\",\"breadcrumb\":{\"@id\":\"https:\/\/blaakors.no\/krisesenteret\/om-oss\/organisering-og-drift\/#breadcrumb\"},\"inLanguage\":\"nb-NO\",\"potentialAction\":[{\"@type\":\"ReadAction\",\"target\":[\"https:\/\/blaakors.no\/krisesenteret\/om-oss\/organisering-og-drift\/\"]}]},{\"@type\":\"ImageObject\",\"inLanguage\":\"nb-NO\",\"@id\":\"https:\/\/blaakors.no\/krisesenteret\/om-oss\/organisering-og-drift\/#primaryimage\",\"url\":\"https:\/\/nordiccrane.com\/no\/wp-content\/uploads\/sites\/2\/2023\/11\/arrow-left-black.svg\",\"contentUrl\":\"https:\/\/nordiccrane.com\/no\/wp-content\/uploads\/sites\/2\/2023\/11\/arrow-left-black.svg\"},{\"@type\":\"BreadcrumbList\",\"@id\":\"https:\/\/blaakors.no\/krisesenteret\/om-oss\/organisering-og-drift\/#breadcrumb\",\"itemListElement\":[{\"@type\":\"ListItem\",\"position\":1,\"name\":\"Hjem\",\"item\":\"https:\/\/blaakors.no\/krisesenteret\/\"},{\"@type\":\"ListItem\",\"position\":2,\"name\":\"Om oss\",\"item\":\"https:\/\/blaakors.no\/krisesenteret\/om-oss\/\"},{\"@type\":\"ListItem\",\"position\":3,\"name\":\"Organisering og drift\"}]},{\"@type\":\"WebSite\",\"@id\":\"https:\/\/blaakors.no\/krisesenteret\/#website\",\"url\":\"https:\/\/blaakors.no\/krisesenteret\/\",\"name\":\"Krise- og incestsenter\",\"description\":\"I sentrum st\u00e5r et menneske\",\"publisher\":{\"@id\":\"https:\/\/blaakors.no\/krisesenteret\/#organization\"},\"potentialAction\":[{\"@type\":\"SearchAction\",\"target\":{\"@type\":\"EntryPoint\",\"urlTemplate\":\"https:\/\/blaakors.no\/krisesenteret\/?s={search_term_string}\"},\"query-input\":{\"@type\":\"PropertyValueSpecification\",\"valueRequired\":true,\"valueName\":\"search_term_string\"}}],\"inLanguage\":\"nb-NO\"},{\"@type\":\"Organization\",\"@id\":\"https:\/\/blaakors.no\/krisesenteret\/#organization\",\"name\":\"Krise- og incestsenter\",\"url\":\"https:\/\/blaakors.no\/krisesenteret\/\",\"logo\":{\"@type\":\"ImageObject\",\"inLanguage\":\"nb-NO\",\"@id\":\"https:\/\/blaakors.no\/krisesenteret\/#\/schema\/logo\/image\/\",\"url\":\"https:\/\/blaakors.no\/krisesenteret\/wp-content\/uploads\/sites\/5\/2024\/10\/Bla-kors-logo-fredrikstad.svg\",\"contentUrl\":\"https:\/\/blaakors.no\/krisesenteret\/wp-content\/uploads\/sites\/5\/2024\/10\/Bla-kors-logo-fredrikstad.svg\",\"caption\":\"Krise- og incestsenter\"},\"image\":{\"@id\":\"https:\/\/blaakors.no\/krisesenteret\/#\/schema\/logo\/image\/\"}}]}<\/script>\n<!-- \/ Yoast SEO plugin. -->","yoast_head_json":{"title":"Organisering og drift - Krise- og incestsenter","robots":{"index":"index","follow":"follow","max-snippet":"max-snippet:-1","max-image-preview":"max-image-preview:large","max-video-preview":"max-video-preview:-1"},"canonical":"https:\/\/blaakors.no\/krisesenteret\/om-oss\/organisering-og-drift\/","og_locale":"nb_NO","og_type":"article","og_title":"Organisering og drift - Krise- og incestsenter","og_description":"Ansatte Form\u00e5l og m\u00e5lsetting Organisering og drift Tilbud og metode Historikk Organisering og drift Krise- og incestsenteret er et samordnet tiltak, og gir tilbud b\u00e5de til volds- og incestutsatte. Virksomheten har et botilbud og et dagtilbud til b\u00e5de menn, kvinner og deres barn. Virksomheten er d\u00f8gnbemannet og er \u00e5pen hele \u00e5ret. Krisesentertilbudet for kvinner og [&hellip;]","og_url":"https:\/\/blaakors.no\/krisesenteret\/om-oss\/organisering-og-drift\/","og_site_name":"Krise- og incestsenter","article_modified_time":"2025-05-09T08:26:01+00:00","twitter_card":"summary_large_image","twitter_misc":{"Ansl. lesetid":"2 minutter"},"schema":{"@context":"https:\/\/schema.org","@graph":[{"@type":"WebPage","@id":"https:\/\/blaakors.no\/krisesenteret\/om-oss\/organisering-og-drift\/","url":"https:\/\/blaakors.no\/krisesenteret\/om-oss\/organisering-og-drift\/","name":"Organisering og drift - Krise- og incestsenter","isPartOf":{"@id":"https:\/\/blaakors.no\/krisesenteret\/#website"},"primaryImageOfPage":{"@id":"https:\/\/blaakors.no\/krisesenteret\/om-oss\/organisering-og-drift\/#primaryimage"},"image":{"@id":"https:\/\/blaakors.no\/krisesenteret\/om-oss\/organisering-og-drift\/#primaryimage"},"thumbnailUrl":"https:\/\/nordiccrane.com\/no\/wp-content\/uploads\/sites\/2\/2023\/11\/arrow-left-black.svg","datePublished":"2024-09-18T08:13:22+00:00","dateModified":"2025-05-09T08:26:01+00:00","breadcrumb":{"@id":"https:\/\/blaakors.no\/krisesenteret\/om-oss\/organisering-og-drift\/#breadcrumb"},"inLanguage":"nb-NO","potentialAction":[{"@type":"ReadAction","target":["https:\/\/blaakors.no\/krisesenteret\/om-oss\/organisering-og-drift\/"]}]},{"@type":"ImageObject","inLanguage":"nb-NO","@id":"https:\/\/blaakors.no\/krisesenteret\/om-oss\/organisering-og-drift\/#primaryimage","url":"https:\/\/nordiccrane.com\/no\/wp-content\/uploads\/sites\/2\/2023\/11\/arrow-left-black.svg","contentUrl":"https:\/\/nordiccrane.com\/no\/wp-content\/uploads\/sites\/2\/2023\/11\/arrow-left-black.svg"},{"@type":"BreadcrumbList","@id":"https:\/\/blaakors.no\/krisesenteret\/om-oss\/organisering-og-drift\/#breadcrumb","itemListElement":[{"@type":"ListItem","position":1,"name":"Hjem","item":"https:\/\/blaakors.no\/krisesenteret\/"},{"@type":"ListItem","position":2,"name":"Om oss","item":"https:\/\/blaakors.no\/krisesenteret\/om-oss\/"},{"@type":"ListItem","position":3,"name":"Organisering og drift"}]},{"@type":"WebSite","@id":"https:\/\/blaakors.no\/krisesenteret\/#website","url":"https:\/\/blaakors.no\/krisesenteret\/","name":"Krise- og incestsenter","description":"I sentrum st\u00e5r et menneske","publisher":{"@id":"https:\/\/blaakors.no\/krisesenteret\/#organization"},"potentialAction":[{"@type":"SearchAction","target":{"@type":"EntryPoint","urlTemplate":"https:\/\/blaakors.no\/krisesenteret\/?s={search_term_string}"},"query-input":{"@type":"PropertyValueSpecification","valueRequired":true,"valueName":"search_term_string"}}],"inLanguage":"nb-NO"},{"@type":"Organization","@id":"https:\/\/blaakors.no\/krisesenteret\/#organization","name":"Krise- og incestsenter","url":"https:\/\/blaakors.no\/krisesenteret\/","logo":{"@type":"ImageObject","inLanguage":"nb-NO","@id":"https:\/\/blaakors.no\/krisesenteret\/#\/schema\/logo\/image\/","url":"https:\/\/blaakors.no\/krisesenteret\/wp-content\/uploads\/sites\/5\/2024\/10\/Bla-kors-logo-fredrikstad.svg","contentUrl":"https:\/\/blaakors.no\/krisesenteret\/wp-content\/uploads\/sites\/5\/2024\/10\/Bla-kors-logo-fredrikstad.svg","caption":"Krise- og incestsenter"},"image":{"@id":"https:\/\/blaakors.no\/krisesenteret\/#\/schema\/logo\/image\/"}}]}},"_links":{"self":[{"href":"https:\/\/blaakors.no\/krisesenteret\/wp-json\/wp\/v2\/pages\/279","targetHints":{"allow":["GET"]}}],"collection":[{"href":"https:\/\/blaakors.no\/krisesenteret\/wp-json\/wp\/v2\/pages"}],"about":[{"href":"https:\/\/blaakors.no\/krisesenteret\/wp-json\/wp\/v2\/types\/page"}],"author":[{"embeddable":true,"href":"https:\/\/blaakors.no\/krisesenteret\/wp-json\/wp\/v2\/users\/1"}],"replies":[{"embeddable":true,"href":"https:\/\/blaakors.no\/krisesenteret\/wp-json\/wp\/v2\/comments?post=279"}],"version-history":[{"count":6,"href":"https:\/\/blaakors.no\/krisesenteret\/wp-json\/wp\/v2\/pages\/279\/revisions"}],"predecessor-version":[{"id":573,"href":"https:\/\/blaakors.no\/krisesenteret\/wp-json\/wp\/v2\/pages\/279\/revisions\/573"}],"up":[{"embeddable":true,"href":"https:\/\/blaakors.no\/krisesenteret\/wp-json\/wp\/v2\/pages\/14"}],"wp:attachment":[{"href":"https:\/\/blaakors.no\/krisesenteret\/wp-json\/wp\/v2\/media?parent=279"}],"curies":[{"name":"wp","href":"https:\/\/api.w.org\/{rel}","templated":true}]}}