{"id":5,"date":"2024-08-26T14:30:27","date_gmt":"2024-08-26T12:30:27","guid":{"rendered":"https:\/\/blaakors.no\/krisesenteret\/?page_id=5"},"modified":"2025-05-09T10:41:20","modified_gmt":"2025-05-09T08:41:20","slug":"forside","status":"publish","type":"page","link":"https:\/\/blaakors.no\/krisesenteret\/","title":{"rendered":"Forside"},"content":{"rendered":"\n<div class=\"wp-block-group alignfull has-light-beige-background-color has-background is-layout-flow wp-block-group-is-layout-flow\" style=\"padding-top:0;padding-right:0;padding-bottom:0;padding-left:0\">\n<div class=\"wp-block-group has-global-padding is-layout-constrained wp-block-group-is-layout-constrained\" style=\"padding-top:var(--wp--preset--spacing--50);padding-bottom:var(--wp--preset--spacing--50)\">\n<div style=\"height:130px\" aria-hidden=\"true\" class=\"wp-block-spacer\"><\/div>\n\n\n\n<div class=\"wp-block-columns alignwide is-layout-flex wp-container-core-columns-is-layout-1 wp-block-columns-is-layout-flex\">\n<div class=\"wp-block-column is-vertically-aligned-center is-layout-flow wp-block-column-is-layout-flow\">\n<h2 class=\"wp-block-heading\">Krise- og incestsenter Fredrikstad og Hvaler<\/h2>\n\n\n\n<p>Er du eller kjenner du noen som er utsatt for vold i n\u00e6re relasjoner? <\/p>\n\n\n\n<p>Er du eller kjenner du noen som er utsatt for seksuelle overgrep?<\/p>\n\n\n\n<div style=\"height:19px\" aria-hidden=\"true\" class=\"wp-block-spacer hide-mobile\"><\/div>\n\n\n\n<div class=\"wp-block-buttons is-layout-flex wp-block-buttons-is-layout-flex\">\n<div class=\"wp-block-button\"><a class=\"wp-block-button__link has-medium-green-background-color has-background wp-element-button\" href=\"https:\/\/blaakors.no\/krisesenteret\/om-oss\/\">Om oss <img decoding=\"async\" class=\"wp-image-20751\" style=\"width: 22px\" src=\"https:\/\/blaakors.no\/wp-content\/uploads\/2024\/08\/arrow-right.svg\" alt=\"\"><\/a><\/div>\n\n\n\n<div class=\"wp-block-button\"><a class=\"wp-block-button__link has-white-background-color has-background wp-element-button\" href=\"https:\/\/blaakors.no\/krisesenteret\/vare-tilbud\/tilbud-fredrikstad-og-hvaler\/\">Se v\u00e5rt tilbud <img decoding=\"async\" class=\"wp-image-20751\" style=\"width: 22px\" src=\"https:\/\/blaakors.no\/wp-content\/uploads\/2024\/08\/arrow-right.svg\" alt=\"\"><\/a><\/div>\n<\/div>\n<\/div>\n\n\n\n<div class=\"wp-block-column is-layout-flow wp-block-column-is-layout-flow\" style=\"flex-basis:20px\"><\/div>\n\n\n\n<div class=\"wp-block-column is-layout-flow wp-block-column-is-layout-flow\">\n<figure class=\"wp-block-image size-full\"><img loading=\"lazy\" decoding=\"async\" width=\"1200\" height=\"800\" src=\"https:\/\/blaakors.no\/krisesenteret\/wp-content\/uploads\/sites\/5\/2024\/09\/Halden23_web-16.jpg\" alt=\"\" class=\"wp-image-245\" style=\"aspect-ratio:1;object-fit:cover\" srcset=\"https:\/\/blaakors.no\/krisesenteret\/wp-content\/uploads\/sites\/5\/2024\/09\/Halden23_web-16.jpg 1200w, https:\/\/blaakors.no\/krisesenteret\/wp-content\/uploads\/sites\/5\/2024\/09\/Halden23_web-16-300x200.jpg 300w, https:\/\/blaakors.no\/krisesenteret\/wp-content\/uploads\/sites\/5\/2024\/09\/Halden23_web-16-1024x683.jpg 1024w, https:\/\/blaakors.no\/krisesenteret\/wp-content\/uploads\/sites\/5\/2024\/09\/Halden23_web-16-768x512.jpg 768w\" sizes=\"auto, (max-width: 1200px) 100vw, 1200px\" \/><\/figure>\n<\/div>\n<\/div>\n<\/div>\n<\/div>\n\n\n\n<div class=\"wp-block-group alignfull has-light-beige-background-color has-background has-global-padding is-layout-constrained wp-block-group-is-layout-constrained\">\n<div style=\"height:72px\" aria-hidden=\"true\" class=\"wp-block-spacer hide-mobile\"><\/div>\n\n\n\n<div style=\"height:22px\" aria-hidden=\"true\" class=\"wp-block-spacer hide-mobile\"><\/div>\n\n\n\n<div class=\"wp-block-group is-layout-flow wp-block-group-is-layout-flow\">\n<div class=\"wp-block-columns is-layout-flex wp-container-core-columns-is-layout-2 wp-block-columns-is-layout-flex\">\n<div class=\"wp-block-column border-radius has-light-green-background-color has-background is-layout-flow wp-block-column-is-layout-flow\" style=\"padding-top:var(--wp--preset--spacing--20);padding-right:var(--wp--preset--spacing--50);padding-bottom:var(--wp--preset--spacing--20);padding-left:var(--wp--preset--spacing--50);flex-basis:90%\">\n<div style=\"height:85px\" aria-hidden=\"true\" class=\"wp-block-spacer hide-mobile\"><\/div>\n\n\n\n<div style=\"height:5px\" aria-hidden=\"true\" class=\"wp-block-spacer\"><\/div>\n\n\n\n<h2 class=\"wp-block-heading\">V\u00e5rt tilbud i Fredrikstad og Hvaler<\/h2>\n\n\n\n<p>Ring oss p\u00e5 telefon <a href=\"tel:69 95 55 60\">69 95 55 60<\/a><\/p>\n\n\n\n<div style=\"height:17px\" aria-hidden=\"true\" class=\"wp-block-spacer hide-mobile\"><\/div>\n\n\n\n<div class=\"wp-block-buttons is-layout-flex wp-block-buttons-is-layout-flex\">\n<div class=\"wp-block-button\"><a class=\"wp-block-button__link has-medium-green-background-color has-background wp-element-button\" href=\"https:\/\/blaakors.no\/krisesenteret\/vare-tilbud\/tilbud-fredrikstad-og-hvaler\/\">Se tilbud <img decoding=\"async\" class=\"wp-image-20751\" style=\"width: 22px\" src=\"https:\/\/blaakors.no\/wp-content\/uploads\/2024\/08\/arrow-right.svg\" alt=\"\"><\/a><\/div>\n<\/div>\n\n\n\n<div style=\"height:85px\" aria-hidden=\"true\" class=\"wp-block-spacer hide-mobile\"><\/div>\n\n\n\n<div style=\"height:5px\" aria-hidden=\"true\" class=\"wp-block-spacer\"><\/div>\n<\/div>\n<\/div>\n<\/div>\n\n\n\n<div style=\"height:54px\" aria-hidden=\"true\" class=\"wp-block-spacer\"><\/div>\n\n\n\n<div class=\"wp-block-columns has-light-pink-background-color has-background is-layout-flex wp-container-core-columns-is-layout-4 wp-block-columns-is-layout-flex\" style=\"border-radius:15px;padding-top:var(--wp--preset--spacing--50);padding-right:var(--wp--preset--spacing--50);padding-bottom:var(--wp--preset--spacing--50);padding-left:var(--wp--preset--spacing--50)\">\n<div class=\"wp-block-column is-layout-flow wp-block-column-is-layout-flow\">\n<div class=\"wp-block-columns is-layout-flex wp-container-core-columns-is-layout-3 wp-block-columns-is-layout-flex\">\n<div class=\"wp-block-column is-vertically-aligned-center is-layout-flow wp-block-column-is-layout-flow\">\n<h2 class=\"wp-block-heading\">Senteret er d\u00f8gn\u00e5pent, universelt utformet og har gode sikkerhetstiltak<\/h2>\n<\/div>\n\n\n\n<div class=\"wp-block-column is-vertically-aligned-center is-layout-flow wp-block-column-is-layout-flow\">\n<figure class=\"wp-block-image aligncenter size-large is-resized\"><img loading=\"lazy\" decoding=\"async\" width=\"1024\" height=\"937\" src=\"https:\/\/blaakors.no\/krisesenteret\/wp-content\/uploads\/sites\/5\/2024\/09\/Ingvill_moerk_blaa-1024x937.png\" alt=\"\" class=\"wp-image-193\" style=\"width:176px;height:auto\" srcset=\"https:\/\/blaakors.no\/krisesenteret\/wp-content\/uploads\/sites\/5\/2024\/09\/Ingvill_moerk_blaa-1024x937.png 1024w, https:\/\/blaakors.no\/krisesenteret\/wp-content\/uploads\/sites\/5\/2024\/09\/Ingvill_moerk_blaa-300x274.png 300w, https:\/\/blaakors.no\/krisesenteret\/wp-content\/uploads\/sites\/5\/2024\/09\/Ingvill_moerk_blaa-768x702.png 768w, https:\/\/blaakors.no\/krisesenteret\/wp-content\/uploads\/sites\/5\/2024\/09\/Ingvill_moerk_blaa-1536x1405.png 1536w, https:\/\/blaakors.no\/krisesenteret\/wp-content\/uploads\/sites\/5\/2024\/09\/Ingvill_moerk_blaa-2048x1873.png 2048w\" sizes=\"auto, (max-width: 1024px) 100vw, 1024px\" \/><\/figure>\n<\/div>\n<\/div>\n<\/div>\n<\/div>\n\n\n\n<div style=\"height:50px\" aria-hidden=\"true\" class=\"wp-block-spacer\"><\/div>\n\n\n\n<div style=\"height:50px\" aria-hidden=\"true\" class=\"wp-block-spacer hide-mobile\"><\/div>\n<\/div>\n\n\n\n<div style=\"height:50px\" aria-hidden=\"true\" class=\"wp-block-spacer\"><\/div>\n\n\n\n<div style=\"height:50px\" aria-hidden=\"true\" class=\"wp-block-spacer hide-mobile\"><\/div>\n\n\n\n<div class=\"wp-block-group has-global-padding is-layout-constrained wp-block-group-is-layout-constrained\">\n<div class=\"wp-block-group alignwide is-layout-flow wp-block-group-is-layout-flow\">\n<div class=\"wp-block-columns is-layout-flex wp-container-core-columns-is-layout-7 wp-block-columns-is-layout-flex\">\n<div class=\"wp-block-column is-layout-flow wp-container-core-column-is-layout-9 wp-block-column-is-layout-flow\" style=\"border-style:none;border-width:0px;padding-top:0;padding-right:0;padding-bottom:0;padding-left:0\">\n<a class=\"boxes\" href=\"https:\/\/blaakors.no\/krisesenteret\/samarbeidspartnere\/\">\n\n\n\n<div class=\"wp-block-columns has-grey-background-color has-background is-layout-flex wp-container-core-columns-is-layout-5 wp-block-columns-is-layout-flex\" style=\"border-top-left-radius:15px;border-top-right-radius:15px\">\n<div class=\"wp-block-column is-layout-flow wp-block-column-is-layout-flow\" style=\"padding-top:var(--wp--preset--spacing--20);padding-right:0;padding-bottom:var(--wp--preset--spacing--20);padding-left:0\">\n<figure class=\"wp-block-image size-large arrow\"><img decoding=\"async\" src=\"https:\/\/blaakors.no\/wp-content\/uploads\/2024\/08\/arrow-circle.svg\" alt=\"\" class=\"wp-image-20801\" \/><\/figure>\n\n\n\n<h3 class=\"wp-block-heading\">For samarbeidspartnere<\/h3>\n<\/div>\n<\/div>\n\n\n\n<figure class=\"wp-block-image size-large has-custom-border shine\"><img loading=\"lazy\" decoding=\"async\" width=\"1024\" height=\"683\" src=\"https:\/\/blaakors.no\/krisesenteret\/wp-content\/uploads\/sites\/5\/2024\/09\/Halden23_web-5-1024x683.jpg\" alt=\"\" class=\"wp-image-198\" style=\"border-top-left-radius:0px;border-top-right-radius:0px;border-bottom-left-radius:15px;border-bottom-right-radius:15px;aspect-ratio:3\/2;object-fit:cover\" srcset=\"https:\/\/blaakors.no\/krisesenteret\/wp-content\/uploads\/sites\/5\/2024\/09\/Halden23_web-5-1024x683.jpg 1024w, https:\/\/blaakors.no\/krisesenteret\/wp-content\/uploads\/sites\/5\/2024\/09\/Halden23_web-5-300x200.jpg 300w, https:\/\/blaakors.no\/krisesenteret\/wp-content\/uploads\/sites\/5\/2024\/09\/Halden23_web-5-768x512.jpg 768w, https:\/\/blaakors.no\/krisesenteret\/wp-content\/uploads\/sites\/5\/2024\/09\/Halden23_web-5.jpg 1200w\" sizes=\"auto, (max-width: 1024px) 100vw, 1024px\" \/><\/figure>\n\n\n\n<\/a>\n<\/div>\n\n\n\n<div class=\"wp-block-column is-layout-flow wp-container-core-column-is-layout-11 wp-block-column-is-layout-flow\" style=\"border-style:none;border-width:0px;padding-top:0;padding-right:0;padding-bottom:0;padding-left:0\">\n<a class=\"boxes\" href=\"https:\/\/blaakors.no\/krisesenteret\/vare-tilbud\/tilbud-fredrikstad-og-hvaler\/\">\n\n\n\n<div class=\"wp-block-columns has-grey-background-color has-background is-layout-flex wp-container-core-columns-is-layout-6 wp-block-columns-is-layout-flex\" style=\"border-top-left-radius:15px;border-top-right-radius:15px\">\n<div class=\"wp-block-column is-layout-flow wp-block-column-is-layout-flow\" style=\"padding-top:var(--wp--preset--spacing--20);padding-right:0px;padding-bottom:var(--wp--preset--spacing--20);padding-left:0px\">\n<figure class=\"wp-block-image size-large arrow\"><img decoding=\"async\" src=\"https:\/\/blaakors.no\/wp-content\/uploads\/2024\/08\/arrow-circle.svg\" alt=\"\" class=\"wp-image-20801\" \/><\/figure>\n\n\n\n<h3 class=\"wp-block-heading\">Incestsenter i Fredrikstad<\/h3>\n<\/div>\n<\/div>\n\n\n\n<figure class=\"wp-block-image size-large has-custom-border shine\"><img loading=\"lazy\" decoding=\"async\" width=\"1024\" height=\"683\" src=\"https:\/\/blaakors.no\/krisesenteret\/wp-content\/uploads\/sites\/5\/2024\/09\/Fredrikstad_23_web-23-1024x683.jpg\" alt=\"\" class=\"wp-image-199\" style=\"border-top-left-radius:0px;border-top-right-radius:0px;border-bottom-left-radius:15px;border-bottom-right-radius:15px;aspect-ratio:3\/2;object-fit:cover\" srcset=\"https:\/\/blaakors.no\/krisesenteret\/wp-content\/uploads\/sites\/5\/2024\/09\/Fredrikstad_23_web-23-1024x683.jpg 1024w, https:\/\/blaakors.no\/krisesenteret\/wp-content\/uploads\/sites\/5\/2024\/09\/Fredrikstad_23_web-23-300x200.jpg 300w, https:\/\/blaakors.no\/krisesenteret\/wp-content\/uploads\/sites\/5\/2024\/09\/Fredrikstad_23_web-23-768x512.jpg 768w, https:\/\/blaakors.no\/krisesenteret\/wp-content\/uploads\/sites\/5\/2024\/09\/Fredrikstad_23_web-23.jpg 1200w\" sizes=\"auto, (max-width: 1024px) 100vw, 1024px\" \/><\/figure>\n\n\n\n<\/a>\n<\/div>\n<\/div>\n<\/div>\n<\/div>\n\n\n\n<div style=\"height:50px\" aria-hidden=\"true\" class=\"wp-block-spacer\"><\/div>\n\n\n\n<div style=\"height:50px\" aria-hidden=\"true\" class=\"wp-block-spacer hide-mobile\"><\/div>\n\n\n\n<p><\/p>\n","protected":false},"excerpt":{"rendered":"<p>Krise- og incestsenter Fredrikstad og Hvaler Er du eller kjenner du noen som er utsatt for vold i n\u00e6re relasjoner? Er du eller kjenner du noen som er utsatt for seksuelle overgrep? V\u00e5rt tilbud i Fredrikstad og Hvaler Ring oss p\u00e5 telefon 69 95 55 60 Senteret er d\u00f8gn\u00e5pent, universelt utformet og har gode sikkerhetstiltak [&hellip;]<\/p>\n","protected":false},"author":1,"featured_media":212,"parent":0,"menu_order":0,"comment_status":"closed","ping_status":"closed","template":"","meta":{"inline_featured_image":false,"_exactmetrics_skip_tracking":false,"_exactmetrics_sitenote_active":false,"_exactmetrics_sitenote_note":"","_exactmetrics_sitenote_category":0,"footnotes":""},"class_list":["post-5","page","type-page","status-publish","has-post-thumbnail","hentry"],"yoast_head":"<!-- This site is optimized with the Yoast SEO plugin v26.6 - https:\/\/yoast.com\/wordpress\/plugins\/seo\/ -->\n<title>Krise- og incestsenter - I sentrum st\u00e5r et menneske<\/title>\n<meta name=\"robots\" content=\"index, follow, max-snippet:-1, max-image-preview:large, max-video-preview:-1\" \/>\n<link rel=\"canonical\" href=\"https:\/\/blaakors.no\/krisesenteret\/\" \/>\n<meta property=\"og:locale\" content=\"nb_NO\" \/>\n<meta property=\"og:type\" content=\"article\" \/>\n<meta property=\"og:title\" content=\"Krise- og incestsenter - I sentrum st\u00e5r et menneske\" \/>\n<meta property=\"og:description\" content=\"Krise- og incestsenter Fredrikstad og Hvaler Er du eller kjenner du noen som er utsatt for vold i n\u00e6re relasjoner? Er du eller kjenner du noen som er utsatt for seksuelle overgrep? V\u00e5rt tilbud i Fredrikstad og Hvaler Ring oss p\u00e5 telefon 69 95 55 60 Senteret er d\u00f8gn\u00e5pent, universelt utformet og har gode sikkerhetstiltak [&hellip;]\" \/>\n<meta property=\"og:url\" content=\"https:\/\/blaakors.no\/krisesenteret\/\" \/>\n<meta property=\"og:site_name\" content=\"Krise- og incestsenter\" \/>\n<meta property=\"article:modified_time\" content=\"2025-05-09T08:41:20+00:00\" \/>\n<meta property=\"og:image\" content=\"https:\/\/blaakors.no\/krisesenteret\/wp-content\/uploads\/sites\/5\/2024\/09\/utendors.jpg\" \/>\n\t<meta property=\"og:image:width\" content=\"1382\" \/>\n\t<meta property=\"og:image:height\" content=\"922\" \/>\n\t<meta property=\"og:image:type\" content=\"image\/jpeg\" \/>\n<meta name=\"twitter:card\" content=\"summary_large_image\" \/>\n<meta name=\"twitter:label1\" content=\"Ansl. lesetid\" \/>\n\t<meta name=\"twitter:data1\" content=\"3 minutter\" \/>\n<script type=\"application\/ld+json\" class=\"yoast-schema-graph\">{\"@context\":\"https:\/\/schema.org\",\"@graph\":[{\"@type\":\"WebPage\",\"@id\":\"https:\/\/blaakors.no\/krisesenteret\/\",\"url\":\"https:\/\/blaakors.no\/krisesenteret\/\",\"name\":\"Krise- og incestsenter - I sentrum st\u00e5r et menneske\",\"isPartOf\":{\"@id\":\"https:\/\/blaakors.no\/krisesenteret\/#website\"},\"primaryImageOfPage\":{\"@id\":\"https:\/\/blaakors.no\/krisesenteret\/#primaryimage\"},\"image\":{\"@id\":\"https:\/\/blaakors.no\/krisesenteret\/#primaryimage\"},\"thumbnailUrl\":\"https:\/\/blaakors.no\/krisesenteret\/wp-content\/uploads\/sites\/5\/2024\/09\/utendors.jpg\",\"datePublished\":\"2024-08-26T12:30:27+00:00\",\"dateModified\":\"2025-05-09T08:41:20+00:00\",\"breadcrumb\":{\"@id\":\"https:\/\/blaakors.no\/krisesenteret\/#breadcrumb\"},\"inLanguage\":\"nb-NO\",\"potentialAction\":[{\"@type\":\"ReadAction\",\"target\":[\"https:\/\/blaakors.no\/krisesenteret\/\"]}]},{\"@type\":\"ImageObject\",\"inLanguage\":\"nb-NO\",\"@id\":\"https:\/\/blaakors.no\/krisesenteret\/#primaryimage\",\"url\":\"https:\/\/blaakors.no\/krisesenteret\/wp-content\/uploads\/sites\/5\/2024\/09\/utendors.jpg\",\"contentUrl\":\"https:\/\/blaakors.no\/krisesenteret\/wp-content\/uploads\/sites\/5\/2024\/09\/utendors.jpg\",\"width\":1382,\"height\":922},{\"@type\":\"BreadcrumbList\",\"@id\":\"https:\/\/blaakors.no\/krisesenteret\/#breadcrumb\",\"itemListElement\":[{\"@type\":\"ListItem\",\"position\":1,\"name\":\"Hjem\",\"item\":\"https:\/\/blaakors.no\/krisesenteret\/\"},{\"@type\":\"ListItem\",\"position\":2,\"name\":\"Forside\"}]},{\"@type\":\"WebSite\",\"@id\":\"https:\/\/blaakors.no\/krisesenteret\/#website\",\"url\":\"https:\/\/blaakors.no\/krisesenteret\/\",\"name\":\"Krise- og incestsenter\",\"description\":\"I sentrum st\u00e5r et menneske\",\"publisher\":{\"@id\":\"https:\/\/blaakors.no\/krisesenteret\/#organization\"},\"potentialAction\":[{\"@type\":\"SearchAction\",\"target\":{\"@type\":\"EntryPoint\",\"urlTemplate\":\"https:\/\/blaakors.no\/krisesenteret\/?s={search_term_string}\"},\"query-input\":{\"@type\":\"PropertyValueSpecification\",\"valueRequired\":true,\"valueName\":\"search_term_string\"}}],\"inLanguage\":\"nb-NO\"},{\"@type\":\"Organization\",\"@id\":\"https:\/\/blaakors.no\/krisesenteret\/#organization\",\"name\":\"Krise- og incestsenter\",\"url\":\"https:\/\/blaakors.no\/krisesenteret\/\",\"logo\":{\"@type\":\"ImageObject\",\"inLanguage\":\"nb-NO\",\"@id\":\"https:\/\/blaakors.no\/krisesenteret\/#\/schema\/logo\/image\/\",\"url\":\"https:\/\/blaakors.no\/krisesenteret\/wp-content\/uploads\/sites\/5\/2024\/10\/Bla-kors-logo-fredrikstad.svg\",\"contentUrl\":\"https:\/\/blaakors.no\/krisesenteret\/wp-content\/uploads\/sites\/5\/2024\/10\/Bla-kors-logo-fredrikstad.svg\",\"caption\":\"Krise- og incestsenter\"},\"image\":{\"@id\":\"https:\/\/blaakors.no\/krisesenteret\/#\/schema\/logo\/image\/\"}}]}<\/script>\n<!-- \/ Yoast SEO plugin. -->","yoast_head_json":{"title":"Krise- og incestsenter - I sentrum st\u00e5r et menneske","robots":{"index":"index","follow":"follow","max-snippet":"max-snippet:-1","max-image-preview":"max-image-preview:large","max-video-preview":"max-video-preview:-1"},"canonical":"https:\/\/blaakors.no\/krisesenteret\/","og_locale":"nb_NO","og_type":"article","og_title":"Krise- og incestsenter - I sentrum st\u00e5r et menneske","og_description":"Krise- og incestsenter Fredrikstad og Hvaler Er du eller kjenner du noen som er utsatt for vold i n\u00e6re relasjoner? Er du eller kjenner du noen som er utsatt for seksuelle overgrep? V\u00e5rt tilbud i Fredrikstad og Hvaler Ring oss p\u00e5 telefon 69 95 55 60 Senteret er d\u00f8gn\u00e5pent, universelt utformet og har gode sikkerhetstiltak [&hellip;]","og_url":"https:\/\/blaakors.no\/krisesenteret\/","og_site_name":"Krise- og incestsenter","article_modified_time":"2025-05-09T08:41:20+00:00","og_image":[{"width":1382,"height":922,"url":"https:\/\/blaakors.no\/krisesenteret\/wp-content\/uploads\/sites\/5\/2024\/09\/utendors.jpg","type":"image\/jpeg"}],"twitter_card":"summary_large_image","twitter_misc":{"Ansl. lesetid":"3 minutter"},"schema":{"@context":"https:\/\/schema.org","@graph":[{"@type":"WebPage","@id":"https:\/\/blaakors.no\/krisesenteret\/","url":"https:\/\/blaakors.no\/krisesenteret\/","name":"Krise- og incestsenter - I sentrum st\u00e5r et menneske","isPartOf":{"@id":"https:\/\/blaakors.no\/krisesenteret\/#website"},"primaryImageOfPage":{"@id":"https:\/\/blaakors.no\/krisesenteret\/#primaryimage"},"image":{"@id":"https:\/\/blaakors.no\/krisesenteret\/#primaryimage"},"thumbnailUrl":"https:\/\/blaakors.no\/krisesenteret\/wp-content\/uploads\/sites\/5\/2024\/09\/utendors.jpg","datePublished":"2024-08-26T12:30:27+00:00","dateModified":"2025-05-09T08:41:20+00:00","breadcrumb":{"@id":"https:\/\/blaakors.no\/krisesenteret\/#breadcrumb"},"inLanguage":"nb-NO","potentialAction":[{"@type":"ReadAction","target":["https:\/\/blaakors.no\/krisesenteret\/"]}]},{"@type":"ImageObject","inLanguage":"nb-NO","@id":"https:\/\/blaakors.no\/krisesenteret\/#primaryimage","url":"https:\/\/blaakors.no\/krisesenteret\/wp-content\/uploads\/sites\/5\/2024\/09\/utendors.jpg","contentUrl":"https:\/\/blaakors.no\/krisesenteret\/wp-content\/uploads\/sites\/5\/2024\/09\/utendors.jpg","width":1382,"height":922},{"@type":"BreadcrumbList","@id":"https:\/\/blaakors.no\/krisesenteret\/#breadcrumb","itemListElement":[{"@type":"ListItem","position":1,"name":"Hjem","item":"https:\/\/blaakors.no\/krisesenteret\/"},{"@type":"ListItem","position":2,"name":"Forside"}]},{"@type":"WebSite","@id":"https:\/\/blaakors.no\/krisesenteret\/#website","url":"https:\/\/blaakors.no\/krisesenteret\/","name":"Krise- og incestsenter","description":"I sentrum st\u00e5r et menneske","publisher":{"@id":"https:\/\/blaakors.no\/krisesenteret\/#organization"},"potentialAction":[{"@type":"SearchAction","target":{"@type":"EntryPoint","urlTemplate":"https:\/\/blaakors.no\/krisesenteret\/?s={search_term_string}"},"query-input":{"@type":"PropertyValueSpecification","valueRequired":true,"valueName":"search_term_string"}}],"inLanguage":"nb-NO"},{"@type":"Organization","@id":"https:\/\/blaakors.no\/krisesenteret\/#organization","name":"Krise- og incestsenter","url":"https:\/\/blaakors.no\/krisesenteret\/","logo":{"@type":"ImageObject","inLanguage":"nb-NO","@id":"https:\/\/blaakors.no\/krisesenteret\/#\/schema\/logo\/image\/","url":"https:\/\/blaakors.no\/krisesenteret\/wp-content\/uploads\/sites\/5\/2024\/10\/Bla-kors-logo-fredrikstad.svg","contentUrl":"https:\/\/blaakors.no\/krisesenteret\/wp-content\/uploads\/sites\/5\/2024\/10\/Bla-kors-logo-fredrikstad.svg","caption":"Krise- og incestsenter"},"image":{"@id":"https:\/\/blaakors.no\/krisesenteret\/#\/schema\/logo\/image\/"}}]}},"_links":{"self":[{"href":"https:\/\/blaakors.no\/krisesenteret\/wp-json\/wp\/v2\/pages\/5","targetHints":{"allow":["GET"]}}],"collection":[{"href":"https:\/\/blaakors.no\/krisesenteret\/wp-json\/wp\/v2\/pages"}],"about":[{"href":"https:\/\/blaakors.no\/krisesenteret\/wp-json\/wp\/v2\/types\/page"}],"author":[{"embeddable":true,"href":"https:\/\/blaakors.no\/krisesenteret\/wp-json\/wp\/v2\/users\/1"}],"replies":[{"embeddable":true,"href":"https:\/\/blaakors.no\/krisesenteret\/wp-json\/wp\/v2\/comments?post=5"}],"version-history":[{"count":66,"href":"https:\/\/blaakors.no\/krisesenteret\/wp-json\/wp\/v2\/pages\/5\/revisions"}],"predecessor-version":[{"id":579,"href":"https:\/\/blaakors.no\/krisesenteret\/wp-json\/wp\/v2\/pages\/5\/revisions\/579"}],"wp:featuredmedia":[{"embeddable":true,"href":"https:\/\/blaakors.no\/krisesenteret\/wp-json\/wp\/v2\/media\/212"}],"wp:attachment":[{"href":"https:\/\/blaakors.no\/krisesenteret\/wp-json\/wp\/v2\/media?parent=5"}],"curies":[{"name":"wp","href":"https:\/\/api.w.org\/{rel}","templated":true}]}}